{"id":195585,"date":"2025-12-23T22:51:47","date_gmt":"2025-12-23T19:51:47","guid":{"rendered":"https:\/\/baldumarket.lt\/product\/szafka-stolik-komoda-rtv-153-lars-antracyt\/"},"modified":"2026-03-23T16:10:46","modified_gmt":"2026-03-23T13:10:46","slug":"szafka-stolik-komoda-rtv-153-lars-antracyt","status":"publish","type":"product","link":"https:\/\/baldumarket.lt\/lt\/product\/szafka-stolik-komoda-rtv-153-lars-antracyt\/","title":{"rendered":"TV spintel\u0117, staliukas, komoda, 153 Lars antracitas"},"content":{"rendered":"<p>\u201eLars\u201c kolekcija buvo sukurta atsi\u017evelgiant \u012f dabartines tendencijas \u2013 auk\u0161tos, juodos kojel\u0117s, geometrin\u0117 forma ir spalva pabr\u0117\u017eia elegancij\u0105 ir modern\u0173 stili\u0173.<br \/>\nSpecifikacijos:<br \/>\nKorpusas: E05 laminuota med\u017eio dro\u017eli\u0173 plok\u0161t\u0117, 16 mm<br \/>\nKorpuso spalva: antracito<br \/>\nPriekin\u0117 dalis: E05 laminuota med\u017eio dro\u017eli\u0173 plok\u0161t\u0117, 16 mm<br \/>\nPriekin\u0117s dalies spalva: antracitas<br \/>\nHDF: grafitas<br \/>\nBriauna: ABS, atitinkanti lentos spalv\u0105 + auksas<br \/>\nRankena: pritvirtinta prie kra\u0161to, auksin\u0117<br \/>\nKojel\u0117s: metalin\u0117s, juodos \u2013 auk\u0161tis 15 cm<br \/>\nVyriai: \u012fleid\u017eiami \/ dvigubi<br \/>\nStal\u010di\u0173 b\u0117geliai: su rutuliniais guoliais, pilno i\u0161traukimo<br \/>\nHDF stal\u010di\u0173 b\u0117geliai: grafitas<br \/>\nLED ap\u0161vietimas: n\u0117ra<br \/>\nLars 153 TV spintel\u0117\/staliukas\/indauja \u2013 turi dvi spinteles ir dvi ni\u0161as \u012frangai.<\/p>","protected":false},"excerpt":{"rendered":"<p>Plotis [cm] 153,1<br \/>\n\u016agis [cm] 53,4<br \/>\ngylis [cm] 39,5<\/p>","protected":false},"featured_media":195586,"comment_status":"open","ping_status":"open","template":"","meta":[],"product_brand":[],"product_cat":[9656,5570],"product_tag":[],"class_list":{"0":"post-195585","1":"product","2":"type-product","3":"status-publish","4":"has-post-thumbnail","6":"product_cat-furniture-system-lars-laski","7":"product_cat-laski-meble","9":"first","10":"instock","11":"purchasable","12":"product-type-simple"},"_links":{"self":[{"href":"https:\/\/baldumarket.lt\/lt\/wp-json\/wp\/v2\/product\/195585","targetHints":{"allow":["GET"]}}],"collection":[{"href":"https:\/\/baldumarket.lt\/lt\/wp-json\/wp\/v2\/product"}],"about":[{"href":"https:\/\/baldumarket.lt\/lt\/wp-json\/wp\/v2\/types\/product"}],"replies":[{"embeddable":true,"href":"https:\/\/baldumarket.lt\/lt\/wp-json\/wp\/v2\/comments?post=195585"}],"wp:featuredmedia":[{"embeddable":true,"href":"https:\/\/baldumarket.lt\/lt\/wp-json\/wp\/v2\/media\/195586"}],"wp:attachment":[{"href":"https:\/\/baldumarket.lt\/lt\/wp-json\/wp\/v2\/media?parent=195585"}],"wp:term":[{"taxonomy":"product_brand","embeddable":true,"href":"https:\/\/baldumarket.lt\/lt\/wp-json\/wp\/v2\/product_brand?post=195585"},{"taxonomy":"product_cat","embeddable":true,"href":"https:\/\/baldumarket.lt\/lt\/wp-json\/wp\/v2\/product_cat?post=195585"},{"taxonomy":"product_tag","embeddable":true,"href":"https:\/\/baldumarket.lt\/lt\/wp-json\/wp\/v2\/product_tag?post=195585"}],"curies":[{"name":"wp","href":"https:\/\/api.w.org\/{rel}","templated":true}]}}