{"id":195406,"date":"2025-12-23T22:45:39","date_gmt":"2025-12-23T19:45:39","guid":{"rendered":"https:\/\/baldumarket.lt\/product\/szafka-nocna-z-szufladami-2s-veris\/"},"modified":"2026-03-23T16:11:10","modified_gmt":"2026-03-23T13:11:10","slug":"szafka-nocna-z-szufladami-2s-veris","status":"publish","type":"product","link":"https:\/\/baldumarket.lt\/lt\/product\/szafka-nocna-z-szufladami-2s-veris\/","title":{"rendered":"\u201eVeris 2S\u201c naktinis staliukas su stal\u010diais"},"content":{"rendered":"<p>\u201eVeris\u201c kolekcija pasi\u017eymi unikaliu ir moderniu dizainu, tod\u0117l puikiai tinka bet kokiam interjerui, ne tik pal\u0117pei.<br \/>\nSpecifikacijos:<br \/>\nKorpusas: E05 laminuota med\u017eio dro\u017eli\u0173 plok\u0161t\u0117, 16 mm + apvali MDF juostel\u0117 \u0161onuose + grioveliais i\u0161d\u0117liotas 18 mm MDF \u012fd\u0117klas<br \/>\nKorpuso spalva: Dunin \u0105\u017euolas + juoda<br \/>\nPriekin\u0117 dalis: E05 laminuota med\u017eio dro\u017eli\u0173 plok\u0161t\u0117, 16 mm<br \/>\nPriekin\u0117s dalies spalva: Dunin Oak<br \/>\nHDF: atitinka Dunin Oak<br \/>\nBriauna: ABS, atitinkanti lentos spalv\u0105<br \/>\nRankena: juodas metalas<br \/>\nKojel\u0117s: juodas metalas<br \/>\nVyriai: dvigubi, lygiagret\u016bs<br \/>\nStal\u010di\u0173 b\u0117geliai: su rutuliniais guoliais, pilno i\u0161traukimo<br \/>\nHDF stal\u010di\u0173 b\u0117geliai: dera su \u201eDunin Oak\u201c<\/p>","protected":false},"excerpt":{"rendered":"<p>Plotis [cm] 63,2<br \/>\n\u016agis [cm] 55,3<br \/>\ngylis [cm] 38<\/p>","protected":false},"featured_media":195407,"comment_status":"open","ping_status":"open","template":"","meta":[],"product_brand":[],"product_cat":[9642,5570],"product_tag":[],"class_list":{"0":"post-195406","1":"product","2":"type-product","3":"status-publish","4":"has-post-thumbnail","6":"product_cat-furniture-system-veris-laski","7":"product_cat-laski-meble","9":"first","10":"instock","11":"purchasable","12":"product-type-simple"},"_links":{"self":[{"href":"https:\/\/baldumarket.lt\/lt\/wp-json\/wp\/v2\/product\/195406","targetHints":{"allow":["GET"]}}],"collection":[{"href":"https:\/\/baldumarket.lt\/lt\/wp-json\/wp\/v2\/product"}],"about":[{"href":"https:\/\/baldumarket.lt\/lt\/wp-json\/wp\/v2\/types\/product"}],"replies":[{"embeddable":true,"href":"https:\/\/baldumarket.lt\/lt\/wp-json\/wp\/v2\/comments?post=195406"}],"wp:featuredmedia":[{"embeddable":true,"href":"https:\/\/baldumarket.lt\/lt\/wp-json\/wp\/v2\/media\/195407"}],"wp:attachment":[{"href":"https:\/\/baldumarket.lt\/lt\/wp-json\/wp\/v2\/media?parent=195406"}],"wp:term":[{"taxonomy":"product_brand","embeddable":true,"href":"https:\/\/baldumarket.lt\/lt\/wp-json\/wp\/v2\/product_brand?post=195406"},{"taxonomy":"product_cat","embeddable":true,"href":"https:\/\/baldumarket.lt\/lt\/wp-json\/wp\/v2\/product_cat?post=195406"},{"taxonomy":"product_tag","embeddable":true,"href":"https:\/\/baldumarket.lt\/lt\/wp-json\/wp\/v2\/product_tag?post=195406"}],"curies":[{"name":"wp","href":"https:\/\/api.w.org\/{rel}","templated":true}]}}