{"id":195390,"date":"2025-12-23T22:45:16","date_gmt":"2025-12-23T19:45:16","guid":{"rendered":"https:\/\/baldumarket.lt\/product\/szafka-nocna-tavo-2s-ryflowane-fronty-cremona\/"},"modified":"2026-03-23T16:11:10","modified_gmt":"2026-03-23T13:11:10","slug":"szafka-nocna-tavo-2s-ryflowane-fronty-cremona","status":"publish","type":"product","link":"https:\/\/baldumarket.lt\/lt\/product\/szafka-nocna-tavo-2s-ryflowane-fronty-cremona\/","title":{"rendered":"Tavo 2S naktinis staliukas su grioveliais priekiais, kremonos spalvos"},"content":{"rendered":"<p>\u201eTavo\u201c naktinis staliukas buvo sukurtas atsi\u017evelgiant \u012f dabartines tendencijas \u2013 auk\u0161tos kojel\u0117s, geometrin\u0117 forma ir spalva pabr\u0117\u017eia elegancij\u0105 ir skandinavi\u0161k\u0105 stili\u0173.<br \/>\nSpecifikacijos:<br \/>\nKorpusas: 16 mm E05 laminuota med\u017eio dro\u017eli\u0173 plok\u0161t\u0117<br \/>\nKorpuso spalva: Kremonos \u0105\u017euolas<br \/>\nPriekin\u0117 dalis: 18 mm grioveliais i\u0161marginta MDF plok\u0161t\u0117 + 16 mm laminuota med\u017eio dro\u017eli\u0173 plok\u0161t\u0117<br \/>\nPriekin\u0117s dalies spalva: Kremonos \u0105\u017euolas<br \/>\nHDF: Sonoma \u0105\u017euolas<br \/>\nBriauna: ABS, atitinkanti lentos spalv\u0105<br \/>\nRankena: n\u0117ra, atidaroma spustel\u0117jus<br \/>\nKojel\u0117s: medin\u0117s<br \/>\nVyriai: \u012fleid\u017eiami \/ dvigubi<br \/>\nStal\u010di\u0173 b\u0117geliai: su rutuliniais guoliais, pilno i\u0161traukimo<br \/>\nHDF stal\u010di\u0173 b\u0117geliai: Sonoma \u0105\u017euolas<\/p>","protected":false},"excerpt":{"rendered":"<p>Plotis [cm] 53,5<br \/>\n\u016agis [cm] 55<br \/>\ngylis [cm] 39,5<\/p>","protected":false},"featured_media":195391,"comment_status":"open","ping_status":"open","template":"","meta":[],"product_brand":[],"product_cat":[9657,5570],"product_tag":[],"class_list":{"0":"post-195390","1":"product","2":"type-product","3":"status-publish","4":"has-post-thumbnail","6":"product_cat-furniture-system-tavo-laski","7":"product_cat-laski-meble","9":"first","10":"instock","11":"purchasable","12":"product-type-simple"},"_links":{"self":[{"href":"https:\/\/baldumarket.lt\/lt\/wp-json\/wp\/v2\/product\/195390","targetHints":{"allow":["GET"]}}],"collection":[{"href":"https:\/\/baldumarket.lt\/lt\/wp-json\/wp\/v2\/product"}],"about":[{"href":"https:\/\/baldumarket.lt\/lt\/wp-json\/wp\/v2\/types\/product"}],"replies":[{"embeddable":true,"href":"https:\/\/baldumarket.lt\/lt\/wp-json\/wp\/v2\/comments?post=195390"}],"wp:featuredmedia":[{"embeddable":true,"href":"https:\/\/baldumarket.lt\/lt\/wp-json\/wp\/v2\/media\/195391"}],"wp:attachment":[{"href":"https:\/\/baldumarket.lt\/lt\/wp-json\/wp\/v2\/media?parent=195390"}],"wp:term":[{"taxonomy":"product_brand","embeddable":true,"href":"https:\/\/baldumarket.lt\/lt\/wp-json\/wp\/v2\/product_brand?post=195390"},{"taxonomy":"product_cat","embeddable":true,"href":"https:\/\/baldumarket.lt\/lt\/wp-json\/wp\/v2\/product_cat?post=195390"},{"taxonomy":"product_tag","embeddable":true,"href":"https:\/\/baldumarket.lt\/lt\/wp-json\/wp\/v2\/product_tag?post=195390"}],"curies":[{"name":"wp","href":"https:\/\/api.w.org\/{rel}","templated":true}]}}