{"id":195384,"date":"2025-12-23T22:45:03","date_gmt":"2025-12-23T19:45:03","guid":{"rendered":"https:\/\/baldumarket.lt\/product\/szafka-nocna-stoliki-z-lamelami-tally-2-sztuki-z-oswietleniem\/"},"modified":"2026-03-23T16:11:10","modified_gmt":"2026-03-23T13:11:10","slug":"szafka-nocna-stoliki-z-lamelami-tally-2-sztuki-z-oswietleniem","status":"publish","type":"product","link":"https:\/\/baldumarket.lt\/lt\/product\/szafka-nocna-stoliki-z-lamelami-tally-2-sztuki-z-oswietleniem\/","title":{"rendered":"Tally naktinis staliukas su grotel\u0117mis \u2013 2 dalys su ap\u0161vietimu"},"content":{"rendered":"<p>\u201eTally\u201c kolekcija pasi\u017eymi unikaliu ir moderniu dizainu, tod\u0117l puikiai tinka bet kokiam interjerui, ne tik pal\u0117pei.<br \/>\nSpecifikacijos:<br \/>\nKorpusas: E05 laminuota med\u017eio dro\u017eli\u0173 plok\u0161t\u0117, 16 mm<br \/>\nKorpuso spalva: Artisan \u0105\u017euolas<br \/>\nPriekin\u0117 dalis: E05 laminuota med\u017eio dro\u017eli\u0173 plok\u0161t\u0117, 16 mm<br \/>\nPriekin\u0117s dalies spalva: Artisan \u0105\u017euolas + antracitas<br \/>\nBriauna: ABS, atitinkanti lentos spalv\u0105<br \/>\nRankena: metalin\u0117, matin\u0117s juodos spalvos<br \/>\nKojel\u0117s: metalin\u0117s, juodos<br \/>\nVyriai: \u012fleid\u017eiami \/ dvigubi<br \/>\nStal\u010di\u0173 b\u0117geliai: su rutuliniais guoliais, pilno i\u0161traukimo<br \/>\n\u012etrauktas LED ap\u0161vietimas<br \/>\nPapildoma informacija: lovos laikymo vieta, apmu\u0161tas galv\u016bgalis, MDF lentjuost\u0117s<br \/>\n\u201eTally\u201c naktinis staliukas \u2013 2 dalys \u2013 su stal\u010diumi ir ap\u0161vietimu.<br \/>\nPagal nuotrauk\u0105 \u2013 stalus reikia pritvirtinti prie sienos arba lovos r\u0117mo.<\/p>","protected":false},"excerpt":{"rendered":"<p>Plotis [cm] 50,4<br \/>\n\u016agis [cm] 104<br \/>\ngylis [cm] 39,6<\/p>","protected":false},"featured_media":195385,"comment_status":"open","ping_status":"open","template":"","meta":[],"product_brand":[],"product_cat":[9647,5570],"product_tag":[],"class_list":{"0":"post-195384","1":"product","2":"type-product","3":"status-publish","4":"has-post-thumbnail","6":"product_cat-furniture-system-tally-laski","7":"product_cat-laski-meble","9":"first","10":"instock","11":"purchasable","12":"product-type-simple"},"_links":{"self":[{"href":"https:\/\/baldumarket.lt\/lt\/wp-json\/wp\/v2\/product\/195384","targetHints":{"allow":["GET"]}}],"collection":[{"href":"https:\/\/baldumarket.lt\/lt\/wp-json\/wp\/v2\/product"}],"about":[{"href":"https:\/\/baldumarket.lt\/lt\/wp-json\/wp\/v2\/types\/product"}],"replies":[{"embeddable":true,"href":"https:\/\/baldumarket.lt\/lt\/wp-json\/wp\/v2\/comments?post=195384"}],"wp:featuredmedia":[{"embeddable":true,"href":"https:\/\/baldumarket.lt\/lt\/wp-json\/wp\/v2\/media\/195385"}],"wp:attachment":[{"href":"https:\/\/baldumarket.lt\/lt\/wp-json\/wp\/v2\/media?parent=195384"}],"wp:term":[{"taxonomy":"product_brand","embeddable":true,"href":"https:\/\/baldumarket.lt\/lt\/wp-json\/wp\/v2\/product_brand?post=195384"},{"taxonomy":"product_cat","embeddable":true,"href":"https:\/\/baldumarket.lt\/lt\/wp-json\/wp\/v2\/product_cat?post=195384"},{"taxonomy":"product_tag","embeddable":true,"href":"https:\/\/baldumarket.lt\/lt\/wp-json\/wp\/v2\/product_tag?post=195384"}],"curies":[{"name":"wp","href":"https:\/\/api.w.org\/{rel}","templated":true}]}}