{"id":195369,"date":"2025-12-23T22:44:29","date_gmt":"2025-12-23T19:44:29","guid":{"rendered":"https:\/\/baldumarket.lt\/product\/szafka-nocna-stoliki-loftowe-z-oswietleniem-baltic-2-sztuki\/"},"modified":"2026-03-23T16:11:10","modified_gmt":"2026-03-23T13:11:10","slug":"szafka-nocna-stoliki-loftowe-z-oswietleniem-baltic-2-sztuki","status":"publish","type":"product","link":"https:\/\/baldumarket.lt\/lt\/product\/szafka-nocna-stoliki-loftowe-z-oswietleniem-baltic-2-sztuki\/","title":{"rendered":"\u201eBaltic Loft\u201c naktiniai staleliai su ap\u0161vietimu \u2013 2 vnt"},"content":{"rendered":"<p>\u201eBaltic\u201c kolekcija pasi\u017eymi unikaliu ir moderniu dizainu, tod\u0117l puikiai tinka bet kokiam interjerui, ne tik pal\u0117pei.<br \/>\nSpecifikacijos:<br \/>\nKorpusas: E05 laminuota med\u017eio dro\u017eli\u0173 plok\u0161t\u0117, 16 mm<br \/>\nKorpuso spalva: Baltijos \u0105\u017euolas<br \/>\nPriekin\u0117 dalis: E05 laminuota med\u017eio dro\u017eli\u0173 plok\u0161t\u0117, 16 mm + 18 mm MDF<br \/>\nPriekin\u0117s dalies spalva: Baltijos \u0105\u017euolas + juoda<br \/>\nHDF: auksinis \u0105\u017euolas<br \/>\nApvadas: ABS, derantis prie lentos<br \/>\nRankena: juodas metalas<br \/>\nKojel\u0117s: juodas metalas<br \/>\nVyriai: su \u0161velniu u\u017edarymu, u\u017ededami\/dvigubi<br \/>\nStal\u010di\u0173 b\u0117geliai: su rutuliniais guoliais, pilno i\u0161traukimo, su \u0161velniu u\u017edarymu<br \/>\nHDF stal\u010diai: auksinis \u0105\u017euolas<br \/>\nLED ap\u0161vietimas: naktiniuose staliukuose (\u012f komplekt\u0105 \u012feina), spintoje (neb\u016btina)<br \/>\nBaltic naktinis staliukas \u2013 2 dali\u0173 \u2013 su stal\u010diumi ir ap\u0161vietimu.<br \/>\nKaip parodyta nuotraukoje \u2013 stalai turi b\u016bti pritvirtinti prie sienos arba lovos r\u0117mo.<\/p>","protected":false},"excerpt":{"rendered":"<p>plotis [cm] 50,4 + 50,4<br \/>\n\u016agis [cm] 102<br \/>\ngylis [cm] 39,6<\/p>","protected":false},"featured_media":195370,"comment_status":"open","ping_status":"open","template":"","meta":[],"product_brand":[],"product_cat":[9655,5570],"product_tag":[],"class_list":{"0":"post-195369","1":"product","2":"type-product","3":"status-publish","4":"has-post-thumbnail","6":"product_cat-furniture-system-baltic-laski","7":"product_cat-laski-meble","9":"first","10":"instock","11":"purchasable","12":"product-type-simple"},"_links":{"self":[{"href":"https:\/\/baldumarket.lt\/lt\/wp-json\/wp\/v2\/product\/195369","targetHints":{"allow":["GET"]}}],"collection":[{"href":"https:\/\/baldumarket.lt\/lt\/wp-json\/wp\/v2\/product"}],"about":[{"href":"https:\/\/baldumarket.lt\/lt\/wp-json\/wp\/v2\/types\/product"}],"replies":[{"embeddable":true,"href":"https:\/\/baldumarket.lt\/lt\/wp-json\/wp\/v2\/comments?post=195369"}],"wp:featuredmedia":[{"embeddable":true,"href":"https:\/\/baldumarket.lt\/lt\/wp-json\/wp\/v2\/media\/195370"}],"wp:attachment":[{"href":"https:\/\/baldumarket.lt\/lt\/wp-json\/wp\/v2\/media?parent=195369"}],"wp:term":[{"taxonomy":"product_brand","embeddable":true,"href":"https:\/\/baldumarket.lt\/lt\/wp-json\/wp\/v2\/product_brand?post=195369"},{"taxonomy":"product_cat","embeddable":true,"href":"https:\/\/baldumarket.lt\/lt\/wp-json\/wp\/v2\/product_cat?post=195369"},{"taxonomy":"product_tag","embeddable":true,"href":"https:\/\/baldumarket.lt\/lt\/wp-json\/wp\/v2\/product_tag?post=195369"}],"curies":[{"name":"wp","href":"https:\/\/api.w.org\/{rel}","templated":true}]}}