{"id":195337,"date":"2025-12-23T22:43:31","date_gmt":"2025-12-23T19:43:31","guid":{"rendered":"https:\/\/baldumarket.lt\/product\/szafa-z-szufladami-i-lustrami-ryflowane-wstawki-220-baltic\/"},"modified":"2026-03-23T16:11:17","modified_gmt":"2026-03-23T13:11:17","slug":"szafa-z-szufladami-i-lustrami-ryflowane-wstawki-220-baltic","status":"publish","type":"product","link":"https:\/\/baldumarket.lt\/lt\/product\/szafa-z-szufladami-i-lustrami-ryflowane-wstawki-220-baltic\/","title":{"rendered":"Spinta su stal\u010diais ir veidrod\u017eiais, grioveliais \u012fd\u0117klais 220 Baltic"},"content":{"rendered":"<p>\u201eBaltic\u201c kolekcija pasi\u017eymi unikaliu ir moderniu dizainu, tod\u0117l puikiai tinka bet kokiam interjerui, ne tik pal\u0117pei.<br \/>\nSpecifikacijos:<br \/>\nKorpusas: E05 laminuota med\u017eio dro\u017eli\u0173 plok\u0161t\u0117, 16 mm<br \/>\nKorpuso spalva: Baltijos \u0105\u017euolas<br \/>\nPriekin\u0117 dalis: E05 laminuota med\u017eio dro\u017eli\u0173 plok\u0161t\u0117, 16 mm + 18 mm MDF<br \/>\nPriekin\u0117s dalies spalva: Baltijos \u0105\u017euolas + juoda<br \/>\nHDF: auksinis \u0105\u017euolas<br \/>\nApvadas: ABS, derantis prie lentos<br \/>\nRankena: juodas metalas<br \/>\nKojel\u0117s: juodas metalas<br \/>\nVyriai: su \u0161velniu u\u017edarymu, u\u017ededami\/dvigubi<br \/>\nStal\u010di\u0173 b\u0117geliai: su rutuliniais guoliais, pilno i\u0161traukimo, su \u0161velniu u\u017edarymu<br \/>\nHDF stal\u010diai: auksinis \u0105\u017euolas<br \/>\nLED ap\u0161vietimas: naktiniuose staliukuose (\u012f komplekt\u0105 \u012feina), spintoje (neb\u016btina)<br \/>\n\u201eBaltic loft\u201c stiliaus spinta \u2013 komplekte yra pakaba pakabinimui, stal\u010diai ir lentynos.<\/p>","protected":false},"excerpt":{"rendered":"<p>Plotis [cm] 223,2<br \/>\n\u016agis [cm] 210<br \/>\ngylis [cm] 59<\/p>","protected":false},"featured_media":195338,"comment_status":"open","ping_status":"open","template":"","meta":[],"product_brand":[],"product_cat":[9655,5570],"product_tag":[],"class_list":{"0":"post-195337","1":"product","2":"type-product","3":"status-publish","4":"has-post-thumbnail","6":"product_cat-furniture-system-baltic-laski","7":"product_cat-laski-meble","9":"first","10":"instock","11":"purchasable","12":"product-type-simple"},"_links":{"self":[{"href":"https:\/\/baldumarket.lt\/lt\/wp-json\/wp\/v2\/product\/195337","targetHints":{"allow":["GET"]}}],"collection":[{"href":"https:\/\/baldumarket.lt\/lt\/wp-json\/wp\/v2\/product"}],"about":[{"href":"https:\/\/baldumarket.lt\/lt\/wp-json\/wp\/v2\/types\/product"}],"replies":[{"embeddable":true,"href":"https:\/\/baldumarket.lt\/lt\/wp-json\/wp\/v2\/comments?post=195337"}],"wp:featuredmedia":[{"embeddable":true,"href":"https:\/\/baldumarket.lt\/lt\/wp-json\/wp\/v2\/media\/195338"}],"wp:attachment":[{"href":"https:\/\/baldumarket.lt\/lt\/wp-json\/wp\/v2\/media?parent=195337"}],"wp:term":[{"taxonomy":"product_brand","embeddable":true,"href":"https:\/\/baldumarket.lt\/lt\/wp-json\/wp\/v2\/product_brand?post=195337"},{"taxonomy":"product_cat","embeddable":true,"href":"https:\/\/baldumarket.lt\/lt\/wp-json\/wp\/v2\/product_cat?post=195337"},{"taxonomy":"product_tag","embeddable":true,"href":"https:\/\/baldumarket.lt\/lt\/wp-json\/wp\/v2\/product_tag?post=195337"}],"curies":[{"name":"wp","href":"https:\/\/api.w.org\/{rel}","templated":true}]}}