{"id":195330,"date":"2025-12-23T22:43:15","date_gmt":"2025-12-23T19:43:15","guid":{"rendered":"https:\/\/baldumarket.lt\/product\/szafa-trojwymiarowa-3d-230-cm\/"},"modified":"2026-03-23T16:11:17","modified_gmt":"2026-03-23T13:11:17","slug":"szafa-trojwymiarowa-3d-230-cm","status":"publish","type":"product","link":"https:\/\/baldumarket.lt\/lt\/product\/szafa-trojwymiarowa-3d-230-cm\/","title":{"rendered":"3D trimat\u0117 spinta \u2013 230 cm"},"content":{"rendered":"<p>Kiekviena 3D sistemos dalis buvo kruop\u0161\u010diai sukurta atsi\u017evelgiant \u012f estetik\u0105 ir funkcionalum\u0105. Sistema i\u0161siskiria unikalia forma ir kruop\u0161\u010diai parinktomis spalvomis.<br \/>\nPapildoma informacija:<br \/>\nPriekin\u0117 dalis \/ Korpusas: E05 laminuota med\u017eio dro\u017eli\u0173 plok\u0161t\u0117: 16 mm<br \/>\nBriauna: ABS<br \/>\nRankena: atidarymo stumiant sistema<br \/>\nSpalva: balta + auksin\u0117 rankdarbi\u0173 \u0105\u017euolo<br \/>\n3D spinta \u2013 turi standartin\u012f pakabinimo karniz\u0105, priekyje traukiam\u0105 pakabinimo karniz\u0105, daugyb\u0119 lentyn\u0173 ir du papildomus stal\u010dius.<br \/>\nSpintos priekin\u0117je pus\u0117je yra veidrodis.<\/p>","protected":false},"excerpt":{"rendered":"<p>Spintos spalva: balta + auksin\u0117<br \/>\nPlo\u010dio diapazonas: 230<br \/>\nDrabu\u017ei\u0173 spintos stilius: modernus<br \/>\nPlotis [cm] 230<br \/>\n\u016agis [cm] 218<br \/>\nGylis [cm] 51,6<\/p>","protected":false},"featured_media":195331,"comment_status":"open","ping_status":"open","template":"","meta":[],"product_brand":[],"product_cat":[9641,5570],"product_tag":[],"class_list":{"0":"post-195330","1":"product","2":"type-product","3":"status-publish","4":"has-post-thumbnail","6":"product_cat-furniture-system-muti-laski","7":"product_cat-laski-meble","9":"first","10":"instock","11":"purchasable","12":"product-type-simple"},"_links":{"self":[{"href":"https:\/\/baldumarket.lt\/lt\/wp-json\/wp\/v2\/product\/195330","targetHints":{"allow":["GET"]}}],"collection":[{"href":"https:\/\/baldumarket.lt\/lt\/wp-json\/wp\/v2\/product"}],"about":[{"href":"https:\/\/baldumarket.lt\/lt\/wp-json\/wp\/v2\/types\/product"}],"replies":[{"embeddable":true,"href":"https:\/\/baldumarket.lt\/lt\/wp-json\/wp\/v2\/comments?post=195330"}],"wp:featuredmedia":[{"embeddable":true,"href":"https:\/\/baldumarket.lt\/lt\/wp-json\/wp\/v2\/media\/195331"}],"wp:attachment":[{"href":"https:\/\/baldumarket.lt\/lt\/wp-json\/wp\/v2\/media?parent=195330"}],"wp:term":[{"taxonomy":"product_brand","embeddable":true,"href":"https:\/\/baldumarket.lt\/lt\/wp-json\/wp\/v2\/product_brand?post=195330"},{"taxonomy":"product_cat","embeddable":true,"href":"https:\/\/baldumarket.lt\/lt\/wp-json\/wp\/v2\/product_cat?post=195330"},{"taxonomy":"product_tag","embeddable":true,"href":"https:\/\/baldumarket.lt\/lt\/wp-json\/wp\/v2\/product_tag?post=195330"}],"curies":[{"name":"wp","href":"https:\/\/api.w.org\/{rel}","templated":true}]}}