{"id":195309,"date":"2025-12-23T22:42:09","date_gmt":"2025-12-23T19:42:09","guid":{"rendered":"https:\/\/baldumarket.lt\/product\/szafa-arco-220-bialy-polysk\/"},"modified":"2026-03-23T16:11:25","modified_gmt":"2026-03-23T13:11:25","slug":"szafa-arco-220-bialy-polysk","status":"publish","type":"product","link":"https:\/\/baldumarket.lt\/lt\/product\/szafa-arco-220-bialy-polysk\/","title":{"rendered":"Arco 220 spinta \u2013 balta blizgi"},"content":{"rendered":"<p>Kiekvienas \u201eArco\u201c sistemos elementas yra kruop\u0161\u010diai sukurtas atsi\u017evelgiant \u012f estetik\u0105 ir funkcionalum\u0105. Sistema i\u0161siskiria unikalia forma ir kruop\u0161\u010diai parinktomis spalvomis.<br \/>\nPapildoma informacija:<br \/>\nBaldai pagaminti i\u0161 16 mm laminuotos plok\u0161t\u0117s.<br \/>\nKra\u0161tai apdirbti patvariu ABS luk\u0161tu, atspariu kasdieniam d\u0117v\u0117jimuisi.<br \/>\nLED ap\u0161vietimas galimas u\u017e papildom\u0105 mokest\u012f.<br \/>\nSpalvos:<br \/>\nBalta + an\u016bko \u0105\u017euolas + blizgi balta<\/p>","protected":false},"excerpt":{"rendered":"<p>Plotis [cm] 220<br \/>\n\u016agis [cm] 202,4<br \/>\ngylis [cm] 54<\/p>","protected":false},"featured_media":195310,"comment_status":"open","ping_status":"open","template":"","meta":[],"product_brand":[],"product_cat":[9649,5570],"product_tag":[],"class_list":{"0":"post-195309","1":"product","2":"type-product","3":"status-publish","4":"has-post-thumbnail","6":"product_cat-furniture-system-arco-laski","7":"product_cat-laski-meble","9":"first","10":"instock","11":"purchasable","12":"product-type-simple"},"_links":{"self":[{"href":"https:\/\/baldumarket.lt\/lt\/wp-json\/wp\/v2\/product\/195309","targetHints":{"allow":["GET"]}}],"collection":[{"href":"https:\/\/baldumarket.lt\/lt\/wp-json\/wp\/v2\/product"}],"about":[{"href":"https:\/\/baldumarket.lt\/lt\/wp-json\/wp\/v2\/types\/product"}],"replies":[{"embeddable":true,"href":"https:\/\/baldumarket.lt\/lt\/wp-json\/wp\/v2\/comments?post=195309"}],"wp:featuredmedia":[{"embeddable":true,"href":"https:\/\/baldumarket.lt\/lt\/wp-json\/wp\/v2\/media\/195310"}],"wp:attachment":[{"href":"https:\/\/baldumarket.lt\/lt\/wp-json\/wp\/v2\/media?parent=195309"}],"wp:term":[{"taxonomy":"product_brand","embeddable":true,"href":"https:\/\/baldumarket.lt\/lt\/wp-json\/wp\/v2\/product_brand?post=195309"},{"taxonomy":"product_cat","embeddable":true,"href":"https:\/\/baldumarket.lt\/lt\/wp-json\/wp\/v2\/product_cat?post=195309"},{"taxonomy":"product_tag","embeddable":true,"href":"https:\/\/baldumarket.lt\/lt\/wp-json\/wp\/v2\/product_tag?post=195309"}],"curies":[{"name":"wp","href":"https:\/\/api.w.org\/{rel}","templated":true}]}}