{"id":195286,"date":"2025-12-23T22:41:08","date_gmt":"2025-12-23T19:41:08","guid":{"rendered":"https:\/\/baldumarket.lt\/product\/szafa-4-drzwiowa-z-lamelami-220-cm-tally\/"},"modified":"2026-03-23T16:11:25","modified_gmt":"2026-03-23T13:11:25","slug":"szafa-4-drzwiowa-z-lamelami-220-cm-tally","status":"publish","type":"product","link":"https:\/\/baldumarket.lt\/lt\/product\/szafa-4-drzwiowa-z-lamelami-220-cm-tally\/","title":{"rendered":"4 dur\u0173 spinta su grotel\u0117mis, 220 cm Tally"},"content":{"rendered":"<p>\u201eTally\u201c kolekcija pasi\u017eymi unikaliu ir moderniu dizainu, tod\u0117l puikiai tinka bet kokiam interjerui, ne tik pal\u0117pei.<br \/>\nSpecifikacijos:<br \/>\nKorpusas: E05 laminuota med\u017eio dro\u017eli\u0173 plok\u0161t\u0117, 16 mm<br \/>\nKorpuso spalva: Artisan \u0105\u017euolas<br \/>\nPriekin\u0117 dalis: E05 laminuota med\u017eio dro\u017eli\u0173 plok\u0161t\u0117, 16 mm<br \/>\nPriekin\u0117s dalies spalva: Artisan \u0105\u017euolas + antracitas<br \/>\nBriauna: ABS, atitinkanti lentos kra\u0161t\u0105<br \/>\nRankena: metalin\u0117, matin\u0117s juodos spalvos<br \/>\nKojel\u0117s: metalin\u0117s, juodos<br \/>\nVyriai: \u012fleid\u017eiami \/ dvigubi<br \/>\nStal\u010di\u0173 b\u0117geliai: su rutuliniais guoliais, pilno i\u0161traukimo<br \/>\nLED ap\u0161vietimas: pasirinktinai (drabu\u017ei\u0173 spinta, naktiniai staleliai)<br \/>\nPapildoma informacija: lovos laikymo vieta, apmu\u0161tas galv\u016bgalis, MDF lentjuost\u0117s<br \/>\n\u201eTally\u201c spinta padalinta \u012f du skyrius \u2013 vien\u0105 su dviem pakabomis, kit\u0105 \u2013 lentynomis. Dviejuose priekyje yra veidrod\u017eiai ir panel\u0117s.<\/p>","protected":false},"excerpt":{"rendered":"<p>Plotis [cm] 220<br \/>\n\u016agis [cm] 210,4<br \/>\ngylis [cm] 60<\/p>","protected":false},"featured_media":195287,"comment_status":"open","ping_status":"open","template":"","meta":[],"product_brand":[],"product_cat":[9647,5570],"product_tag":[],"class_list":{"0":"post-195286","1":"product","2":"type-product","3":"status-publish","4":"has-post-thumbnail","6":"product_cat-furniture-system-tally-laski","7":"product_cat-laski-meble","9":"first","10":"instock","11":"purchasable","12":"product-type-simple"},"_links":{"self":[{"href":"https:\/\/baldumarket.lt\/lt\/wp-json\/wp\/v2\/product\/195286","targetHints":{"allow":["GET"]}}],"collection":[{"href":"https:\/\/baldumarket.lt\/lt\/wp-json\/wp\/v2\/product"}],"about":[{"href":"https:\/\/baldumarket.lt\/lt\/wp-json\/wp\/v2\/types\/product"}],"replies":[{"embeddable":true,"href":"https:\/\/baldumarket.lt\/lt\/wp-json\/wp\/v2\/comments?post=195286"}],"wp:featuredmedia":[{"embeddable":true,"href":"https:\/\/baldumarket.lt\/lt\/wp-json\/wp\/v2\/media\/195287"}],"wp:attachment":[{"href":"https:\/\/baldumarket.lt\/lt\/wp-json\/wp\/v2\/media?parent=195286"}],"wp:term":[{"taxonomy":"product_brand","embeddable":true,"href":"https:\/\/baldumarket.lt\/lt\/wp-json\/wp\/v2\/product_brand?post=195286"},{"taxonomy":"product_cat","embeddable":true,"href":"https:\/\/baldumarket.lt\/lt\/wp-json\/wp\/v2\/product_cat?post=195286"},{"taxonomy":"product_tag","embeddable":true,"href":"https:\/\/baldumarket.lt\/lt\/wp-json\/wp\/v2\/product_tag?post=195286"}],"curies":[{"name":"wp","href":"https:\/\/api.w.org\/{rel}","templated":true}]}}