{"id":195278,"date":"2025-12-23T22:40:51","date_gmt":"2025-12-23T19:40:51","guid":{"rendered":"https:\/\/baldumarket.lt\/product\/szafa-4-drzwiowa-struktura-synchroniczna-220-cm-milton\/"},"modified":"2026-03-23T16:11:25","modified_gmt":"2026-03-23T13:11:25","slug":"szafa-4-drzwiowa-struktura-synchroniczna-220-cm-milton","status":"publish","type":"product","link":"https:\/\/baldumarket.lt\/lt\/product\/szafa-4-drzwiowa-struktura-synchroniczna-220-cm-milton\/","title":{"rendered":"4 dur\u0173 spinta, sinchronin\u0117s konstrukcijos, 220 cm, Milton"},"content":{"rendered":"<p>\u201eMilton\u201c kolekcija pasi\u017eymi unikaliu ir moderniu dizainu, tod\u0117l puikiai tinka bet kokiam interjerui, ne tik pal\u0117pei.<br \/>\nSpecifikacijos:<br \/>\nKorpusas: E05 laminuota med\u017eio dro\u017eli\u0173 plok\u0161t\u0117, 16 mm<br \/>\nKorpuso spalva: ka\u0161tonin\u0117 (sinchronin\u0117 strukt\u016bra)<br \/>\nPriekin\u0117 dalis: E05 laminuota med\u017eio dro\u017eli\u0173 plok\u0161t\u0117, 16 mm<br \/>\nPriekin\u0117s dalies spalva: ka\u0161tonin\u0117 (sinchronin\u0117 strukt\u016bra) + antracitas<br \/>\nHDF: ka\u0161tonas<br \/>\nBriauna: ABS, antracitas<br \/>\nRankena: metalin\u0117, matin\u0117s juodos spalvos<br \/>\nKojel\u0117s: metalin\u0117s, juodos<br \/>\nVyriai: \u012fleid\u017eiami\/dvigubi, su \u0161velniu u\u017edarymu<br \/>\nStal\u010di\u0173 b\u0117geliai: su rutuliniais guoliais, pilno i\u0161traukimo, su \u0161velniu u\u017edarymu<br \/>\nHDF stal\u010diai: ka\u0161tono spalvos<br \/>\nLED ap\u0161vietimas: naktiniai staleliai (\u012fskai\u010diuoti), drabu\u017ei\u0173 spinta (neb\u016btina)<br \/>\nPapildoma informacija: lovos laikymo vieta, apmu\u0161tas galv\u016bgalis<br \/>\nMiltono stiliaus spinta \u2013 padalinta \u012f du skyrius \u2013 centre kabykla spintel\u0117ms, \u0161onuose lentynos ir du papildomi stal\u010diai. Priekyje \u2013 veidrod\u017eiai.<\/p>","protected":false},"excerpt":{"rendered":"<p>Plotis [cm] 223,2<br \/>\n\u016agis [cm] 210<br \/>\ngylis [cm] 59<\/p>","protected":false},"featured_media":195279,"comment_status":"open","ping_status":"open","template":"","meta":[],"product_brand":[],"product_cat":[9648,5570],"product_tag":[],"class_list":{"0":"post-195278","1":"product","2":"type-product","3":"status-publish","4":"has-post-thumbnail","6":"product_cat-furniture-system-milton-laski","7":"product_cat-laski-meble","9":"first","10":"instock","11":"purchasable","12":"product-type-simple"},"_links":{"self":[{"href":"https:\/\/baldumarket.lt\/lt\/wp-json\/wp\/v2\/product\/195278","targetHints":{"allow":["GET"]}}],"collection":[{"href":"https:\/\/baldumarket.lt\/lt\/wp-json\/wp\/v2\/product"}],"about":[{"href":"https:\/\/baldumarket.lt\/lt\/wp-json\/wp\/v2\/types\/product"}],"replies":[{"embeddable":true,"href":"https:\/\/baldumarket.lt\/lt\/wp-json\/wp\/v2\/comments?post=195278"}],"wp:featuredmedia":[{"embeddable":true,"href":"https:\/\/baldumarket.lt\/lt\/wp-json\/wp\/v2\/media\/195279"}],"wp:attachment":[{"href":"https:\/\/baldumarket.lt\/lt\/wp-json\/wp\/v2\/media?parent=195278"}],"wp:term":[{"taxonomy":"product_brand","embeddable":true,"href":"https:\/\/baldumarket.lt\/lt\/wp-json\/wp\/v2\/product_brand?post=195278"},{"taxonomy":"product_cat","embeddable":true,"href":"https:\/\/baldumarket.lt\/lt\/wp-json\/wp\/v2\/product_cat?post=195278"},{"taxonomy":"product_tag","embeddable":true,"href":"https:\/\/baldumarket.lt\/lt\/wp-json\/wp\/v2\/product_tag?post=195278"}],"curies":[{"name":"wp","href":"https:\/\/api.w.org\/{rel}","templated":true}]}}