{"id":195270,"date":"2025-12-23T22:40:37","date_gmt":"2025-12-23T19:40:37","guid":{"rendered":"https:\/\/baldumarket.lt\/product\/szafa-230-xelo-craft-zloty\/"},"modified":"2026-03-23T16:11:25","modified_gmt":"2026-03-23T13:11:25","slug":"szafa-230-xelo-craft-zloty","status":"publish","type":"product","link":"https:\/\/baldumarket.lt\/lt\/product\/szafa-230-xelo-craft-zloty\/","title":{"rendered":"Spinta 230 Xelo &#8211; auksin\u0117 rankdarbi\u0173"},"content":{"rendered":"<p>\u201eXELO\u201c kolekcija \u2013 tai puik\u016bs baldai, norint sukurti tobul\u0105 viet\u0105 miegui ir poilsiui. Raminanti balta spalv\u0173 gama kartu su nat\u016braliu \u0105\u017euolu sukurs magi\u0161k\u0105 atmosfer\u0105 bet kuriame miegamajame.<br \/>\nPapildoma informacija:<br \/>\nBaldai pagaminti i\u0161 16 mm laminuotos plok\u0161t\u0117s.<br \/>\nKra\u0161tai apdirbti patvariu ABS luk\u0161tu, kuris yra atsparus kasdieniam d\u0117v\u0117jimuisi.<br \/>\nBaldo galin\u0117 dalis pagaminta i\u0161 HDF plok\u0161t\u0117s.<br \/>\n140, 185 ir 230 cm plo\u010dio spintos turi HETTICH stumdom\u0105-sulankstom\u0105 sistem\u0105, leid\u017eian\u010di\u0105 durims sulankstyti akordeono formos konfig\u016bracij\u0105.<br \/>\nRankenos pagamintos i\u0161 MDF plok\u0161t\u0117s.<br \/>\nStal\u010diai juda ritininiais b\u0117geliais.<br \/>\nGalima \u012fsigyti papildomai \u012fsigyjam\u0105 LED ap\u0161vietimo juost\u0105 \u2013 ap\u0161vietimo spalva: \u0161iltai balta.<br \/>\nSpintos su LED ap\u0161vietimo juostele matmenys (P x A x G): 229,4 x 215,5 x 229,4 cm. 65<br \/>\n\u00a0<br \/>\nSpalva:<br \/>\nAuksinis amat\u0173 \u0105\u017euolas + balta<\/p>","protected":false},"excerpt":{"rendered":"<p>Plotis [cm] 225<br \/>\n\u016agis [cm] 213,5<br \/>\ngylis [cm] 60<\/p>","protected":false},"featured_media":195271,"comment_status":"open","ping_status":"open","template":"","meta":[],"product_brand":[],"product_cat":[9659,5570],"product_tag":[],"class_list":{"0":"post-195270","1":"product","2":"type-product","3":"status-publish","4":"has-post-thumbnail","6":"product_cat-furniture-system-xelo-laski","7":"product_cat-laski-meble","9":"first","10":"instock","11":"purchasable","12":"product-type-simple"},"_links":{"self":[{"href":"https:\/\/baldumarket.lt\/lt\/wp-json\/wp\/v2\/product\/195270","targetHints":{"allow":["GET"]}}],"collection":[{"href":"https:\/\/baldumarket.lt\/lt\/wp-json\/wp\/v2\/product"}],"about":[{"href":"https:\/\/baldumarket.lt\/lt\/wp-json\/wp\/v2\/types\/product"}],"replies":[{"embeddable":true,"href":"https:\/\/baldumarket.lt\/lt\/wp-json\/wp\/v2\/comments?post=195270"}],"wp:featuredmedia":[{"embeddable":true,"href":"https:\/\/baldumarket.lt\/lt\/wp-json\/wp\/v2\/media\/195271"}],"wp:attachment":[{"href":"https:\/\/baldumarket.lt\/lt\/wp-json\/wp\/v2\/media?parent=195270"}],"wp:term":[{"taxonomy":"product_brand","embeddable":true,"href":"https:\/\/baldumarket.lt\/lt\/wp-json\/wp\/v2\/product_brand?post=195270"},{"taxonomy":"product_cat","embeddable":true,"href":"https:\/\/baldumarket.lt\/lt\/wp-json\/wp\/v2\/product_cat?post=195270"},{"taxonomy":"product_tag","embeddable":true,"href":"https:\/\/baldumarket.lt\/lt\/wp-json\/wp\/v2\/product_tag?post=195270"}],"curies":[{"name":"wp","href":"https:\/\/api.w.org\/{rel}","templated":true}]}}