{"id":195255,"date":"2025-12-23T22:40:11","date_gmt":"2025-12-23T19:40:11","guid":{"rendered":"https:\/\/baldumarket.lt\/product\/sypialnia-zestaw-tally-z-lamelami\/"},"modified":"2026-03-23T16:11:32","modified_gmt":"2026-03-23T13:11:32","slug":"sypialnia-zestaw-tally-z-lamelami","status":"publish","type":"product","link":"https:\/\/baldumarket.lt\/lt\/product\/sypialnia-zestaw-tally-z-lamelami\/","title":{"rendered":"Tally miegamojo komplektas su grotel\u0117mis"},"content":{"rendered":"<p>\u201eTally\u201c kolekcija pasi\u017eymi unikaliu ir moderniu dizainu, tod\u0117l puikiai tinka bet kokiam interjerui, ne tik pal\u0117pei.<br \/>\nSpecifikacijos:<br \/>\nKorpusas: E05 laminuota med\u017eio dro\u017eli\u0173 plok\u0161t\u0117, 16 mm<br \/>\nKorpuso spalva: Artisan \u0105\u017euolas<br \/>\nPriekin\u0117 dalis: E05 laminuota med\u017eio dro\u017eli\u0173 plok\u0161t\u0117, 16 mm<br \/>\nPriekin\u0117s dalies spalva: Artisan \u0105\u017euolas + antracitas<br \/>\nBriauna: ABS, atitinkanti lentos kra\u0161t\u0105<br \/>\nRankena: metalin\u0117, matin\u0117s juodos spalvos<br \/>\nKojel\u0117s: metalin\u0117s, juodos<br \/>\nVyriai: \u012fleid\u017eiami \/ dvigubi<br \/>\nStal\u010di\u0173 b\u0117geliai: su rutuliniais guoliais, pilno i\u0161traukimo<br \/>\nLED ap\u0161vietimas: pasirinktinai (drabu\u017ei\u0173 spinta, naktiniai staleliai)<br \/>\nPapildoma informacija: lovos laikymo vieta, apmu\u0161tas galv\u016bgalis, MDF lentjuost\u0117s<br \/>\n\u012e kain\u0105 \u012fskai\u010diuoti \u0161ie baldai:<br \/>\nKomoda 138 D3S \u2013 137,3 x 81,4 x 39,5 cm \u2013 plotis\/auk\u0161tis\/gylis<br \/>\nLova su daiktad\u0117\u017ee \u2013 163,2\/104\/210 cm \u2013 plotis\/auk\u0161tis\/gylis \u2013 miegamoji dalis 160\/200 cm<br \/>\n4 dur\u0173 spinta \u2013 220\/210,4\/60 cm \u2013 plotis\/auk\u0161tis\/gylis<br \/>\nNaktinis staliukas \u2013 2 vnt. \u2013 50,4\/104\/39,6 cm \u2013 plotis\/auk\u0161tis\/gylis<br \/>\nPapildomas spintos ir naktini\u0173 staleli\u0173 ap\u0161vietimas.<br \/>\nLova \u201eTally\u201c \u2013 su daiktad\u0117\u017ee, apmu\u0161tomis galv\u016bgalio pagalv\u0117mis.<br \/>\nLova be \u010diu\u017einio ir be r\u0117mo (pasirinktinai groteli\u0173 r\u0117mas arba dujinis keltuvas).<br \/>\nMiegamoji erdv\u0117 \u2013 160\/200 cm po \u010diu\u017einiu.<\/p>","protected":false},"excerpt":{"rendered":"<p>The Tally collection features a unique and modern design that makes it a perfect fit for any interior, not just a loft. Specifications: Body: E05 laminated chipboard, 16 mm Body color: Artisan oak Front: E05 laminated chipboard, 16 mm Front color: Artisan oak + anthracite Edge: ABS, matching the board Handle: metal, matte black Legs: [&hellip;]<\/p>","protected":false},"featured_media":195256,"comment_status":"open","ping_status":"open","template":"","meta":[],"product_brand":[],"product_cat":[9647,5570],"product_tag":[],"class_list":{"0":"post-195255","1":"product","2":"type-product","3":"status-publish","4":"has-post-thumbnail","6":"product_cat-furniture-system-tally-laski","7":"product_cat-laski-meble","9":"first","10":"instock","11":"purchasable","12":"product-type-simple"},"_links":{"self":[{"href":"https:\/\/baldumarket.lt\/lt\/wp-json\/wp\/v2\/product\/195255","targetHints":{"allow":["GET"]}}],"collection":[{"href":"https:\/\/baldumarket.lt\/lt\/wp-json\/wp\/v2\/product"}],"about":[{"href":"https:\/\/baldumarket.lt\/lt\/wp-json\/wp\/v2\/types\/product"}],"replies":[{"embeddable":true,"href":"https:\/\/baldumarket.lt\/lt\/wp-json\/wp\/v2\/comments?post=195255"}],"wp:featuredmedia":[{"embeddable":true,"href":"https:\/\/baldumarket.lt\/lt\/wp-json\/wp\/v2\/media\/195256"}],"wp:attachment":[{"href":"https:\/\/baldumarket.lt\/lt\/wp-json\/wp\/v2\/media?parent=195255"}],"wp:term":[{"taxonomy":"product_brand","embeddable":true,"href":"https:\/\/baldumarket.lt\/lt\/wp-json\/wp\/v2\/product_brand?post=195255"},{"taxonomy":"product_cat","embeddable":true,"href":"https:\/\/baldumarket.lt\/lt\/wp-json\/wp\/v2\/product_cat?post=195255"},{"taxonomy":"product_tag","embeddable":true,"href":"https:\/\/baldumarket.lt\/lt\/wp-json\/wp\/v2\/product_tag?post=195255"}],"curies":[{"name":"wp","href":"https:\/\/api.w.org\/{rel}","templated":true}]}}