{"id":195247,"date":"2025-12-23T22:39:57","date_gmt":"2025-12-23T19:39:57","guid":{"rendered":"https:\/\/baldumarket.lt\/product\/sypialnia-zestaw-milton-struktura-synchroniczna\/"},"modified":"2026-03-23T16:11:32","modified_gmt":"2026-03-23T13:11:32","slug":"sypialnia-zestaw-milton-struktura-synchroniczna","status":"publish","type":"product","link":"https:\/\/baldumarket.lt\/lt\/product\/sypialnia-zestaw-milton-struktura-synchroniczna\/","title":{"rendered":"Miltono miegamojo komplektas sinchronin\u0117s konstrukcijos"},"content":{"rendered":"<p>\u201eMilton\u201c kolekcija pasi\u017eymi unikaliu ir moderniu dizainu, tod\u0117l puikiai tinka bet kokiam interjerui, ne tik pal\u0117pei.<br \/>\nSpecifikacijos:<br \/>\nKorpusas: E05 laminuota med\u017eio dro\u017eli\u0173 plok\u0161t\u0117, 16 mm<br \/>\nKorpuso spalva: ka\u0161tonin\u0117 (sinchronin\u0117 strukt\u016bra)<br \/>\nPriekin\u0117 dalis: E05 laminuota med\u017eio dro\u017eli\u0173 plok\u0161t\u0117, 16 mm<br \/>\nPriekin\u0117s dalies spalva: ka\u0161tonin\u0117 (sinchronin\u0117 strukt\u016bra) + antracitas<br \/>\nHDF: ka\u0161tonas<br \/>\nBriauna: ABS, antracitas<br \/>\nRankena: metalin\u0117, matin\u0117s juodos spalvos<br \/>\nKojel\u0117s: metalin\u0117s, juodos<br \/>\nVyriai: \u012fleid\u017eiami\/dvigubi, su \u0161velniu u\u017edarymu<br \/>\nStal\u010di\u0173 b\u0117geliai: su rutuliniais guoliais, pilno i\u0161traukimo, su \u0161velniu u\u017edarymu<br \/>\nHDF stal\u010diai: ka\u0161tono spalvos<br \/>\nLED ap\u0161vietimas: naktiniai staleliai (\u012fskai\u010diuoti), drabu\u017ei\u0173 spinta (neb\u016btina)<br \/>\nPapildoma informacija: lova su patalyn\u0117s d\u0117\u017ee, mink\u0161tas galv\u016bgalis<br \/>\n\u012e kain\u0105 \u012fskai\u010diuoti \u0161ie baldai:<br \/>\nKomoda 138 6S \u2013 137,3\/81,4\/39,5 \u2013 P\/A\/G<br \/>\nLova su daiktad\u0117\u017ee \u2013 166,6\/102\/210 cm \u2013 P\/A\/G \u2013 miegamoji erdv\u0117 160\/200 cm<br \/>\n4 dur\u0173 spinta \u2013 223,2\/210\/59 cm \u2013 P\/A\/G<br \/>\nNaktinis staliukas su staliukais \u2013 2 vnt. \u2013 48,8\/102\/39,6 cm \u2013 P\/A\/G<br \/>\nPapildomas spintos ap\u0161vietimas.<br \/>\nMiltono lova \u2013 su daiktad\u0117\u017ee, apmu\u0161tomis galv\u016bgalio pagalv\u0117mis.<br \/>\nLova be \u010diu\u017einio ir be r\u0117mo (pasirinktinai groteli\u0173 r\u0117mas arba dujinis keltuvas).<br \/>\nMiegamasis plotas \u2013 160\/200 cm \u010diu\u017einiui.<\/p>","protected":false},"excerpt":{"rendered":"<p>The Milton collection features a unique and modern design that makes it a perfect fit for any interior, not just a loft. Specifications: Body: E05 laminated chipboard, 16 mm Body color: chestnut (synchronous structure) Front: E05 laminated chipboard, 16 mm Front color: chestnut (synchronous structure) + anthracite HDF: chestnut Edge: ABS, anthracite Handle: metal, matte [&hellip;]<\/p>","protected":false},"featured_media":195248,"comment_status":"open","ping_status":"open","template":"","meta":[],"product_brand":[],"product_cat":[9648,5570],"product_tag":[],"class_list":{"0":"post-195247","1":"product","2":"type-product","3":"status-publish","4":"has-post-thumbnail","6":"product_cat-furniture-system-milton-laski","7":"product_cat-laski-meble","9":"first","10":"instock","11":"purchasable","12":"product-type-simple"},"_links":{"self":[{"href":"https:\/\/baldumarket.lt\/lt\/wp-json\/wp\/v2\/product\/195247","targetHints":{"allow":["GET"]}}],"collection":[{"href":"https:\/\/baldumarket.lt\/lt\/wp-json\/wp\/v2\/product"}],"about":[{"href":"https:\/\/baldumarket.lt\/lt\/wp-json\/wp\/v2\/types\/product"}],"replies":[{"embeddable":true,"href":"https:\/\/baldumarket.lt\/lt\/wp-json\/wp\/v2\/comments?post=195247"}],"wp:featuredmedia":[{"embeddable":true,"href":"https:\/\/baldumarket.lt\/lt\/wp-json\/wp\/v2\/media\/195248"}],"wp:attachment":[{"href":"https:\/\/baldumarket.lt\/lt\/wp-json\/wp\/v2\/media?parent=195247"}],"wp:term":[{"taxonomy":"product_brand","embeddable":true,"href":"https:\/\/baldumarket.lt\/lt\/wp-json\/wp\/v2\/product_brand?post=195247"},{"taxonomy":"product_cat","embeddable":true,"href":"https:\/\/baldumarket.lt\/lt\/wp-json\/wp\/v2\/product_cat?post=195247"},{"taxonomy":"product_tag","embeddable":true,"href":"https:\/\/baldumarket.lt\/lt\/wp-json\/wp\/v2\/product_tag?post=195247"}],"curies":[{"name":"wp","href":"https:\/\/api.w.org\/{rel}","templated":true}]}}