{"id":195234,"date":"2025-12-23T22:39:30","date_gmt":"2025-12-23T19:39:30","guid":{"rendered":"https:\/\/baldumarket.lt\/product\/sypialnia-skandynawska-viki\/"},"modified":"2026-03-23T16:11:32","modified_gmt":"2026-03-23T13:11:32","slug":"sypialnia-skandynawska-viki","status":"publish","type":"product","link":"https:\/\/baldumarket.lt\/lt\/product\/sypialnia-skandynawska-viki\/","title":{"rendered":"Viki skandinavi\u0161kas miegamasis"},"content":{"rendered":"<p>\u201eViki\u201c kolekcija pasi\u017eymi unikaliu ir moderniu dizainu, tod\u0117l puikiai tinka bet kokiam interjerui, ne tik skandinavi\u0161kam.<br \/>\nSpecifikacijos:<br \/>\nKorpusas: E05 laminuota med\u017eio dro\u017eli\u0173 plok\u0161t\u0117, 16 mm + apvali MDF juostel\u0117<br \/>\nKorpuso spalva: Barista \u0105\u017euolas<br \/>\nPriekin\u0117 dalis: E05 laminuota med\u017eio dro\u017eli\u0173 plok\u0161t\u0117, 16 mm<br \/>\nPriekin\u0117s dalies spalva: Barista \u0105\u017euolas<br \/>\nHDF: balta<br \/>\nApvadas: ABS, atitinkantis lentos spalv\u0105<br \/>\nRankena: medin\u0117 su mokos spalvos aplikacija<br \/>\nKojel\u0117s: medin\u0117s<br \/>\nVyriai: lygiagret\u016bs\/dvigubi<br \/>\nStal\u010di\u0173 b\u0117geliai: su rutuliniais guoliais, pilno i\u0161traukimo<br \/>\nHDF stal\u010diai: balti<br \/>\nPapildoma informacija: lova su mink\u0161tu galv\u016bgaliu, patalyn\u0117s laikymo vieta<br \/>\n\u012e rinkin\u012f \u012feina:<br \/>\ndrabu\u017ei\u0173 spinta<br \/>\n6S komoda<br \/>\nNaktinis staliukas \u2013 2 vnt.<br \/>\n160\u00d7200 cm lova be \u010diu\u017einio<\/p>","protected":false},"excerpt":{"rendered":"<p>The Viki collection features a unique and modern design that makes it a perfect fit for any interior, not just Scandinavian ones. Specifications: Body: E05 laminated chipboard, 16 mm + rounded MDF strip Body color: Barista Oak Front: E05 laminated chipboard, 16 mm Front color: Barista Oak HDF: white Edging: ABS, matching the board color [&hellip;]<\/p>","protected":false},"featured_media":195235,"comment_status":"open","ping_status":"open","template":"","meta":[],"product_brand":[],"product_cat":[9645,5570],"product_tag":[],"class_list":{"0":"post-195234","1":"product","2":"type-product","3":"status-publish","4":"has-post-thumbnail","6":"product_cat-furniture-system-viki-laski","7":"product_cat-laski-meble","9":"first","10":"instock","11":"purchasable","12":"product-type-simple"},"_links":{"self":[{"href":"https:\/\/baldumarket.lt\/lt\/wp-json\/wp\/v2\/product\/195234","targetHints":{"allow":["GET"]}}],"collection":[{"href":"https:\/\/baldumarket.lt\/lt\/wp-json\/wp\/v2\/product"}],"about":[{"href":"https:\/\/baldumarket.lt\/lt\/wp-json\/wp\/v2\/types\/product"}],"replies":[{"embeddable":true,"href":"https:\/\/baldumarket.lt\/lt\/wp-json\/wp\/v2\/comments?post=195234"}],"wp:featuredmedia":[{"embeddable":true,"href":"https:\/\/baldumarket.lt\/lt\/wp-json\/wp\/v2\/media\/195235"}],"wp:attachment":[{"href":"https:\/\/baldumarket.lt\/lt\/wp-json\/wp\/v2\/media?parent=195234"}],"wp:term":[{"taxonomy":"product_brand","embeddable":true,"href":"https:\/\/baldumarket.lt\/lt\/wp-json\/wp\/v2\/product_brand?post=195234"},{"taxonomy":"product_cat","embeddable":true,"href":"https:\/\/baldumarket.lt\/lt\/wp-json\/wp\/v2\/product_cat?post=195234"},{"taxonomy":"product_tag","embeddable":true,"href":"https:\/\/baldumarket.lt\/lt\/wp-json\/wp\/v2\/product_tag?post=195234"}],"curies":[{"name":"wp","href":"https:\/\/api.w.org\/{rel}","templated":true}]}}