{"id":195226,"date":"2025-12-23T22:39:15","date_gmt":"2025-12-23T19:39:15","guid":{"rendered":"https:\/\/baldumarket.lt\/product\/sypialnia-lante-bezowa-z-lozkiem-160-200-cm\/"},"modified":"2026-04-14T16:44:11","modified_gmt":"2026-04-14T13:44:11","slug":"sypialnia-lante-bezowa-z-lozkiem-160-200-cm","status":"publish","type":"product","link":"https:\/\/baldumarket.lt\/lt\/product\/sypialnia-lante-bezowa-z-lozkiem-160-200-cm\/","title":{"rendered":"Sm\u0117lio spalvos miegamasis su 160\/200 cm lova"},"content":{"rendered":"<p>\u201eLante\u201c miegamajame yra \u0161ie baldai:<br \/>\nLova su mink\u0161tu galv\u016bgaliu, su r\u0117mu be vietos daiktams laikyti, miegojimo plotas 160\/200 cm<br \/>\nMetalinis r\u0117mas su saugykla (neb\u016btina)<br \/>\nLova be \u010diu\u017einio \u2013 j\u0105 galima \u012fsigyti atskirai i\u0161 m\u016bs\u0173 si\u016blom\u0173 \u010diu\u017eini\u0173<br \/>\nSpinta 213 cm<br \/>\nKomoda<br \/>\nNaktiniai staleliai \u2013 2 vnt.<br \/>\nParametrai:<br \/>\nKorpusas: E05 laminuota med\u017eio dro\u017eli\u0173 plok\u0161t\u0117, 16 mm + apvali MDF juostel\u0117<br \/>\nKorpuso spalva: sm\u0117lio spalvos<br \/>\nPriekin\u0117 dalis: 18 mm MDF plok\u0161t\u0117<br \/>\nPriekin\u0117 spalva: sm\u0117lio spalvos<br \/>\nHDF: balta \/ knyg\u0173 lentynoje: sm\u0117lio spalvos HDF su med\u017eio ra\u0161tu<br \/>\nApvadas: ABS, atitinkantis lentos spalv\u0105<br \/>\nRankena: metalin\u0117, auksin\u0117<br \/>\nKojel\u0117s: metalin\u0117s, auksin\u0117s<br \/>\nVyriai: lygiagret\u016bs \/ dvigubi<br \/>\nStal\u010di\u0173 b\u0117geliai: rutuliniai guoliai, tvirta HDF plok\u0161t\u0117, stal\u010diaus i\u0161traukimas: baltas<br \/>\nspalva: sm\u0117lio spalvos + auksin\u0117s kojel\u0117s<\/p>","protected":false},"excerpt":{"rendered":"<p>The Lante bedroom includes the following furniture: Bed with an upholstered headboard, with a frame without storage, sleeping area 160\/200 cm Metal frame with storage (optional) Bed without a mattress &#8211; it can be purchased separately from our offer: Mattresses Wardrobe 213 cm Chest of drawers Bedside tables &#8211; 2 pieces Parameters: Body: E05 laminated [&hellip;]<\/p>","protected":false},"featured_media":195227,"comment_status":"open","ping_status":"open","template":"","meta":[],"product_brand":[],"product_cat":[9658,9134,5570],"product_tag":[],"class_list":{"0":"post-195226","1":"product","2":"type-product","3":"status-publish","4":"has-post-thumbnail","6":"product_cat-furniture-system-lante-laski","7":"product_cat-bedroom-sets","8":"product_cat-laski-meble","10":"first","11":"instock","12":"purchasable","13":"product-type-simple"},"_links":{"self":[{"href":"https:\/\/baldumarket.lt\/lt\/wp-json\/wp\/v2\/product\/195226","targetHints":{"allow":["GET"]}}],"collection":[{"href":"https:\/\/baldumarket.lt\/lt\/wp-json\/wp\/v2\/product"}],"about":[{"href":"https:\/\/baldumarket.lt\/lt\/wp-json\/wp\/v2\/types\/product"}],"replies":[{"embeddable":true,"href":"https:\/\/baldumarket.lt\/lt\/wp-json\/wp\/v2\/comments?post=195226"}],"wp:featuredmedia":[{"embeddable":true,"href":"https:\/\/baldumarket.lt\/lt\/wp-json\/wp\/v2\/media\/195227"}],"wp:attachment":[{"href":"https:\/\/baldumarket.lt\/lt\/wp-json\/wp\/v2\/media?parent=195226"}],"wp:term":[{"taxonomy":"product_brand","embeddable":true,"href":"https:\/\/baldumarket.lt\/lt\/wp-json\/wp\/v2\/product_brand?post=195226"},{"taxonomy":"product_cat","embeddable":true,"href":"https:\/\/baldumarket.lt\/lt\/wp-json\/wp\/v2\/product_cat?post=195226"},{"taxonomy":"product_tag","embeddable":true,"href":"https:\/\/baldumarket.lt\/lt\/wp-json\/wp\/v2\/product_tag?post=195226"}],"curies":[{"name":"wp","href":"https:\/\/api.w.org\/{rel}","templated":true}]}}