{"id":195218,"date":"2025-12-23T22:38:57","date_gmt":"2025-12-23T19:38:57","guid":{"rendered":"https:\/\/baldumarket.lt\/product\/stoliki-nocne-z-oswietleniem-arden-2-sztuki\/"},"modified":"2026-03-23T16:11:32","modified_gmt":"2026-03-23T13:11:32","slug":"stoliki-nocne-z-oswietleniem-arden-2-sztuki","status":"publish","type":"product","link":"https:\/\/baldumarket.lt\/lt\/product\/stoliki-nocne-z-oswietleniem-arden-2-sztuki\/","title":{"rendered":"Arden naktiniai staleliai su ap\u0161vietimu, 2 vnt"},"content":{"rendered":"<p>Industrinis stilius taip pat puikiai tinka miegamajam. \u201eArden\u201c baldai \u2013 tai \u012fdomios spalv\u0173 gamos kolekcija. Funkcionali komoda, erdvi spinta ir patogi lova su atmosferiniu ap\u0161vietimu ir dekoratyviniu galv\u016bgaliu.<br \/>\nPapildoma informacija:<br \/>\nPriekin\u0117 dalis \/ korpusas: 16 mm laminuota med\u017eio dro\u017eli\u0173 plok\u0161t\u0117<br \/>\nABS apvadai<br \/>\nLakuota fanera \u0161onuose ir dugno sutvirtinimas<br \/>\nVyriai su skl\u0105s\u010diu<br \/>\nSpalva: Sans Grande \u0105\u017euolas + Matera<\/p>","protected":false},"excerpt":{"rendered":"<p>Plotis [cm] 51,6<br \/>\n\u016agis [cm] 100<br \/>\ngylis [cm] 36,5<\/p>","protected":false},"featured_media":195219,"comment_status":"open","ping_status":"open","template":"","meta":[],"product_brand":[],"product_cat":[9652,5570],"product_tag":[],"class_list":{"0":"post-195218","1":"product","2":"type-product","3":"status-publish","4":"has-post-thumbnail","6":"product_cat-furniture-system-arden-laski","7":"product_cat-laski-meble","9":"first","10":"instock","11":"purchasable","12":"product-type-simple"},"_links":{"self":[{"href":"https:\/\/baldumarket.lt\/lt\/wp-json\/wp\/v2\/product\/195218","targetHints":{"allow":["GET"]}}],"collection":[{"href":"https:\/\/baldumarket.lt\/lt\/wp-json\/wp\/v2\/product"}],"about":[{"href":"https:\/\/baldumarket.lt\/lt\/wp-json\/wp\/v2\/types\/product"}],"replies":[{"embeddable":true,"href":"https:\/\/baldumarket.lt\/lt\/wp-json\/wp\/v2\/comments?post=195218"}],"wp:featuredmedia":[{"embeddable":true,"href":"https:\/\/baldumarket.lt\/lt\/wp-json\/wp\/v2\/media\/195219"}],"wp:attachment":[{"href":"https:\/\/baldumarket.lt\/lt\/wp-json\/wp\/v2\/media?parent=195218"}],"wp:term":[{"taxonomy":"product_brand","embeddable":true,"href":"https:\/\/baldumarket.lt\/lt\/wp-json\/wp\/v2\/product_brand?post=195218"},{"taxonomy":"product_cat","embeddable":true,"href":"https:\/\/baldumarket.lt\/lt\/wp-json\/wp\/v2\/product_cat?post=195218"},{"taxonomy":"product_tag","embeddable":true,"href":"https:\/\/baldumarket.lt\/lt\/wp-json\/wp\/v2\/product_tag?post=195218"}],"curies":[{"name":"wp","href":"https:\/\/api.w.org\/{rel}","templated":true}]}}