{"id":195210,"date":"2025-12-23T22:38:32","date_gmt":"2025-12-23T19:38:32","guid":{"rendered":"https:\/\/baldumarket.lt\/product\/stolik-rtv-187-arco-bialy-polysk\/"},"modified":"2026-03-23T16:11:32","modified_gmt":"2026-03-23T13:11:32","slug":"stolik-rtv-187-arco-bialy-polysk","status":"publish","type":"product","link":"https:\/\/baldumarket.lt\/lt\/product\/stolik-rtv-187-arco-bialy-polysk\/","title":{"rendered":"TV staliukas 187 Arco \u2013 baltas blizgus"},"content":{"rendered":"<p>ARCO sistemos baldai \u2013 \u012fdomus svetain\u0117s ar darbo kambario pasirinkimas. \u0160i unikali bald\u0173 kolekcija suteiks j\u016bs\u0173 interjerui modernumo ir stiliaus.<br \/>\nKiekvienas gaminys buvo kruop\u0161\u010diai sukurtas atsi\u017evelgiant \u012f estetik\u0105 ir funkcionalum\u0105. Sistema i\u0161siskiria unikalia forma ir kruop\u0161\u010diai parinktomis spalvomis.<br \/>\nPapildoma informacija:<br \/>\nBaldai pagaminti i\u0161 16 mm laminuotos plok\u0161t\u0117s.<br \/>\nBaldo galin\u0117 dalis pagaminta i\u0161 HDF plok\u0161t\u0117s.<br \/>\nKra\u0161tai apdailinti patvariu, dilimui atspariu ABS luk\u0161tu.<br \/>\nStiklo elementai pagaminti i\u0161 auk\u0161\u010diausios kokyb\u0117s gr\u016bdinto stiklo.<br \/>\nU\u017e papildom\u0105 mokest\u012f galima \u012fsigyti LED ap\u0161vietim\u0105 \u2013 LED spalva: \u0161altai balta.<br \/>\nSpalvos:<br \/>\nbalta + an\u016bko \u0105\u017euolas + blizgi balta.<\/p>","protected":false},"excerpt":{"rendered":"<p>Plotis [cm] 187,5<br \/>\n\u016agis [cm] 45,5<br \/>\ngylis [cm] 40<\/p>","protected":false},"featured_media":195211,"comment_status":"open","ping_status":"open","template":"","meta":[],"product_brand":[],"product_cat":[9649,5570],"product_tag":[],"class_list":{"0":"post-195210","1":"product","2":"type-product","3":"status-publish","4":"has-post-thumbnail","6":"product_cat-furniture-system-arco-laski","7":"product_cat-laski-meble","9":"first","10":"instock","11":"purchasable","12":"product-type-simple"},"_links":{"self":[{"href":"https:\/\/baldumarket.lt\/lt\/wp-json\/wp\/v2\/product\/195210","targetHints":{"allow":["GET"]}}],"collection":[{"href":"https:\/\/baldumarket.lt\/lt\/wp-json\/wp\/v2\/product"}],"about":[{"href":"https:\/\/baldumarket.lt\/lt\/wp-json\/wp\/v2\/types\/product"}],"replies":[{"embeddable":true,"href":"https:\/\/baldumarket.lt\/lt\/wp-json\/wp\/v2\/comments?post=195210"}],"wp:featuredmedia":[{"embeddable":true,"href":"https:\/\/baldumarket.lt\/lt\/wp-json\/wp\/v2\/media\/195211"}],"wp:attachment":[{"href":"https:\/\/baldumarket.lt\/lt\/wp-json\/wp\/v2\/media?parent=195210"}],"wp:term":[{"taxonomy":"product_brand","embeddable":true,"href":"https:\/\/baldumarket.lt\/lt\/wp-json\/wp\/v2\/product_brand?post=195210"},{"taxonomy":"product_cat","embeddable":true,"href":"https:\/\/baldumarket.lt\/lt\/wp-json\/wp\/v2\/product_cat?post=195210"},{"taxonomy":"product_tag","embeddable":true,"href":"https:\/\/baldumarket.lt\/lt\/wp-json\/wp\/v2\/product_tag?post=195210"}],"curies":[{"name":"wp","href":"https:\/\/api.w.org\/{rel}","templated":true}]}}