{"id":195180,"date":"2025-12-23T22:37:21","date_gmt":"2025-12-23T19:37:21","guid":{"rendered":"https:\/\/baldumarket.lt\/product\/stolik-loftowy-nocny-ryflowane-wstawki-senso-bez\/"},"modified":"2026-03-23T16:11:39","modified_gmt":"2026-03-23T13:11:39","slug":"stolik-loftowy-nocny-ryflowane-wstawki-senso-bez","status":"publish","type":"product","link":"https:\/\/baldumarket.lt\/lt\/product\/stolik-loftowy-nocny-ryflowane-wstawki-senso-bez\/","title":{"rendered":"Lofto stiliaus naktinis staliukas su grioveliais, sm\u0117lio spalvos"},"content":{"rendered":"<p>\u201eSenso\u201c kolekcija buvo sukurta atsi\u017evelgiant \u012f dabartines tendencijas \u2013 auk\u0161tos, sm\u0117lio spalvos kojel\u0117s, geometrin\u0117 forma ir sm\u0117lio spalva pabr\u0117\u017eia elegancij\u0105 ir modern\u0173 stili\u0173.<br \/>\nSpecifikacijos:<br \/>\nKorpusas: E05 laminuota med\u017eio dro\u017eli\u0173 plok\u0161t\u0117, 16 mm<br \/>\nKorpuso spalva: sm\u0117lio spalvos<br \/>\nPriekin\u0117 dalis: E05 laminuota med\u017eio dro\u017eli\u0173 plok\u0161t\u0117, 16 mm + 18 mm MDF<br \/>\nPriekin\u0117 spalva: sm\u0117lio spalvos<br \/>\nHDF: balta<br \/>\nApvadas: ABS, atitinkantis lentos spalv\u0105<br \/>\nRankena: n\u0117ra, atidaroma spustel\u0117jus<br \/>\nKojel\u0117s: metalin\u0117s, sm\u0117lio spalvos<br \/>\nVyriai: \u012fleid\u017eiami \/ dvigubi<br \/>\nStal\u010di\u0173 b\u0117geliai: su rutuliniais guoliais, pilno i\u0161traukimo<br \/>\nHDF stal\u010di\u0173 b\u0117geliai: balti<br \/>\nSenso naktinis staliukas \u2013 su dviem stal\u010diais.<\/p>","protected":false},"excerpt":{"rendered":"<p>Plotis [cm] 53,5<br \/>\n\u016agis [cm] 56,2<br \/>\ngylis [cm] 39,5<\/p>","protected":false},"featured_media":195181,"comment_status":"open","ping_status":"open","template":"","meta":[],"product_brand":[],"product_cat":[9653,1176,5570],"product_tag":[],"class_list":{"0":"post-195180","1":"product","2":"type-product","3":"status-publish","4":"has-post-thumbnail","6":"product_cat-furniture-system-senso-laski","7":"product_cat-bedside-tables","8":"product_cat-laski-meble","10":"first","11":"instock","12":"purchasable","13":"product-type-simple"},"_links":{"self":[{"href":"https:\/\/baldumarket.lt\/lt\/wp-json\/wp\/v2\/product\/195180","targetHints":{"allow":["GET"]}}],"collection":[{"href":"https:\/\/baldumarket.lt\/lt\/wp-json\/wp\/v2\/product"}],"about":[{"href":"https:\/\/baldumarket.lt\/lt\/wp-json\/wp\/v2\/types\/product"}],"replies":[{"embeddable":true,"href":"https:\/\/baldumarket.lt\/lt\/wp-json\/wp\/v2\/comments?post=195180"}],"wp:featuredmedia":[{"embeddable":true,"href":"https:\/\/baldumarket.lt\/lt\/wp-json\/wp\/v2\/media\/195181"}],"wp:attachment":[{"href":"https:\/\/baldumarket.lt\/lt\/wp-json\/wp\/v2\/media?parent=195180"}],"wp:term":[{"taxonomy":"product_brand","embeddable":true,"href":"https:\/\/baldumarket.lt\/lt\/wp-json\/wp\/v2\/product_brand?post=195180"},{"taxonomy":"product_cat","embeddable":true,"href":"https:\/\/baldumarket.lt\/lt\/wp-json\/wp\/v2\/product_cat?post=195180"},{"taxonomy":"product_tag","embeddable":true,"href":"https:\/\/baldumarket.lt\/lt\/wp-json\/wp\/v2\/product_tag?post=195180"}],"curies":[{"name":"wp","href":"https:\/\/api.w.org\/{rel}","templated":true}]}}