{"id":195164,"date":"2025-12-23T22:36:52","date_gmt":"2025-12-23T19:36:52","guid":{"rendered":"https:\/\/baldumarket.lt\/product\/stolik-loftowy-kawowy-ryflowane-wstawki-1s-senso-bez\/"},"modified":"2026-03-23T16:11:39","modified_gmt":"2026-03-23T13:11:39","slug":"stolik-loftowy-kawowy-ryflowane-wstawki-1s-senso-bez","status":"publish","type":"product","link":"https:\/\/baldumarket.lt\/lt\/product\/stolik-loftowy-kawowy-ryflowane-wstawki-1s-senso-bez\/","title":{"rendered":"Lofto kavos staliukas su grioveliais 1S Senso sm\u0117lio spalvos"},"content":{"rendered":"<p>\u201eSenso\u201c kolekcija buvo sukurta atsi\u017evelgiant \u012f dabartines tendencijas \u2013 auk\u0161tos, sm\u0117lio spalvos kojel\u0117s, geometrin\u0117 forma ir sm\u0117lio spalva pabr\u0117\u017eia elegancij\u0105 ir modern\u0173 stili\u0173.<br \/>\nSpecifikacijos:<br \/>\nKorpusas: E05 laminuota med\u017eio dro\u017eli\u0173 plok\u0161t\u0117, 16 mm<br \/>\nKorpuso spalva: sm\u0117lio spalvos<br \/>\nPriekin\u0117 dalis: E05 laminuota med\u017eio dro\u017eli\u0173 plok\u0161t\u0117, 16 mm + 18 mm MDF<br \/>\nPriekin\u0117 spalva: sm\u0117lio spalvos<br \/>\nHDF: balta<br \/>\nApvadas: ABS, atitinkantis lentos spalv\u0105<br \/>\nRankena: n\u0117ra, atidaroma spustel\u0117jus<br \/>\nKojel\u0117s: metalin\u0117s, sm\u0117lio spalvos<br \/>\nVyriai: \u012fleid\u017eiami \/ dvigubi<br \/>\nStal\u010di\u0173 b\u0117geliai: su rutuliniais guoliais, pilno i\u0161traukimo<br \/>\nHDF stal\u010diai: balti<br \/>\n\u201eSenso 1S\u201c kavos staliukas su stal\u010diumi.<\/p>","protected":false},"excerpt":{"rendered":"<p>Plotis [cm] 68<br \/>\n\u016agis [cm] 48,4<br \/>\ngylis [cm] 68<\/p>","protected":false},"featured_media":195165,"comment_status":"open","ping_status":"open","template":"","meta":[],"product_brand":[],"product_cat":[9653,5570],"product_tag":[],"class_list":{"0":"post-195164","1":"product","2":"type-product","3":"status-publish","4":"has-post-thumbnail","6":"product_cat-furniture-system-senso-laski","7":"product_cat-laski-meble","9":"first","10":"instock","11":"purchasable","12":"product-type-simple"},"_links":{"self":[{"href":"https:\/\/baldumarket.lt\/lt\/wp-json\/wp\/v2\/product\/195164","targetHints":{"allow":["GET"]}}],"collection":[{"href":"https:\/\/baldumarket.lt\/lt\/wp-json\/wp\/v2\/product"}],"about":[{"href":"https:\/\/baldumarket.lt\/lt\/wp-json\/wp\/v2\/types\/product"}],"replies":[{"embeddable":true,"href":"https:\/\/baldumarket.lt\/lt\/wp-json\/wp\/v2\/comments?post=195164"}],"wp:featuredmedia":[{"embeddable":true,"href":"https:\/\/baldumarket.lt\/lt\/wp-json\/wp\/v2\/media\/195165"}],"wp:attachment":[{"href":"https:\/\/baldumarket.lt\/lt\/wp-json\/wp\/v2\/media?parent=195164"}],"wp:term":[{"taxonomy":"product_brand","embeddable":true,"href":"https:\/\/baldumarket.lt\/lt\/wp-json\/wp\/v2\/product_brand?post=195164"},{"taxonomy":"product_cat","embeddable":true,"href":"https:\/\/baldumarket.lt\/lt\/wp-json\/wp\/v2\/product_cat?post=195164"},{"taxonomy":"product_tag","embeddable":true,"href":"https:\/\/baldumarket.lt\/lt\/wp-json\/wp\/v2\/product_tag?post=195164"}],"curies":[{"name":"wp","href":"https:\/\/api.w.org\/{rel}","templated":true}]}}