{"id":195125,"date":"2025-12-23T22:35:27","date_gmt":"2025-12-23T19:35:27","guid":{"rendered":"https:\/\/baldumarket.lt\/product\/stolik-kawowy-w-stylu-industrialnym-arden\/"},"modified":"2026-03-23T16:11:46","modified_gmt":"2026-03-23T13:11:46","slug":"stolik-kawowy-w-stylu-industrialnym-arden","status":"publish","type":"product","link":"https:\/\/baldumarket.lt\/lt\/product\/stolik-kawowy-w-stylu-industrialnym-arden\/","title":{"rendered":"Arden pramoninio stiliaus kavos staliukas"},"content":{"rendered":"<p>\u201eArden\u201c \u2013 tai unikalaus industrinio stiliaus baldai. Lent\u0173 \u0105\u017euolo ir lengvai subrai\u017eyto tamsiai pilko metalo derinys suteiks interjerui unikali\u0105 lofto atmosfer\u0105. Visum\u0105 pary\u0161kina i\u0161 nat\u016bralios juodos faneros pagamintas r\u0117mas.<br \/>\nPapildoma informacija:<br \/>\nPriekin\u0117 dalis \/ korpusas: 16 mm laminuota med\u017eio dro\u017eli\u0173 plok\u0161t\u0117<br \/>\nLakuota fanera \u0161onuose ir dugno sutvirtinimas<br \/>\nPilnai i\u0161traukiami stal\u010diai<br \/>\nVyriai su \u0161velnaus u\u017edarymo mechanizmu<br \/>\nSpalva: Sans Grande \u0105\u017euolas + Matera<\/p>","protected":false},"excerpt":{"rendered":"<p>Plotis [cm] 108,6<br \/>\n\u016agis [cm] 53<br \/>\ngylis [cm] 61,4<\/p>","protected":false},"featured_media":195126,"comment_status":"open","ping_status":"open","template":"","meta":[],"product_brand":[],"product_cat":[9652,5570],"product_tag":[],"class_list":{"0":"post-195125","1":"product","2":"type-product","3":"status-publish","4":"has-post-thumbnail","6":"product_cat-furniture-system-arden-laski","7":"product_cat-laski-meble","9":"first","10":"instock","11":"purchasable","12":"product-type-simple"},"_links":{"self":[{"href":"https:\/\/baldumarket.lt\/lt\/wp-json\/wp\/v2\/product\/195125","targetHints":{"allow":["GET"]}}],"collection":[{"href":"https:\/\/baldumarket.lt\/lt\/wp-json\/wp\/v2\/product"}],"about":[{"href":"https:\/\/baldumarket.lt\/lt\/wp-json\/wp\/v2\/types\/product"}],"replies":[{"embeddable":true,"href":"https:\/\/baldumarket.lt\/lt\/wp-json\/wp\/v2\/comments?post=195125"}],"wp:featuredmedia":[{"embeddable":true,"href":"https:\/\/baldumarket.lt\/lt\/wp-json\/wp\/v2\/media\/195126"}],"wp:attachment":[{"href":"https:\/\/baldumarket.lt\/lt\/wp-json\/wp\/v2\/media?parent=195125"}],"wp:term":[{"taxonomy":"product_brand","embeddable":true,"href":"https:\/\/baldumarket.lt\/lt\/wp-json\/wp\/v2\/product_brand?post=195125"},{"taxonomy":"product_cat","embeddable":true,"href":"https:\/\/baldumarket.lt\/lt\/wp-json\/wp\/v2\/product_cat?post=195125"},{"taxonomy":"product_tag","embeddable":true,"href":"https:\/\/baldumarket.lt\/lt\/wp-json\/wp\/v2\/product_tag?post=195125"}],"curies":[{"name":"wp","href":"https:\/\/api.w.org\/{rel}","templated":true}]}}