{"id":195103,"date":"2025-12-23T22:34:42","date_gmt":"2025-12-23T19:34:42","guid":{"rendered":"https:\/\/baldumarket.lt\/product\/stolik-kawowy-tapicerowany-okragly-mio\/"},"modified":"2026-04-14T16:44:11","modified_gmt":"2026-04-14T13:44:11","slug":"stolik-kawowy-tapicerowany-okragly-mio","status":"publish","type":"product","link":"https:\/\/baldumarket.lt\/lt\/product\/stolik-kawowy-tapicerowany-okragly-mio\/","title":{"rendered":"Mio apvalus mink\u0161tas kavos staliukas"},"content":{"rendered":"<p>Apvalus mink\u0161tas kavos staliukas \u201eMio\u201c \u2013 tai avangardinio stiliaus svetain\u0117s baldas, kurio ak\u012f traukian\u010dios formos ir unikalus dizainas spinduliuoja i\u0161skirtiniu originalumu.<br \/>\nMATMENYS<br \/>\n\u2013 Plotis \u2013 89 cm<br \/>\n\u2013 Auk\u0161tis \u2013 42 cm<br \/>\n\u2013 Gylis \u2013 89 cm<br \/>\nBENDRIEJI DUOMENYS<br \/>\n\u2013 Vir\u0161us: E05 laminuota med\u017eio dro\u017eli\u0173 plok\u0161t\u0117, 16 mm sm\u0117lio spalvos, ABS kra\u0161tas, atitinkantis plok\u0161t\u0117s spalv\u0105<br \/>\n\u2013 Kojel\u0117s: plastikin\u0117s (3 dalys, 3,5 cm storio) juodos<br \/>\nStaliukas galimas tik su \u201eTilia\u201c audiniais<\/p>","protected":false},"excerpt":{"rendered":"<p>plotis [cm] 89<br \/>\n\u016agis [cm] 42<br \/>\ngylis [cm] 89<\/p>","protected":false},"featured_media":195104,"comment_status":"open","ping_status":"open","template":"","meta":[],"product_brand":[],"product_cat":[9637,866,5570],"product_tag":[],"class_list":{"0":"post-195103","1":"product","2":"type-product","3":"status-publish","4":"has-post-thumbnail","6":"product_cat-armchairs-poufs-and-tables-laski","7":"product_cat-coffee-tables","8":"product_cat-laski-meble","10":"first","11":"instock","12":"purchasable","13":"product-type-simple"},"_links":{"self":[{"href":"https:\/\/baldumarket.lt\/lt\/wp-json\/wp\/v2\/product\/195103","targetHints":{"allow":["GET"]}}],"collection":[{"href":"https:\/\/baldumarket.lt\/lt\/wp-json\/wp\/v2\/product"}],"about":[{"href":"https:\/\/baldumarket.lt\/lt\/wp-json\/wp\/v2\/types\/product"}],"replies":[{"embeddable":true,"href":"https:\/\/baldumarket.lt\/lt\/wp-json\/wp\/v2\/comments?post=195103"}],"wp:featuredmedia":[{"embeddable":true,"href":"https:\/\/baldumarket.lt\/lt\/wp-json\/wp\/v2\/media\/195104"}],"wp:attachment":[{"href":"https:\/\/baldumarket.lt\/lt\/wp-json\/wp\/v2\/media?parent=195103"}],"wp:term":[{"taxonomy":"product_brand","embeddable":true,"href":"https:\/\/baldumarket.lt\/lt\/wp-json\/wp\/v2\/product_brand?post=195103"},{"taxonomy":"product_cat","embeddable":true,"href":"https:\/\/baldumarket.lt\/lt\/wp-json\/wp\/v2\/product_cat?post=195103"},{"taxonomy":"product_tag","embeddable":true,"href":"https:\/\/baldumarket.lt\/lt\/wp-json\/wp\/v2\/product_tag?post=195103"}],"curies":[{"name":"wp","href":"https:\/\/api.w.org\/{rel}","templated":true}]}}