{"id":195085,"date":"2025-12-23T22:34:05","date_gmt":"2025-12-23T19:34:05","guid":{"rendered":"https:\/\/baldumarket.lt\/product\/stolik-kawowy-lawa-loftowa-z-szuflada-lang\/"},"modified":"2026-03-23T16:11:53","modified_gmt":"2026-03-23T13:11:53","slug":"stolik-kawowy-lawa-loftowa-z-szuflada-lang","status":"publish","type":"product","link":"https:\/\/baldumarket.lt\/lt\/product\/stolik-kawowy-lawa-loftowa-z-szuflada-lang\/","title":{"rendered":"Lang lofto kavos staliukas su stal\u010diumi"},"content":{"rendered":"<p>Kiekvienas \u201eLang\u201c sistemos elementas yra kruop\u0161\u010diai sukurtas atsi\u017evelgiant \u012f estetik\u0105 ir funkcionalum\u0105. Sistema i\u0161siskiria unikalia forma ir kruop\u0161\u010diai parinktomis spalvomis.<br \/>\nParametrai:<br \/>\nKorpusas: E05 laminuota med\u017eio dro\u017eli\u0173 plok\u0161t\u0117, 16 mm<br \/>\nKorpuso spalva: juoda<br \/>\nPriekin\u0117 dalis: E05 laminuota med\u017eio dro\u017eli\u0173 plok\u0161t\u0117, 16 mm + 18 mm MDF r\u0117mas (gr\u016bdintas stiklas)<br \/>\nPriekin\u0117s dalies spalva: juodas r\u0117mas + \u201eEvoke\u201c \u0105\u017euolas<br \/>\nHDF: juoda + \u201eEvoke\u201c \u0105\u017euolo lentjuost\u0117s<br \/>\nBriauna: ABS, atitinkanti lentos spalv\u0105. Priekyje \u2013 \u0105\u017euolo efektas<br \/>\nABS juodos spalvos<br \/>\nRankena: n\u0117ra, atidaroma spustel\u0117jus<br \/>\nKojel\u0117s: medin\u0117s, juodos<br \/>\nVyriai: perdengiami<br \/>\nStal\u010di\u0173 b\u0117geliai: su rutuliniais guoliais, pilno i\u0161traukimo<br \/>\nHDF stal\u010di\u0173 b\u0117geliai: juodi<br \/>\nLED ap\u0161vietimas: \u012ftrauktas (\u0161iltai baltas)<br \/>\nLang stalas \u2013 turi stal\u010di\u0173.<\/p>","protected":false},"excerpt":{"rendered":"<p>plotis [cm] 80,1<br \/>\n\u016agis [cm] 48,4<br \/>\ngylis [cm] 60,1<\/p>","protected":false},"featured_media":195086,"comment_status":"open","ping_status":"open","template":"","meta":[],"product_brand":[],"product_cat":[9654,5570],"product_tag":[],"class_list":{"0":"post-195085","1":"product","2":"type-product","3":"status-publish","4":"has-post-thumbnail","6":"product_cat-furniture-system-lang-laski","7":"product_cat-laski-meble","9":"first","10":"instock","11":"purchasable","12":"product-type-simple"},"_links":{"self":[{"href":"https:\/\/baldumarket.lt\/lt\/wp-json\/wp\/v2\/product\/195085","targetHints":{"allow":["GET"]}}],"collection":[{"href":"https:\/\/baldumarket.lt\/lt\/wp-json\/wp\/v2\/product"}],"about":[{"href":"https:\/\/baldumarket.lt\/lt\/wp-json\/wp\/v2\/types\/product"}],"replies":[{"embeddable":true,"href":"https:\/\/baldumarket.lt\/lt\/wp-json\/wp\/v2\/comments?post=195085"}],"wp:featuredmedia":[{"embeddable":true,"href":"https:\/\/baldumarket.lt\/lt\/wp-json\/wp\/v2\/media\/195086"}],"wp:attachment":[{"href":"https:\/\/baldumarket.lt\/lt\/wp-json\/wp\/v2\/media?parent=195085"}],"wp:term":[{"taxonomy":"product_brand","embeddable":true,"href":"https:\/\/baldumarket.lt\/lt\/wp-json\/wp\/v2\/product_brand?post=195085"},{"taxonomy":"product_cat","embeddable":true,"href":"https:\/\/baldumarket.lt\/lt\/wp-json\/wp\/v2\/product_cat?post=195085"},{"taxonomy":"product_tag","embeddable":true,"href":"https:\/\/baldumarket.lt\/lt\/wp-json\/wp\/v2\/product_tag?post=195085"}],"curies":[{"name":"wp","href":"https:\/\/api.w.org\/{rel}","templated":true}]}}