{"id":195076,"date":"2025-12-23T22:33:38","date_gmt":"2025-12-23T19:33:38","guid":{"rendered":"https:\/\/baldumarket.lt\/product\/stolik-kawowy-alva\/"},"modified":"2026-03-23T16:11:53","modified_gmt":"2026-03-23T13:11:53","slug":"stolik-kawowy-alva","status":"publish","type":"product","link":"https:\/\/baldumarket.lt\/lt\/product\/stolik-kawowy-alva\/","title":{"rendered":"Alva kavos staliukas"},"content":{"rendered":"<p>\u201eAlva\u201c stalas pasi\u017eymi minimalistiniu dizainu, kuriame atsispindi naujausios dizaino tendencijos, tod\u0117l galite sukurti nuostabi\u0105 svetain\u0117s erdv\u0119.<br \/>\nPapildoma informacija:<br \/>\n16 mm storio laminuota lenta Grandson \u0105\u017euolo ir baltos spalvos, atspari dr\u0117gmei ir \u012fbr\u0117\u017eimams<br \/>\nABS dengtas kra\u0161tas<\/p>","protected":false},"excerpt":{"rendered":"<p>Plotis [cm] 120<br \/>\n\u016agis [cm] 53<br \/>\ngylis [cm] 60<\/p>","protected":false},"featured_media":195077,"comment_status":"open","ping_status":"open","template":"","meta":[],"product_brand":[],"product_cat":[9651,5570],"product_tag":[],"class_list":{"0":"post-195076","1":"product","2":"type-product","3":"status-publish","4":"has-post-thumbnail","6":"product_cat-furniture-system-alva-laski","7":"product_cat-laski-meble","9":"first","10":"instock","11":"purchasable","12":"product-type-simple"},"_links":{"self":[{"href":"https:\/\/baldumarket.lt\/lt\/wp-json\/wp\/v2\/product\/195076","targetHints":{"allow":["GET"]}}],"collection":[{"href":"https:\/\/baldumarket.lt\/lt\/wp-json\/wp\/v2\/product"}],"about":[{"href":"https:\/\/baldumarket.lt\/lt\/wp-json\/wp\/v2\/types\/product"}],"replies":[{"embeddable":true,"href":"https:\/\/baldumarket.lt\/lt\/wp-json\/wp\/v2\/comments?post=195076"}],"wp:featuredmedia":[{"embeddable":true,"href":"https:\/\/baldumarket.lt\/lt\/wp-json\/wp\/v2\/media\/195077"}],"wp:attachment":[{"href":"https:\/\/baldumarket.lt\/lt\/wp-json\/wp\/v2\/media?parent=195076"}],"wp:term":[{"taxonomy":"product_brand","embeddable":true,"href":"https:\/\/baldumarket.lt\/lt\/wp-json\/wp\/v2\/product_brand?post=195076"},{"taxonomy":"product_cat","embeddable":true,"href":"https:\/\/baldumarket.lt\/lt\/wp-json\/wp\/v2\/product_cat?post=195076"},{"taxonomy":"product_tag","embeddable":true,"href":"https:\/\/baldumarket.lt\/lt\/wp-json\/wp\/v2\/product_tag?post=195076"}],"curies":[{"name":"wp","href":"https:\/\/api.w.org\/{rel}","templated":true}]}}