{"id":195068,"date":"2025-12-23T22:33:15","date_gmt":"2025-12-23T19:33:15","guid":{"rendered":"https:\/\/baldumarket.lt\/product\/salon-skandynawski-mebloscianka-meble-torro\/"},"modified":"2026-03-23T16:11:53","modified_gmt":"2026-03-23T13:11:53","slug":"salon-skandynawski-mebloscianka-meble-torro","status":"publish","type":"product","link":"https:\/\/baldumarket.lt\/lt\/product\/salon-skandynawski-mebloscianka-meble-torro\/","title":{"rendered":"Skandinavi\u0161ko stiliaus svetain\u0117s sienin\u0117 spintel\u0117 Torro baldai"},"content":{"rendered":"<p>\u201eTorro\u201c kolekcija pasi\u017eymi unikaliu ir moderniu dizainu, tod\u0117l puikiai tinka bet kokiam interjerui, ne tik skandinavi\u0161kam.<br \/>\nSpecifikacijos:<br \/>\nKorpusas: E05 laminuota med\u017eio dro\u017eli\u0173 plok\u0161t\u0117, 16 mm + apvali MDF juostel\u0117 \u0161onuose<br \/>\nKorpuso spalva: Kremonos \u0105\u017euolas + juoda<br \/>\nPriekin\u0117 dalis: E05 laminuota med\u017eio dro\u017eli\u0173 plok\u0161t\u0117, 16 mm<br \/>\nPriekin\u0117s dalies spalva: Kremonos \u0105\u017euolas<br \/>\nHDF: juoda<br \/>\nBriauna: ABS, atitinkanti lentos spalv\u0105<br \/>\nRankena: n\u0117ra, atidaroma spustel\u0117jus<br \/>\nVyriai: dvigubi, lygiagret\u016bs<br \/>\nStal\u010di\u0173 b\u0117geliai: rutuliniai guoliai, pilno i\u0161traukimo<br \/>\nHDF stal\u010di\u0173 b\u0117geliai: juodi<br \/>\nPapildoma informacija: Dekoratyvin\u0117 juoda MDF juostel\u0117 po stalvir\u0161iu, juodas cokolis (16 mm laminuota med\u017eio dro\u017eli\u0173 plok\u0161t\u0117 + apvali MDF juostel\u0117)<br \/>\n\u012e rinkin\u012f \u012feina:<br \/>\nKnyg\u0173 lentyna \u2013 113,2 x 190,1 x 38 cm \u2013 plotis\/auk\u0161tis\/gylis<br \/>\nSpintel\u0117 ant grind\u0173 pastatomam televizoriui \u2013 200\/54,9\/38 \u2013 plotis\/auk\u0161tis\/gylis<br \/>\n6S komoda \u2013 163,2\/82,9\/38 \u2013 plotis\/auk\u0161tis\/gylis<\/p>","protected":false},"excerpt":{"rendered":"<p>The Torro collection is characterized by a unique and modern design that makes it a perfect fit for any interior, not just Scandinavian ones. Specifications: Body: E05 laminated chipboard, 16 mm + rounded MDF strip on the sides Body color: Cremona Oak + Black Front: E05 laminated chipboard, 16 mm Front color: Cremona Oak HDF: [&hellip;]<\/p>","protected":false},"featured_media":195069,"comment_status":"open","ping_status":"open","template":"","meta":[],"product_brand":[],"product_cat":[9643,5570],"product_tag":[],"class_list":{"0":"post-195068","1":"product","2":"type-product","3":"status-publish","4":"has-post-thumbnail","6":"product_cat-furniture-system-torro-laski","7":"product_cat-laski-meble","9":"first","10":"instock","11":"purchasable","12":"product-type-simple"},"_links":{"self":[{"href":"https:\/\/baldumarket.lt\/lt\/wp-json\/wp\/v2\/product\/195068","targetHints":{"allow":["GET"]}}],"collection":[{"href":"https:\/\/baldumarket.lt\/lt\/wp-json\/wp\/v2\/product"}],"about":[{"href":"https:\/\/baldumarket.lt\/lt\/wp-json\/wp\/v2\/types\/product"}],"replies":[{"embeddable":true,"href":"https:\/\/baldumarket.lt\/lt\/wp-json\/wp\/v2\/comments?post=195068"}],"wp:featuredmedia":[{"embeddable":true,"href":"https:\/\/baldumarket.lt\/lt\/wp-json\/wp\/v2\/media\/195069"}],"wp:attachment":[{"href":"https:\/\/baldumarket.lt\/lt\/wp-json\/wp\/v2\/media?parent=195068"}],"wp:term":[{"taxonomy":"product_brand","embeddable":true,"href":"https:\/\/baldumarket.lt\/lt\/wp-json\/wp\/v2\/product_brand?post=195068"},{"taxonomy":"product_cat","embeddable":true,"href":"https:\/\/baldumarket.lt\/lt\/wp-json\/wp\/v2\/product_cat?post=195068"},{"taxonomy":"product_tag","embeddable":true,"href":"https:\/\/baldumarket.lt\/lt\/wp-json\/wp\/v2\/product_tag?post=195068"}],"curies":[{"name":"wp","href":"https:\/\/api.w.org\/{rel}","templated":true}]}}