{"id":195064,"date":"2025-12-23T22:33:03","date_gmt":"2025-12-23T19:33:03","guid":{"rendered":"https:\/\/baldumarket.lt\/product\/salon-muti-ryflowane-fronty-kaszmir\/"},"modified":"2026-03-23T16:11:53","modified_gmt":"2026-03-23T13:11:53","slug":"salon-muti-ryflowane-fronty-kaszmir","status":"publish","type":"product","link":"https:\/\/baldumarket.lt\/lt\/product\/salon-muti-ryflowane-fronty-kaszmir\/","title":{"rendered":"\u201eMuti salon\u201c grioveliais i\u0161 ka\u0161myro"},"content":{"rendered":"<p>\u201eMuti\u201c kolekcija suteiks j\u016bs\u0173 kambariui stiliaus. Funkcionalumo ir dizaino derinys. Specifikacijos:<br \/>\nKorpusas: 18 mm grioveliais padengta MDF plok\u0161t\u0117 + 16 mm E05 laminuota med\u017eio dro\u017eli\u0173 plok\u0161t\u0117<br \/>\nKorpuso spalva: ka\u0161myras<br \/>\nPriekin\u0117 dalis: 18 mm grioveliais i\u0161klota MDF plok\u0161t\u0117<br \/>\nPriekin\u0117 spalva: ka\u0161myras<br \/>\nHDF: balta<br \/>\nBriauna: ABS, atitinkanti lentos spalv\u0105<br \/>\nRankena: n\u0117ra, atidaroma spustel\u0117jus<br \/>\nKojel\u0117s: metalas, ka\u0161myras<br \/>\nVyriai: dvigubi<br \/>\nStal\u010di\u0173 b\u0117geliai: su rutuliniais guoliais, pilno i\u0161traukimo<br \/>\nHDF stal\u010diai: balti<br \/>\n\u012e rinkin\u012f \u012feina:<br \/>\nAuk\u0161ta komoda su dviem durimis \u2013 98,6\/123\/39,8 \u2013 plotis\/auk\u0161tis\/gylis<br \/>\n147 2 dur\u0173 3S komoda \u2013 147\/81.2\/39.8 \u2013 plotis\/auk\u0161tis\/gylis<br \/>\n195 4 dur\u0173 televizorius \u2013 195\/51,2\/39,8 \u2013 plotis\/auk\u0161tis\/gylis<\/p>","protected":false},"excerpt":{"rendered":"<p>\u201eMuti\u201c kolekcija suteiks j\u016bs\u0173 kambariui stiliaus. Funkcionalumo ir dizaino derinys. Specifikacijos: Korpusas: 18 mm grioveli\u0173 MDF + 16 mm E05 laminuota med\u017eio dro\u017eli\u0173 plok\u0161t\u0117 Korpuso spalva: ka\u0161myras Priekin\u0117 dalis: 18 mm grioveli\u0173 MDF Priekin\u0117s dalies spalva: ka\u0161myras HDF: balta Kra\u0161tas: ABS, derantis prie plok\u0161t\u0117s spalvos Rankena: n\u0117ra, atidaroma spustel\u0117jus Kojel\u0117s: metalin\u0117s, ka\u0161myras Vyriai: dvigubi Stal\u010diai [\u2026]<\/p>","protected":false},"featured_media":195065,"comment_status":"open","ping_status":"open","template":"","meta":[],"product_brand":[],"product_cat":[9641,5570],"product_tag":[],"class_list":{"0":"post-195064","1":"product","2":"type-product","3":"status-publish","4":"has-post-thumbnail","6":"product_cat-furniture-system-muti-laski","7":"product_cat-laski-meble","9":"first","10":"instock","11":"purchasable","12":"product-type-simple"},"_links":{"self":[{"href":"https:\/\/baldumarket.lt\/lt\/wp-json\/wp\/v2\/product\/195064","targetHints":{"allow":["GET"]}}],"collection":[{"href":"https:\/\/baldumarket.lt\/lt\/wp-json\/wp\/v2\/product"}],"about":[{"href":"https:\/\/baldumarket.lt\/lt\/wp-json\/wp\/v2\/types\/product"}],"replies":[{"embeddable":true,"href":"https:\/\/baldumarket.lt\/lt\/wp-json\/wp\/v2\/comments?post=195064"}],"wp:featuredmedia":[{"embeddable":true,"href":"https:\/\/baldumarket.lt\/lt\/wp-json\/wp\/v2\/media\/195065"}],"wp:attachment":[{"href":"https:\/\/baldumarket.lt\/lt\/wp-json\/wp\/v2\/media?parent=195064"}],"wp:term":[{"taxonomy":"product_brand","embeddable":true,"href":"https:\/\/baldumarket.lt\/lt\/wp-json\/wp\/v2\/product_brand?post=195064"},{"taxonomy":"product_cat","embeddable":true,"href":"https:\/\/baldumarket.lt\/lt\/wp-json\/wp\/v2\/product_cat?post=195064"},{"taxonomy":"product_tag","embeddable":true,"href":"https:\/\/baldumarket.lt\/lt\/wp-json\/wp\/v2\/product_tag?post=195064"}],"curies":[{"name":"wp","href":"https:\/\/api.w.org\/{rel}","templated":true}]}}