{"id":195060,"date":"2025-12-23T22:32:49","date_gmt":"2025-12-23T19:32:49","guid":{"rendered":"https:\/\/baldumarket.lt\/product\/salon-muti-ryflowane-fronty-czarny-mat\/"},"modified":"2026-03-23T16:12:00","modified_gmt":"2026-03-23T13:12:00","slug":"salon-muti-ryflowane-fronty-czarny-mat","status":"publish","type":"product","link":"https:\/\/baldumarket.lt\/lt\/product\/salon-muti-ryflowane-fronty-czarny-mat\/","title":{"rendered":"\u201eMuti\u201c salono grioveliai, juodi matiniai fasadai"},"content":{"rendered":"<p>\u201eMuti\u201c kolekcija suteiks j\u016bs\u0173 kambariui stiliaus. Funkcionalumo ir dizaino derinys. Specifikacijos:<br \/>\nKorpusas: 18 mm grioveliais padengta MDF plok\u0161t\u0117 + 16 mm E05 laminuota med\u017eio dro\u017eli\u0173 plok\u0161t\u0117<br \/>\nKorpuso spalva: juoda<br \/>\nPriekin\u0117 dalis: 18 mm grioveliais i\u0161klota MDF plok\u0161t\u0117<br \/>\nPriekin\u0117 spalva: juoda<br \/>\nHDF: juoda<br \/>\nBriauna: ABS, atitinkanti lentos spalv\u0105<br \/>\nRankena: n\u0117ra, atidaroma spustel\u0117jus<br \/>\nKojel\u0117s: metalin\u0117s, juodos<br \/>\nVyriai: dvigubi<br \/>\nStal\u010di\u0173 b\u0117geliai: su rutuliniais guoliais, pilno i\u0161traukimo<br \/>\nHDF stal\u010diai: juodi<br \/>\n\u012e rinkin\u012f \u012feina:<br \/>\nAuk\u0161ta komoda su dviem durimis \u2013 98,6\/123\/39,8 \u2013 plotis\/auk\u0161tis\/gylis<br \/>\n147 2 dur\u0173 3S komoda \u2013 147\/81.2\/39.8 \u2013 plotis\/auk\u0161tis\/gylis<br \/>\n195 4 dur\u0173 televizorius \u2013 195\/51,2\/39,8 \u2013 plotis\/auk\u0161tis\/gylis<\/p>","protected":false},"excerpt":{"rendered":"<p>\u201eMuti\u201c kolekcija suteiks j\u016bs\u0173 kambariui stiliaus. Funkcionalumo ir dizaino derinys. Specifikacijos: Korpusas: 18 mm grioveli\u0173 MDF + 16 mm E05 laminuota med\u017eio dro\u017eli\u0173 plok\u0161t\u0117 Korpuso spalva: juoda Priekis: 18 mm grioveli\u0173 MDF Priekin\u0117s dalies spalva: juoda HDF: juoda Kra\u0161tas: ABS, atitinkantis plok\u0161t\u0117s spalv\u0105 Rankena: n\u0117ra, atidaroma spustel\u0117jus Kojel\u0117s: metalin\u0117s, juodos Vyriai: dvigubi Stal\u010diai [\u2026]<\/p>","protected":false},"featured_media":195061,"comment_status":"open","ping_status":"open","template":"","meta":[],"product_brand":[],"product_cat":[9650,5570],"product_tag":[],"class_list":{"0":"post-195060","1":"product","2":"type-product","3":"status-publish","4":"has-post-thumbnail","6":"product_cat-furniture-system-ada-laski","7":"product_cat-laski-meble","9":"first","10":"instock","11":"purchasable","12":"product-type-simple"},"_links":{"self":[{"href":"https:\/\/baldumarket.lt\/lt\/wp-json\/wp\/v2\/product\/195060","targetHints":{"allow":["GET"]}}],"collection":[{"href":"https:\/\/baldumarket.lt\/lt\/wp-json\/wp\/v2\/product"}],"about":[{"href":"https:\/\/baldumarket.lt\/lt\/wp-json\/wp\/v2\/types\/product"}],"replies":[{"embeddable":true,"href":"https:\/\/baldumarket.lt\/lt\/wp-json\/wp\/v2\/comments?post=195060"}],"wp:featuredmedia":[{"embeddable":true,"href":"https:\/\/baldumarket.lt\/lt\/wp-json\/wp\/v2\/media\/195061"}],"wp:attachment":[{"href":"https:\/\/baldumarket.lt\/lt\/wp-json\/wp\/v2\/media?parent=195060"}],"wp:term":[{"taxonomy":"product_brand","embeddable":true,"href":"https:\/\/baldumarket.lt\/lt\/wp-json\/wp\/v2\/product_brand?post=195060"},{"taxonomy":"product_cat","embeddable":true,"href":"https:\/\/baldumarket.lt\/lt\/wp-json\/wp\/v2\/product_cat?post=195060"},{"taxonomy":"product_tag","embeddable":true,"href":"https:\/\/baldumarket.lt\/lt\/wp-json\/wp\/v2\/product_tag?post=195060"}],"curies":[{"name":"wp","href":"https:\/\/api.w.org\/{rel}","templated":true}]}}