{"id":195053,"date":"2025-12-23T22:32:27","date_gmt":"2025-12-23T19:32:27","guid":{"rendered":"https:\/\/baldumarket.lt\/product\/salon-mebloscianka-tavo-ryflowane-fronty-cremona\/"},"modified":"2026-03-23T16:12:00","modified_gmt":"2026-03-23T13:12:00","slug":"salon-mebloscianka-tavo-ryflowane-fronty-cremona","status":"publish","type":"product","link":"https:\/\/baldumarket.lt\/lt\/product\/salon-mebloscianka-tavo-ryflowane-fronty-cremona\/","title":{"rendered":"Svetain\u0117s \u201eTavo\u201c sienin\u0117 spintel\u0117 su grioveliais fasaduose, kremona"},"content":{"rendered":"<p>\u201eTavo\u201c svetain\u0117s dizainas buvo sukurtas atsi\u017evelgiant \u012f dabartines tendencijas \u2013 auk\u0161tos kojel\u0117s, geometrin\u0117s formos ir spalvos pabr\u0117\u017eia elegancij\u0105 ir skandinavi\u0161k\u0105 stili\u0173. Specifikacijos:<br \/>\nKorpusas: E05 laminuota med\u017eio dro\u017eli\u0173 plok\u0161t\u0117, 16 mm<br \/>\nKorpuso spalva: Kremonos \u0105\u017euolas<br \/>\nPriekin\u0117 dalis: 18 mm grioveliais padengta MDF plok\u0161t\u0117 + 16 mm laminuota med\u017eio dro\u017eli\u0173 plok\u0161t\u0117<br \/>\nPriekin\u0117s dalies spalva: Kremonos \u0105\u017euolas<br \/>\nHDF: Sonoma \u0105\u017euolas<br \/>\nBriauna: ABS, atitinkanti lentos kra\u0161t\u0105<br \/>\nRankena: n\u0117ra, atidaroma spustel\u0117jus<br \/>\nKojel\u0117s: medin\u0117s<br \/>\nVyriai: \u012fleid\u017eiami \/ dvigubi<br \/>\nStal\u010di\u0173 b\u0117geliai: su rutuliniais guoliais, pilno i\u0161traukimo<br \/>\nHDF stal\u010diai: Sonoma \u0105\u017euolas<br \/>\n\u012e rinkin\u012f \u012feina:<br \/>\n3D auk\u0161ta komoda \u2013 103,5\/121,8\/39,5 \u2013 plotis\/auk\u0161tis\/gylis<br \/>\nTV staliukas 153 \u2013 153,5\/51,8\/39,5 \u2013 plotis\/auk\u0161tis\/gylis<br \/>\nKomoda 153 \u2013 153,5\/79,8\/39,5 \u2013 plotis\/auk\u0161tis\/gylis<\/p>","protected":false},"excerpt":{"rendered":"<p>\u201eTavo\u201c svetain\u0117s dizainas atspindi dabartines tendencijas \u2013 auk\u0161tos kojel\u0117s, geometrin\u0117s formos ir spalvos pabr\u0117\u017eia elegancij\u0105 ir skandinavi\u0161k\u0105 stili\u0173. Specifikacijos: Korpusas: E05 laminuota med\u017eio dro\u017eli\u0173 plok\u0161t\u0117, 16 mm; Korpuso spalva: Cremona Oak; Priekis: 18 mm grioveliais marginta MDF + 16 mm laminuota med\u017eio dro\u017eli\u0173 plok\u0161t\u0117; Priekio spalva: Cremona Oak; HDF: Sonoma Oak; Kra\u0161tas: ABS, derantis prie plok\u0161t\u0117s [\u2026]<\/p>","protected":false},"featured_media":195054,"comment_status":"open","ping_status":"open","template":"","meta":[],"product_brand":[],"product_cat":[9657,5570],"product_tag":[],"class_list":{"0":"post-195053","1":"product","2":"type-product","3":"status-publish","4":"has-post-thumbnail","6":"product_cat-furniture-system-tavo-laski","7":"product_cat-laski-meble","9":"first","10":"instock","11":"purchasable","12":"product-type-simple"},"_links":{"self":[{"href":"https:\/\/baldumarket.lt\/lt\/wp-json\/wp\/v2\/product\/195053","targetHints":{"allow":["GET"]}}],"collection":[{"href":"https:\/\/baldumarket.lt\/lt\/wp-json\/wp\/v2\/product"}],"about":[{"href":"https:\/\/baldumarket.lt\/lt\/wp-json\/wp\/v2\/types\/product"}],"replies":[{"embeddable":true,"href":"https:\/\/baldumarket.lt\/lt\/wp-json\/wp\/v2\/comments?post=195053"}],"wp:featuredmedia":[{"embeddable":true,"href":"https:\/\/baldumarket.lt\/lt\/wp-json\/wp\/v2\/media\/195054"}],"wp:attachment":[{"href":"https:\/\/baldumarket.lt\/lt\/wp-json\/wp\/v2\/media?parent=195053"}],"wp:term":[{"taxonomy":"product_brand","embeddable":true,"href":"https:\/\/baldumarket.lt\/lt\/wp-json\/wp\/v2\/product_brand?post=195053"},{"taxonomy":"product_cat","embeddable":true,"href":"https:\/\/baldumarket.lt\/lt\/wp-json\/wp\/v2\/product_cat?post=195053"},{"taxonomy":"product_tag","embeddable":true,"href":"https:\/\/baldumarket.lt\/lt\/wp-json\/wp\/v2\/product_tag?post=195053"}],"curies":[{"name":"wp","href":"https:\/\/api.w.org\/{rel}","templated":true}]}}