{"id":195045,"date":"2025-12-23T22:32:09","date_gmt":"2025-12-23T19:32:09","guid":{"rendered":"https:\/\/baldumarket.lt\/product\/salon-mebloscianka-ryflowane-wstawki-veris\/"},"modified":"2026-03-23T16:12:00","modified_gmt":"2026-03-23T13:12:00","slug":"salon-mebloscianka-ryflowane-wstawki-veris","status":"publish","type":"product","link":"https:\/\/baldumarket.lt\/lt\/product\/salon-mebloscianka-ryflowane-wstawki-veris\/","title":{"rendered":"Svetain\u0117s sienin\u0117 spintel\u0117 su grioveliais Veris"},"content":{"rendered":"<p>\u201eVeris\u201c kolekcija pasi\u017eymi unikaliu ir moderniu dizainu, tod\u0117l puikiai tinka bet kokiam interjerui, ne tik pal\u0117pei.<br \/>\nSpecifikacijos:<br \/>\nKorpusas: E05 laminuota med\u017eio dro\u017eli\u0173 plok\u0161t\u0117, 16 mm + apvali MDF juostel\u0117 \u0161onuose + grioveliais i\u0161d\u0117liotas 18 mm MDF \u012fd\u0117klas<br \/>\nKorpuso spalva: Dunin \u0105\u017euolas + juoda<br \/>\nPriekin\u0117 dalis: E05 laminuota med\u017eio dro\u017eli\u0173 plok\u0161t\u0117, 16 mm<br \/>\nPriekin\u0117s dalies spalva: Dunin Oak<br \/>\nHDF: atitinka Dunin Oak<br \/>\nApvadas: ABS, atitinkanti lentos spalv\u0105<br \/>\nRankena: metalin\u0117, juoda<br \/>\nKojel\u0117s: metalin\u0117s, juodos<br \/>\nVyriai: dvigubi, lygiagret\u016bs<br \/>\nStal\u010di\u0173 b\u0117geliai: su rutuliniais guoliais, pilno i\u0161traukimo<br \/>\nHDF stal\u010diai: derantys prie Dunin Oak<br \/>\n\u012e rinkin\u012f \u012feina:<br \/>\nAuk\u0161ta komoda su dviem durimis \u2013 plotis 113,2 cm \/ auk\u0161tis 134,2 cm \/ gylis 38 cm<br \/>\nKomoda 163 6S \u2013 plotis 163,2 cm \/ auk\u0161tis 81,2 cm \/ gylis 38 cm<br \/>\nTelevizoriaus spintel\u0117 \u2013 plotis 195,2 cm \/ auk\u0161tis 61,2 cm \/ gylis 38 cm<\/p>","protected":false},"excerpt":{"rendered":"<p>\u201eVeris\u201c kolekcija pasi\u017eymi unikaliu ir moderniu dizainu, tod\u0117l puikiai tinka bet kokiam interjerui, ne tik pal\u0117pei. Specifikacijos: Korpusas: E05 laminuota med\u017eio dro\u017eli\u0173 plok\u0161t\u0117, 16 mm + apvali MDF juostel\u0117 \u0161onuose + grioveliais i\u0161klotas 18 mm MDF \u012fd\u0117klas Korpuso spalva: Dunin Oak + juoda Priekis: E05 laminuota med\u017eio dro\u017eli\u0173 plok\u0161t\u0117, 16 mm Priekinis [\u2026]<\/p>","protected":false},"featured_media":195046,"comment_status":"open","ping_status":"open","template":"","meta":[],"product_brand":[],"product_cat":[9642,5570],"product_tag":[],"class_list":{"0":"post-195045","1":"product","2":"type-product","3":"status-publish","4":"has-post-thumbnail","6":"product_cat-furniture-system-veris-laski","7":"product_cat-laski-meble","9":"first","10":"instock","11":"purchasable","12":"product-type-simple"},"_links":{"self":[{"href":"https:\/\/baldumarket.lt\/lt\/wp-json\/wp\/v2\/product\/195045","targetHints":{"allow":["GET"]}}],"collection":[{"href":"https:\/\/baldumarket.lt\/lt\/wp-json\/wp\/v2\/product"}],"about":[{"href":"https:\/\/baldumarket.lt\/lt\/wp-json\/wp\/v2\/types\/product"}],"replies":[{"embeddable":true,"href":"https:\/\/baldumarket.lt\/lt\/wp-json\/wp\/v2\/comments?post=195045"}],"wp:featuredmedia":[{"embeddable":true,"href":"https:\/\/baldumarket.lt\/lt\/wp-json\/wp\/v2\/media\/195046"}],"wp:attachment":[{"href":"https:\/\/baldumarket.lt\/lt\/wp-json\/wp\/v2\/media?parent=195045"}],"wp:term":[{"taxonomy":"product_brand","embeddable":true,"href":"https:\/\/baldumarket.lt\/lt\/wp-json\/wp\/v2\/product_brand?post=195045"},{"taxonomy":"product_cat","embeddable":true,"href":"https:\/\/baldumarket.lt\/lt\/wp-json\/wp\/v2\/product_cat?post=195045"},{"taxonomy":"product_tag","embeddable":true,"href":"https:\/\/baldumarket.lt\/lt\/wp-json\/wp\/v2\/product_tag?post=195045"}],"curies":[{"name":"wp","href":"https:\/\/api.w.org\/{rel}","templated":true}]}}