{"id":195041,"date":"2025-12-23T22:32:00","date_gmt":"2025-12-23T19:32:00","guid":{"rendered":"https:\/\/baldumarket.lt\/product\/salon-mebloscianka-ryflowane-wstawki-senso-czarny\/"},"modified":"2026-03-23T16:12:00","modified_gmt":"2026-03-23T13:12:00","slug":"salon-mebloscianka-ryflowane-wstawki-senso-czarny","status":"publish","type":"product","link":"https:\/\/baldumarket.lt\/lt\/product\/salon-mebloscianka-ryflowane-wstawki-senso-czarny\/","title":{"rendered":"Svetain\u0117s sienin\u0117 spintel\u0117 su grioveliais, juoda"},"content":{"rendered":"<p>\u201eSenso\u201c kolekcija buvo sukurta atsi\u017evelgiant \u012f dabartines tendencijas \u2013 auk\u0161tos, juodos kojel\u0117s, geometrin\u0117 forma ir juoda spalva pabr\u0117\u017eia elegancij\u0105 ir modern\u0173 stili\u0173. Specifikacijos:<br \/>\nKorpusas: E05 laminuota med\u017eio dro\u017eli\u0173 plok\u0161t\u0117, 16 mm<br \/>\nKorpuso spalva: juoda<br \/>\nPriekin\u0117 dalis: E05 laminuota med\u017eio dro\u017eli\u0173 plok\u0161t\u0117, 16 mm + 18 mm MDF<br \/>\nPriekin\u0117 spalva: juoda<br \/>\nHDF: balta<br \/>\nBriauna: ABS, atitinkanti plok\u0161t\u0117s spalv\u0105<br \/>\nRankena: n\u0117ra, atidaroma spustel\u0117jus<br \/>\nKojel\u0117s: metalin\u0117s, juodos<br \/>\nVyriai: \u012fleid\u017eiami \/ dvigubi<br \/>\nStal\u010di\u0173 b\u0117geliai: su rutuliniais guoliais, pilno i\u0161traukimo<br \/>\nHDF stal\u010diai: balti<br \/>\n\u012e rinkin\u012f \u012feina:<br \/>\n3D auk\u0161ta komoda \u2013 103,5\/123,4\/39,5 cm plo\u010dio\/auk\u0161tio\/gylio<br \/>\nTelevizoriaus spintel\u0117 153 cm \u2013 153,5\/53,4\/39,5 cm plo\u010dio\/auk\u0161tio\/gylio<br \/>\nKomoda 187 cm \u2013 187,1 cm plo\u010dio\/auk\u0161tumo\/gylio plotis\/auk\u0161tis\/gylis<br \/>\nKavos staliukas \u2013 68\/48,4\/68 plotis\/auk\u0161tis\/gylis<\/p>","protected":false},"excerpt":{"rendered":"<p>\u201eSenso\u201c kolekcija buvo sukurta atsi\u017evelgiant \u012f dabartines tendencijas \u2013 auk\u0161tos, juodos kojel\u0117s, geometrin\u0117 forma ir juoda spalva pabr\u0117\u017eia elegancij\u0105 ir modern\u0173 stili\u0173. Specifikacijos: Korpusas: E05 laminuota med\u017eio dro\u017eli\u0173 plok\u0161t\u0117, 16 mm Korpuso spalva: juoda Priekis: E05 laminuota med\u017eio dro\u017eli\u0173 plok\u0161t\u0117, 16 mm + 18 mm MDF Priekio spalva: juoda HDF: balta Briauna: ABS, atitinkanti plok\u0161t\u0117s spalv\u0105 [\u2026]<\/p>","protected":false},"featured_media":195042,"comment_status":"open","ping_status":"open","template":"","meta":[],"product_brand":[],"product_cat":[5570,2008],"product_tag":[],"class_list":{"0":"post-195041","1":"product","2":"type-product","3":"status-publish","4":"has-post-thumbnail","6":"product_cat-laski-meble","7":"product_cat-wall-units","9":"first","10":"instock","11":"purchasable","12":"product-type-simple"},"_links":{"self":[{"href":"https:\/\/baldumarket.lt\/lt\/wp-json\/wp\/v2\/product\/195041","targetHints":{"allow":["GET"]}}],"collection":[{"href":"https:\/\/baldumarket.lt\/lt\/wp-json\/wp\/v2\/product"}],"about":[{"href":"https:\/\/baldumarket.lt\/lt\/wp-json\/wp\/v2\/types\/product"}],"replies":[{"embeddable":true,"href":"https:\/\/baldumarket.lt\/lt\/wp-json\/wp\/v2\/comments?post=195041"}],"wp:featuredmedia":[{"embeddable":true,"href":"https:\/\/baldumarket.lt\/lt\/wp-json\/wp\/v2\/media\/195042"}],"wp:attachment":[{"href":"https:\/\/baldumarket.lt\/lt\/wp-json\/wp\/v2\/media?parent=195041"}],"wp:term":[{"taxonomy":"product_brand","embeddable":true,"href":"https:\/\/baldumarket.lt\/lt\/wp-json\/wp\/v2\/product_brand?post=195041"},{"taxonomy":"product_cat","embeddable":true,"href":"https:\/\/baldumarket.lt\/lt\/wp-json\/wp\/v2\/product_cat?post=195041"},{"taxonomy":"product_tag","embeddable":true,"href":"https:\/\/baldumarket.lt\/lt\/wp-json\/wp\/v2\/product_tag?post=195041"}],"curies":[{"name":"wp","href":"https:\/\/api.w.org\/{rel}","templated":true}]}}