{"id":195033,"date":"2025-12-23T22:31:48","date_gmt":"2025-12-23T19:31:48","guid":{"rendered":"https:\/\/baldumarket.lt\/product\/salon-mebloscianka-ryflowane-wstawki-senso-bez\/"},"modified":"2026-04-14T16:44:11","modified_gmt":"2026-04-14T13:44:11","slug":"salon-mebloscianka-ryflowane-wstawki-senso-bez","status":"publish","type":"product","link":"https:\/\/baldumarket.lt\/lt\/product\/salon-mebloscianka-ryflowane-wstawki-senso-bez\/","title":{"rendered":"Svetain\u0117s sienin\u0117 spintel\u0117 su grioveliais, sm\u0117lio spalvos"},"content":{"rendered":"<p>\u201eSenso\u201c kolekcija buvo sukurta atsi\u017evelgiant \u012f dabartines tendencijas \u2013 auk\u0161tos, sm\u0117lio spalvos kojel\u0117s, geometrin\u0117 forma ir sm\u0117lio spalva pabr\u0117\u017eia elegancij\u0105 ir modern\u0173 stili\u0173. Specifikacijos:<br \/>\nKorpusas: E05 laminuota med\u017eio dro\u017eli\u0173 plok\u0161t\u0117, 16 mm<br \/>\nKorpuso spalva: sm\u0117lio spalvos<br \/>\nPriekin\u0117 dalis: E05 laminuota med\u017eio dro\u017eli\u0173 plok\u0161t\u0117, 16 mm + 18 mm MDF<br \/>\nPriekin\u0117 spalva: sm\u0117lio spalvos<br \/>\nHDF: balta<br \/>\nBriauna: ABS, atitinkanti lentos spalv\u0105<br \/>\nRankena: n\u0117ra, atidaroma spustel\u0117jus<br \/>\nKojel\u0117s: metalin\u0117s, sm\u0117lio spalvos<br \/>\nVyriai: \u012fleid\u017eiami \/ dvigubi<br \/>\nStal\u010di\u0173 b\u0117geliai: su rutuliniais guoliais, pilno i\u0161traukimo<br \/>\nHDF stal\u010diai: balti<br \/>\n\u012e rinkin\u012f \u012feina:<br \/>\n3D auk\u0161ta komoda \u2013 103,5\/123,4\/39,5 cm plo\u010dio\/auk\u0161tio\/gylio<br \/>\nTelevizoriaus spintel\u0117 153 cm \u2013 153,5\/53,4\/39,5 cm plo\u010dio\/auk\u0161tio\/gylio<br \/>\nKomoda 187 cm \u2013 187,1 cm plo\u010dio\/auk\u0161tumo\/gylio plotis\/auk\u0161tis\/gylis<br \/>\nKavos staliukas \u2013 68\/48,4\/68 plotis\/auk\u0161tis\/gylis<\/p>","protected":false},"excerpt":{"rendered":"<p>\u201eSenso\u201c kolekcija buvo sukurta atsi\u017evelgiant \u012f dabartines tendencijas \u2013 auk\u0161tos, sm\u0117lio spalvos kojel\u0117s, geometrin\u0117 forma ir sm\u0117lio spalva pabr\u0117\u017eia elegancij\u0105 ir modern\u0173 stili\u0173. Specifikacijos: Korpusas: E05 laminuota med\u017eio dro\u017eli\u0173 plok\u0161t\u0117, 16 mm Korpuso spalva: sm\u0117lio spalvos Priekis: E05 laminuota med\u017eio dro\u017eli\u0173 plok\u0161t\u0117, 16 mm + 18 mm MDF Priekio spalva: sm\u0117lio spalvos HDF: balta Kra\u0161tas: ABS, derantis prie plok\u0161t\u0117s [\u2026]<\/p>","protected":false},"featured_media":195034,"comment_status":"open","ping_status":"open","template":"","meta":[],"product_brand":[],"product_cat":[9653,5570,2008],"product_tag":[],"class_list":{"0":"post-195033","1":"product","2":"type-product","3":"status-publish","4":"has-post-thumbnail","6":"product_cat-furniture-system-senso-laski","7":"product_cat-laski-meble","8":"product_cat-wall-units","10":"first","11":"instock","12":"purchasable","13":"product-type-simple"},"_links":{"self":[{"href":"https:\/\/baldumarket.lt\/lt\/wp-json\/wp\/v2\/product\/195033","targetHints":{"allow":["GET"]}}],"collection":[{"href":"https:\/\/baldumarket.lt\/lt\/wp-json\/wp\/v2\/product"}],"about":[{"href":"https:\/\/baldumarket.lt\/lt\/wp-json\/wp\/v2\/types\/product"}],"replies":[{"embeddable":true,"href":"https:\/\/baldumarket.lt\/lt\/wp-json\/wp\/v2\/comments?post=195033"}],"wp:featuredmedia":[{"embeddable":true,"href":"https:\/\/baldumarket.lt\/lt\/wp-json\/wp\/v2\/media\/195034"}],"wp:attachment":[{"href":"https:\/\/baldumarket.lt\/lt\/wp-json\/wp\/v2\/media?parent=195033"}],"wp:term":[{"taxonomy":"product_brand","embeddable":true,"href":"https:\/\/baldumarket.lt\/lt\/wp-json\/wp\/v2\/product_brand?post=195033"},{"taxonomy":"product_cat","embeddable":true,"href":"https:\/\/baldumarket.lt\/lt\/wp-json\/wp\/v2\/product_cat?post=195033"},{"taxonomy":"product_tag","embeddable":true,"href":"https:\/\/baldumarket.lt\/lt\/wp-json\/wp\/v2\/product_tag?post=195033"}],"curies":[{"name":"wp","href":"https:\/\/api.w.org\/{rel}","templated":true}]}}