{"id":195025,"date":"2025-12-23T22:31:34","date_gmt":"2025-12-23T19:31:34","guid":{"rendered":"https:\/\/baldumarket.lt\/product\/salon-mebloscianka-loftowa-czarna-lante\/"},"modified":"2026-03-23T16:12:00","modified_gmt":"2026-03-23T13:12:00","slug":"salon-mebloscianka-loftowa-czarna-lante","status":"publish","type":"product","link":"https:\/\/baldumarket.lt\/lt\/product\/salon-mebloscianka-loftowa-czarna-lante\/","title":{"rendered":"Svetain\u0117s pal\u0117p\u0117s sienin\u0117 spintel\u0117, juoda, Lante"},"content":{"rendered":"<p>\u201eLante\u201c sienin\u0117 spintel\u0117 suteiks j\u016bs\u0173 kambariui stiliaus. Funkcionalumo ir dizaino derinys.<br \/>\nTai apima:<br \/>\nKnyg\u0173 lentyna<br \/>\nKomoda 163 cm 6S<br \/>\nTelevizoriaus spintel\u0117 163 cm<br \/>\nParametrai:<br \/>\nKorpusas: E05 laminuota med\u017eio dro\u017eli\u0173 plok\u0161t\u0117, 16 mm + apvali MDF juostel\u0117<br \/>\nKorpuso spalva: juoda<br \/>\nPriekin\u0117 dalis: 18 mm MDF plok\u0161t\u0117<br \/>\nPriekin\u0117 spalva: juoda<br \/>\nHDF: balta \/ juoda HDF ant knyg\u0173 lentynos<br \/>\nApvadas: ABS, atitinkantis lentos spalv\u0105<br \/>\nRankena: juodas metalas<br \/>\nKojel\u0117s: juodas metalas<br \/>\nVyriai: lygiagret\u016bs \/ dvigubi<br \/>\nStal\u010di\u0173 b\u0117geliai: su rutuliniais guoliais, pilno i\u0161traukimo<br \/>\nHDF stal\u010di\u0173 b\u0117geliai: balti<br \/>\nSpalva: juoda + juodos kojel\u0117s<\/p>","protected":false},"excerpt":{"rendered":"<p>\u201eLante\u201c sienin\u0117 spintel\u0117 suteiks j\u016bs\u0173 kambariui stiliaus. Funkcionalumo ir dizaino derinys. J\u0105 sudaro: Knyg\u0173 lentyna Komoda 163 cm 6S TV staliukas 163 cm Parametrai: Korpusas: E05 laminuota med\u017eio dro\u017eli\u0173 plok\u0161t\u0117, 16 mm + apvali MDF juostel\u0117 Korpuso spalva: juoda Priekis: 18 mm MDF Priekio spalva: juoda HDF: balta \/ juoda HDF [\u2026]<\/p>","protected":false},"featured_media":195026,"comment_status":"open","ping_status":"open","template":"","meta":[],"product_brand":[],"product_cat":[9658,5570],"product_tag":[],"class_list":{"0":"post-195025","1":"product","2":"type-product","3":"status-publish","4":"has-post-thumbnail","6":"product_cat-furniture-system-lante-laski","7":"product_cat-laski-meble","9":"first","10":"instock","11":"purchasable","12":"product-type-simple"},"_links":{"self":[{"href":"https:\/\/baldumarket.lt\/lt\/wp-json\/wp\/v2\/product\/195025","targetHints":{"allow":["GET"]}}],"collection":[{"href":"https:\/\/baldumarket.lt\/lt\/wp-json\/wp\/v2\/product"}],"about":[{"href":"https:\/\/baldumarket.lt\/lt\/wp-json\/wp\/v2\/types\/product"}],"replies":[{"embeddable":true,"href":"https:\/\/baldumarket.lt\/lt\/wp-json\/wp\/v2\/comments?post=195025"}],"wp:featuredmedia":[{"embeddable":true,"href":"https:\/\/baldumarket.lt\/lt\/wp-json\/wp\/v2\/media\/195026"}],"wp:attachment":[{"href":"https:\/\/baldumarket.lt\/lt\/wp-json\/wp\/v2\/media?parent=195025"}],"wp:term":[{"taxonomy":"product_brand","embeddable":true,"href":"https:\/\/baldumarket.lt\/lt\/wp-json\/wp\/v2\/product_brand?post=195025"},{"taxonomy":"product_cat","embeddable":true,"href":"https:\/\/baldumarket.lt\/lt\/wp-json\/wp\/v2\/product_cat?post=195025"},{"taxonomy":"product_tag","embeddable":true,"href":"https:\/\/baldumarket.lt\/lt\/wp-json\/wp\/v2\/product_tag?post=195025"}],"curies":[{"name":"wp","href":"https:\/\/api.w.org\/{rel}","templated":true}]}}