{"id":195017,"date":"2025-12-23T22:31:25","date_gmt":"2025-12-23T19:31:25","guid":{"rendered":"https:\/\/baldumarket.lt\/product\/salon-mebloscianka-lante-biala-ryflowana\/"},"modified":"2026-03-23T16:12:00","modified_gmt":"2026-03-23T13:12:00","slug":"salon-mebloscianka-lante-biala-ryflowana","status":"publish","type":"product","link":"https:\/\/baldumarket.lt\/lt\/product\/salon-mebloscianka-lante-biala-ryflowana\/","title":{"rendered":"Svetain\u0117s sienin\u0117 spintel\u0117 Lante, balta su grioveliais"},"content":{"rendered":"<p>\u201eLante\u201c sienin\u0117 spintel\u0117 suteiks j\u016bs\u0173 kambariui stiliaus. Funkcionalumo ir dizaino derinys.<br \/>\nTai apima:<br \/>\nKnyg\u0173 lentyna<br \/>\nKomoda 163 cm 2W3S<br \/>\nTelevizoriaus spintel\u0117 200 cm<br \/>\nParametrai:<br \/>\nKorpusas: E05 laminuota med\u017eio dro\u017eli\u0173 plok\u0161t\u0117, 16 mm + apvali MDF juostel\u0117<br \/>\nKorpuso spalva: balta<br \/>\nPriekin\u0117 dalis: 18 mm MDF plok\u0161t\u0117<br \/>\nPriekin\u0117 spalva: balta<br \/>\nHDF: balta<br \/>\nApvadas: ABS, atitinkantis lentos spalv\u0105<br \/>\nRankena: metalin\u0117, auksin\u0117<br \/>\nKojel\u0117s: metalin\u0117s, auksin\u0117s<br \/>\nVyriai: lygiagret\u016bs\/dvigubi<br \/>\nStal\u010di\u0173 b\u0117geliai: su rutuliniais guoliais, pilno i\u0161traukimo<br \/>\nHDF stal\u010di\u0173 b\u0117geliai: balti<br \/>\nSpalva: balta + auksin\u0117s kojel\u0117s<\/p>","protected":false},"excerpt":{"rendered":"<p>The Lante wall unit will add style to your room. A combination of functionality and design. It includes: Bookcase Chest of drawers 163 cm 2W3S TV unit 200 cm Parameters: Body: E05 laminated chipboard, 16 mm + rounded MDF strip Body color: white Front: 18 mm MDF Front color: white HDF: white Edging: ABS, matching [&hellip;]<\/p>","protected":false},"featured_media":195018,"comment_status":"open","ping_status":"open","template":"","meta":[],"product_brand":[],"product_cat":[9658,5570],"product_tag":[],"class_list":{"0":"post-195017","1":"product","2":"type-product","3":"status-publish","4":"has-post-thumbnail","6":"product_cat-furniture-system-lante-laski","7":"product_cat-laski-meble","9":"first","10":"instock","11":"purchasable","12":"product-type-simple"},"_links":{"self":[{"href":"https:\/\/baldumarket.lt\/lt\/wp-json\/wp\/v2\/product\/195017","targetHints":{"allow":["GET"]}}],"collection":[{"href":"https:\/\/baldumarket.lt\/lt\/wp-json\/wp\/v2\/product"}],"about":[{"href":"https:\/\/baldumarket.lt\/lt\/wp-json\/wp\/v2\/types\/product"}],"replies":[{"embeddable":true,"href":"https:\/\/baldumarket.lt\/lt\/wp-json\/wp\/v2\/comments?post=195017"}],"wp:featuredmedia":[{"embeddable":true,"href":"https:\/\/baldumarket.lt\/lt\/wp-json\/wp\/v2\/media\/195018"}],"wp:attachment":[{"href":"https:\/\/baldumarket.lt\/lt\/wp-json\/wp\/v2\/media?parent=195017"}],"wp:term":[{"taxonomy":"product_brand","embeddable":true,"href":"https:\/\/baldumarket.lt\/lt\/wp-json\/wp\/v2\/product_brand?post=195017"},{"taxonomy":"product_cat","embeddable":true,"href":"https:\/\/baldumarket.lt\/lt\/wp-json\/wp\/v2\/product_cat?post=195017"},{"taxonomy":"product_tag","embeddable":true,"href":"https:\/\/baldumarket.lt\/lt\/wp-json\/wp\/v2\/product_tag?post=195017"}],"curies":[{"name":"wp","href":"https:\/\/api.w.org\/{rel}","templated":true}]}}