{"id":195009,"date":"2025-12-23T22:31:08","date_gmt":"2025-12-23T19:31:08","guid":{"rendered":"https:\/\/baldumarket.lt\/product\/salon-mebloscianka-bezowa-lante\/"},"modified":"2026-03-23T16:12:00","modified_gmt":"2026-03-23T13:12:00","slug":"salon-mebloscianka-bezowa-lante","status":"publish","type":"product","link":"https:\/\/baldumarket.lt\/lt\/product\/salon-mebloscianka-bezowa-lante\/","title":{"rendered":"Sm\u0117lio spalvos sienin\u0117 spintel\u0117 svetain\u0117je Lante"},"content":{"rendered":"<p>\u201eLante\u201c svetain\u0117s komplekte yra \u0161ie baldai:<br \/>\nKnyg\u0173 lentyna<br \/>\nKomoda 138 cm<br \/>\nTelevizoriaus spintel\u0117 163 cm<br \/>\nParametrai:<br \/>\nKorpusas: E05 laminuota med\u017eio dro\u017eli\u0173 plok\u0161t\u0117, 16 mm + apvali MDF juostel\u0117<br \/>\nKorpuso spalva: sm\u0117lio spalvos<br \/>\nPriekin\u0117 dalis: 18 mm MDF plok\u0161t\u0117<br \/>\nPriekin\u0117 spalva: sm\u0117lio spalvos<br \/>\nHDF: balta \/ sm\u0117lio spalvos HDF su med\u017eio ra\u0161tu knyg\u0173 lentynoje<br \/>\nApvadas: ABS, atitinkantis lentos spalv\u0105<br \/>\nRankena: aukso spalvos metalas<br \/>\nKojel\u0117s: aukso spalvos metalas<br \/>\nVyriai: lygiagret\u016bs \/ dvigubi<br \/>\nStal\u010di\u0173 b\u0117geliai: su rutuliniais guoliais, pilno i\u0161traukimo<br \/>\nHDF stal\u010diai: balti<br \/>\nSpalva: sm\u0117lio spalvos + auksin\u0117s kojel\u0117s<\/p>","protected":false},"excerpt":{"rendered":"<p>\u201eLante\u201c svetain\u0117s komplekt\u0105 sudaro \u0161ie baldai: Knyg\u0173 lentyna Komoda 138 cm TV staliukas 163 cm Parametrai: Korpusas: E05 laminuota med\u017eio dro\u017eli\u0173 plok\u0161t\u0117, 16 mm + apvali MDF juostel\u0117 Korpuso spalva: sm\u0117lio spalvos Priekis: 18 mm MDF Priekio spalva: sm\u0117lio spalvos HDF: balta \/ sm\u0117lio spalvos HDF su med\u017eio ra\u0161tu knyg\u0173 lentynoje Apvadai: ABS, derantys prie plok\u0161t\u0117s [\u2026]<\/p>","protected":false},"featured_media":195010,"comment_status":"open","ping_status":"open","template":"","meta":[],"product_brand":[],"product_cat":[9658,5570],"product_tag":[],"class_list":{"0":"post-195009","1":"product","2":"type-product","3":"status-publish","4":"has-post-thumbnail","6":"product_cat-furniture-system-lante-laski","7":"product_cat-laski-meble","9":"first","10":"instock","11":"purchasable","12":"product-type-simple"},"_links":{"self":[{"href":"https:\/\/baldumarket.lt\/lt\/wp-json\/wp\/v2\/product\/195009","targetHints":{"allow":["GET"]}}],"collection":[{"href":"https:\/\/baldumarket.lt\/lt\/wp-json\/wp\/v2\/product"}],"about":[{"href":"https:\/\/baldumarket.lt\/lt\/wp-json\/wp\/v2\/types\/product"}],"replies":[{"embeddable":true,"href":"https:\/\/baldumarket.lt\/lt\/wp-json\/wp\/v2\/comments?post=195009"}],"wp:featuredmedia":[{"embeddable":true,"href":"https:\/\/baldumarket.lt\/lt\/wp-json\/wp\/v2\/media\/195010"}],"wp:attachment":[{"href":"https:\/\/baldumarket.lt\/lt\/wp-json\/wp\/v2\/media?parent=195009"}],"wp:term":[{"taxonomy":"product_brand","embeddable":true,"href":"https:\/\/baldumarket.lt\/lt\/wp-json\/wp\/v2\/product_brand?post=195009"},{"taxonomy":"product_cat","embeddable":true,"href":"https:\/\/baldumarket.lt\/lt\/wp-json\/wp\/v2\/product_cat?post=195009"},{"taxonomy":"product_tag","embeddable":true,"href":"https:\/\/baldumarket.lt\/lt\/wp-json\/wp\/v2\/product_tag?post=195009"}],"curies":[{"name":"wp","href":"https:\/\/api.w.org\/{rel}","templated":true}]}}