{"id":194994,"date":"2025-12-23T22:30:29","date_gmt":"2025-12-23T19:30:29","guid":{"rendered":"https:\/\/baldumarket.lt\/product\/salon-lumi-hartowane-szyby-ornamentowe-flutes-dab-dunin\/"},"modified":"2026-03-23T16:12:07","modified_gmt":"2026-03-23T13:12:07","slug":"salon-lumi-hartowane-szyby-ornamentowe-flutes-dab-dunin","status":"publish","type":"product","link":"https:\/\/baldumarket.lt\/lt\/product\/salon-lumi-hartowane-szyby-ornamentowe-flutes-dab-dunin\/","title":{"rendered":"\u201eLumi Salon\u201c gr\u016bdinto dekoratyvinio stiklo fleitos, \u0105\u017euolo spalvos, \u201eDunin\u201c"},"content":{"rendered":"<p>\u201eLumi\u201c kolekcija buvo sukurta atsi\u017evelgiant \u012f dabartines tendencijas \u2013 auk\u0161tos, juodos kojos, geometrin\u0117s formos ir spalvos pabr\u0117\u017eia elegancij\u0105 ir klasikin\u012f, loft\u0105 primenant\u012f stili\u0173. Parametrai:<br \/>\nKorpusas: E05 laminuota med\u017eio dro\u017eli\u0173 plok\u0161t\u0117, 16 mm + MDF juostel\u0117 \u0161onuose<br \/>\nKorpuso spalva: Dunin \u0105\u017euolas<br \/>\nPriekin\u0117 dalis: MDF r\u0117mas su gr\u016bdintu stiklu, rudas antisol \/ E05 laminuota med\u017eio dro\u017eli\u0173 plok\u0161t\u0117, 16 mm<br \/>\nPriekin\u0117s dalies spalva: juoda \/ Dunin \u0105\u017euolas<br \/>\nHDF: atitinka Dunin Oak<br \/>\nBriauna: ABS, atitinkanti lentos spalv\u0105<br \/>\nRankena: metalin\u0117, juoda<br \/>\nKojel\u0117s: metalin\u0117s, juodos<br \/>\nVyriai: dvigubi<br \/>\nStal\u010di\u0173 b\u0117geliai: su rutuliniais guoliais, pilno i\u0161traukimo<br \/>\nHDF stal\u010diai: dera su \u201eDunin Oak\u201c<br \/>\nAp\u0161vietimas: LED profiliai, \u0161iltai balta \u0161viesos spalva<br \/>\nPapildoma informacija: auk\u0161ta vitrina turi vidinius stal\u010dius, kurie atidaromi paspaudus.<br \/>\n\u0160ioje kolekcijoje yra dvi komodos, vitrina ir televizoriaus staliukas \u2013 ie\u0161kokite Lumi.<br \/>\nKomplekt\u0105 sudaro: Baldai:<br \/>\n2 dur\u0173 vitrina (2S)<br \/>\n2 dur\u0173 komoda (3S)<br \/>\n4 dur\u0173 televizoriaus staliukas<\/p>","protected":false},"excerpt":{"rendered":"<p>\u201eLumi\u201c kolekcija buvo sukurta atsi\u017evelgiant \u012f dabartines tendencijas \u2013 auk\u0161tos, juodos kojel\u0117s, geometrin\u0117s formos ir spalvos pabr\u0117\u017eia elegancij\u0105 ir klasikin\u012f, loft\u0105 primenant\u012f stili\u0173. Parametrai: Korpusas: E05 laminuota med\u017eio dro\u017eli\u0173 plok\u0161t\u0117, 16 mm + MDF juostel\u0117 \u0161onuose Korpuso spalva: Dunin Oak Priekis: MDF r\u0117mas su gr\u016bdintu stiklu, ruda antisol \/ E05 laminuota med\u017eio dro\u017eli\u0173 plok\u0161t\u0117, 16 mm [\u2026]<\/p>","protected":false},"featured_media":194995,"comment_status":"open","ping_status":"open","template":"","meta":[],"product_brand":[],"product_cat":[9639,5570,2006],"product_tag":[],"class_list":{"0":"post-194994","1":"product","2":"type-product","3":"status-publish","4":"has-post-thumbnail","6":"product_cat-furniture-system-lumi-laski","7":"product_cat-laski-meble","8":"product_cat-vitrines","10":"first","11":"instock","12":"purchasable","13":"product-type-simple"},"_links":{"self":[{"href":"https:\/\/baldumarket.lt\/lt\/wp-json\/wp\/v2\/product\/194994","targetHints":{"allow":["GET"]}}],"collection":[{"href":"https:\/\/baldumarket.lt\/lt\/wp-json\/wp\/v2\/product"}],"about":[{"href":"https:\/\/baldumarket.lt\/lt\/wp-json\/wp\/v2\/types\/product"}],"replies":[{"embeddable":true,"href":"https:\/\/baldumarket.lt\/lt\/wp-json\/wp\/v2\/comments?post=194994"}],"wp:featuredmedia":[{"embeddable":true,"href":"https:\/\/baldumarket.lt\/lt\/wp-json\/wp\/v2\/media\/194995"}],"wp:attachment":[{"href":"https:\/\/baldumarket.lt\/lt\/wp-json\/wp\/v2\/media?parent=194994"}],"wp:term":[{"taxonomy":"product_brand","embeddable":true,"href":"https:\/\/baldumarket.lt\/lt\/wp-json\/wp\/v2\/product_brand?post=194994"},{"taxonomy":"product_cat","embeddable":true,"href":"https:\/\/baldumarket.lt\/lt\/wp-json\/wp\/v2\/product_cat?post=194994"},{"taxonomy":"product_tag","embeddable":true,"href":"https:\/\/baldumarket.lt\/lt\/wp-json\/wp\/v2\/product_tag?post=194994"}],"curies":[{"name":"wp","href":"https:\/\/api.w.org\/{rel}","templated":true}]}}