{"id":194986,"date":"2025-12-23T22:30:08","date_gmt":"2025-12-23T19:30:08","guid":{"rendered":"https:\/\/baldumarket.lt\/product\/salon-loftowy-przeszklony-z-oswietleniem-mebloscianka-lang\/"},"modified":"2026-03-23T16:12:07","modified_gmt":"2026-03-23T13:12:07","slug":"salon-loftowy-przeszklony-z-oswietleniem-mebloscianka-lang","status":"publish","type":"product","link":"https:\/\/baldumarket.lt\/lt\/product\/salon-loftowy-przeszklony-z-oswietleniem-mebloscianka-lang\/","title":{"rendered":"Lofto tipo svetain\u0117 su stiklin\u0117mis sienomis ir ap\u0161vietimu, Lang spintel\u0117"},"content":{"rendered":"<p>Kiekvienas \u201eLang\u201c sistemos elementas yra kruop\u0161\u010diai sukurtas atsi\u017evelgiant \u012f estetik\u0105 ir funkcionalum\u0105. Sistema i\u0161siskiria unikalia forma ir kruop\u0161\u010diai parinktomis spalvomis.<br \/>\nParametrai:<br \/>\nKorpusas: E05 laminuota med\u017eio dro\u017eli\u0173 plok\u0161t\u0117, 16 mm<br \/>\nKorpuso spalva: juoda<br \/>\nPriekin\u0117 dalis: E05 laminuota med\u017eio dro\u017eli\u0173 plok\u0161t\u0117, 16 mm + 18 mm MDF r\u0117mas (gr\u016bdintas stiklas)<br \/>\nPriekin\u0117s dalies spalva: juodas r\u0117mas + \u201eEvoke Oak\u201c<br \/>\nHDF: juoda + \u201eEvoke Oak\u201c lentjuost\u0117s<br \/>\nApvadai: ABS, atitinkantys lentos spalv\u0105. \u0104\u017euolo imitacijos fasadai<br \/>\nJuodas ABS<br \/>\nRankena: n\u0117ra, atidaroma spustel\u0117jus<br \/>\nKojel\u0117s: medin\u0117s, juodos<br \/>\nVyriai: perdengiami<br \/>\nStal\u010di\u0173 b\u0117geliai: su rutuliniais guoliais, pilno i\u0161traukimo<br \/>\nHDF stal\u010di\u0173 b\u0117geliai: juodi<br \/>\nLED ap\u0161vietimas: \u012ftrauktas (\u0161iltai baltas)<br \/>\nU\u017e nurodyt\u0105 kain\u0105 parduodami \u0161ie baldai:<br \/>\n\u017dema vitrina \u2013 100,1 colio \/ 125,4 colio \/ 39,4 colio \u2013 plotis\/auk\u0161tis\/gylis<br \/>\nTV stovas 150\u2033 \u2013 179,9\u2033 \/ 54,8\u2033 \/ 39,4\u2033 \u2013 plotis\/auk\u0161tis\/gylis<br \/>\nKomoda 150\u2033 \u2013 149,9\u2033 \/ 84,8\u2033 \/ 39,4\u2033 \u2013 plotis\/auk\u0161tis\/gylis<br \/>\nKavos staliukas \u2013 80,1 colio \/ 48,4 colio \/ 60,1 colio \u2013 plotis \/ auk\u0161tis \/ gylis<\/p>","protected":false},"excerpt":{"rendered":"<p>Kiekvienas \u201eLang\u201c sistemos elementas buvo kruop\u0161\u010diai sukurtas atsi\u017evelgiant \u012f estetik\u0105 ir funkcionalum\u0105. Sistema i\u0161siskiria unikalia forma ir kruop\u0161\u010diai parinktomis spalvomis. Parametrai: Korpusas: E05 laminuota med\u017eio dro\u017eli\u0173 plok\u0161t\u0117, 16 mm Korpuso spalva: juoda Priekis: E05 laminuota med\u017eio dro\u017eli\u0173 plok\u0161t\u0117, 16 mm + 18 mm MDF r\u0117mas (gr\u016bdintas stiklas) Priekio spalva: juodas r\u0117mas [\u2026]<\/p>","protected":false},"featured_media":194987,"comment_status":"open","ping_status":"open","template":"","meta":[],"product_brand":[],"product_cat":[9654,5570],"product_tag":[],"class_list":{"0":"post-194986","1":"product","2":"type-product","3":"status-publish","4":"has-post-thumbnail","6":"product_cat-furniture-system-lang-laski","7":"product_cat-laski-meble","9":"first","10":"instock","11":"purchasable","12":"product-type-simple"},"_links":{"self":[{"href":"https:\/\/baldumarket.lt\/lt\/wp-json\/wp\/v2\/product\/194986","targetHints":{"allow":["GET"]}}],"collection":[{"href":"https:\/\/baldumarket.lt\/lt\/wp-json\/wp\/v2\/product"}],"about":[{"href":"https:\/\/baldumarket.lt\/lt\/wp-json\/wp\/v2\/types\/product"}],"replies":[{"embeddable":true,"href":"https:\/\/baldumarket.lt\/lt\/wp-json\/wp\/v2\/comments?post=194986"}],"wp:featuredmedia":[{"embeddable":true,"href":"https:\/\/baldumarket.lt\/lt\/wp-json\/wp\/v2\/media\/194987"}],"wp:attachment":[{"href":"https:\/\/baldumarket.lt\/lt\/wp-json\/wp\/v2\/media?parent=194986"}],"wp:term":[{"taxonomy":"product_brand","embeddable":true,"href":"https:\/\/baldumarket.lt\/lt\/wp-json\/wp\/v2\/product_brand?post=194986"},{"taxonomy":"product_cat","embeddable":true,"href":"https:\/\/baldumarket.lt\/lt\/wp-json\/wp\/v2\/product_cat?post=194986"},{"taxonomy":"product_tag","embeddable":true,"href":"https:\/\/baldumarket.lt\/lt\/wp-json\/wp\/v2\/product_tag?post=194986"}],"curies":[{"name":"wp","href":"https:\/\/api.w.org\/{rel}","templated":true}]}}