{"id":194951,"date":"2025-12-23T22:29:15","date_gmt":"2025-12-23T19:29:15","guid":{"rendered":"https:\/\/baldumarket.lt\/product\/regal-lante-na-wysokich-nogach-czarny\/"},"modified":"2026-03-23T16:12:07","modified_gmt":"2026-03-23T13:12:07","slug":"regal-lante-na-wysokich-nogach-czarny","status":"publish","type":"product","link":"https:\/\/baldumarket.lt\/lt\/product\/regal-lante-na-wysokich-nogach-czarny\/","title":{"rendered":"Lante knyg\u0173 lentyna su auk\u0161tomis kojel\u0117mis, juoda"},"content":{"rendered":"<p>\u201eLante\u201c knyg\u0173 lentyna suteiks j\u016bs\u0173 kambariui stiliaus. Funkcionalumo ir dizaino derinys.<br \/>\nSpecifikacijos:<br \/>\nKorpusas: 16 mm E05 laminuota med\u017eio dro\u017eli\u0173 plok\u0161t\u0117 + apvali MDF juostel\u0117<br \/>\nKorpuso spalva: juoda<br \/>\nPriekin\u0117 dalis: 18 mm MDF plok\u0161t\u0117<br \/>\nPriekin\u0117 spalva: juoda<br \/>\nHDF: balta \/ juoda HDF ant knyg\u0173 lentynos<br \/>\nBriauna: ABS, atitinkanti lentos spalv\u0105<br \/>\nRankena: juodas metalas<br \/>\nKojel\u0117s: juodas metalas<br \/>\nVyriai: lygiagret\u016bs \/ dvigubi<br \/>\nStal\u010di\u0173 b\u0117geliai: su rutuliniais guoliais, pilno i\u0161traukimo<br \/>\nHDF stal\u010diai: balti<br \/>\nSpalva: juoda + juodos kojel\u0117s<\/p>","protected":false},"excerpt":{"rendered":"<p>Plotis [cm] 88,2<br \/>\n\u016agis [cm] 193,8<br \/>\ngylis [cm] 38<\/p>","protected":false},"featured_media":194952,"comment_status":"open","ping_status":"open","template":"","meta":[],"product_brand":[],"product_cat":[9658,5570],"product_tag":[],"class_list":{"0":"post-194951","1":"product","2":"type-product","3":"status-publish","4":"has-post-thumbnail","6":"product_cat-furniture-system-lante-laski","7":"product_cat-laski-meble","9":"first","10":"instock","11":"purchasable","12":"product-type-simple"},"_links":{"self":[{"href":"https:\/\/baldumarket.lt\/lt\/wp-json\/wp\/v2\/product\/194951","targetHints":{"allow":["GET"]}}],"collection":[{"href":"https:\/\/baldumarket.lt\/lt\/wp-json\/wp\/v2\/product"}],"about":[{"href":"https:\/\/baldumarket.lt\/lt\/wp-json\/wp\/v2\/types\/product"}],"replies":[{"embeddable":true,"href":"https:\/\/baldumarket.lt\/lt\/wp-json\/wp\/v2\/comments?post=194951"}],"wp:featuredmedia":[{"embeddable":true,"href":"https:\/\/baldumarket.lt\/lt\/wp-json\/wp\/v2\/media\/194952"}],"wp:attachment":[{"href":"https:\/\/baldumarket.lt\/lt\/wp-json\/wp\/v2\/media?parent=194951"}],"wp:term":[{"taxonomy":"product_brand","embeddable":true,"href":"https:\/\/baldumarket.lt\/lt\/wp-json\/wp\/v2\/product_brand?post=194951"},{"taxonomy":"product_cat","embeddable":true,"href":"https:\/\/baldumarket.lt\/lt\/wp-json\/wp\/v2\/product_cat?post=194951"},{"taxonomy":"product_tag","embeddable":true,"href":"https:\/\/baldumarket.lt\/lt\/wp-json\/wp\/v2\/product_tag?post=194951"}],"curies":[{"name":"wp","href":"https:\/\/api.w.org\/{rel}","templated":true}]}}