{"id":194928,"date":"2025-12-23T22:28:17","date_gmt":"2025-12-23T19:28:17","guid":{"rendered":"https:\/\/baldumarket.lt\/product\/mebloscianka-trojwymiarowa-3d\/"},"modified":"2026-03-23T16:12:14","modified_gmt":"2026-03-23T13:12:14","slug":"mebloscianka-trojwymiarowa-3d","status":"publish","type":"product","link":"https:\/\/baldumarket.lt\/lt\/product\/mebloscianka-trojwymiarowa-3d\/","title":{"rendered":"3D trimatis sieninis blokas"},"content":{"rendered":"<p>Kiekviena 3D sistemos dalis buvo kruop\u0161\u010diai sukurta atsi\u017evelgiant \u012f estetik\u0105 ir funkcionalum\u0105. Sistema i\u0161siskiria unikalia forma ir kruop\u0161\u010diai parinktomis spalvomis.<br \/>\nPapildoma informacija:<br \/>\nPriekin\u0117 dalis \/ Korpusas: Laminuota med\u017eio dro\u017eli\u0173 plok\u0161t\u0117 E05: 16 mm<br \/>\nBriauna: ABS<br \/>\nRankena: atidarymo stumiant sistema<br \/>\nSpalva: balta + auksin\u0117 rankdarbi\u0173 \u0105\u017euolo<br \/>\n3D sieninis blokas \u2013 apima:<br \/>\nDvi sienin\u0117s spintel\u0117s + lentyna<br \/>\nTelevizoriaus blokas<br \/>\nMatmenys:<br \/>\nTelevizoriaus spintel\u0117 \u2013 P 220 cm \/ A 53,5 cm \/ G 45 cm<br \/>\nSienin\u0117 lentyna \u2013 P 140 cm \/ A 33,2 cm \/ G 31,6 cm<br \/>\nSienin\u0117 spintel\u0117 1 \u2013 P 40 cm \/ A 93 cm \/ G 36,6 cm<br \/>\n2-oji sienin\u0117 spintel\u0117 \u2013 plotis 40 cm \/ auk\u0161tis 83 cm \/ gylis 31,6 cm<\/p>","protected":false},"excerpt":{"rendered":"<p>Plotis [cm] 220<br \/>\n\u016agis [cm] 180<br \/>\ngylis [cm] 31,6\u201345,4<\/p>","protected":false},"featured_media":194929,"comment_status":"open","ping_status":"open","template":"","meta":[],"product_brand":[],"product_cat":[9641,5570],"product_tag":[],"class_list":{"0":"post-194928","1":"product","2":"type-product","3":"status-publish","4":"has-post-thumbnail","6":"product_cat-furniture-system-muti-laski","7":"product_cat-laski-meble","9":"first","10":"instock","11":"purchasable","12":"product-type-simple"},"_links":{"self":[{"href":"https:\/\/baldumarket.lt\/lt\/wp-json\/wp\/v2\/product\/194928","targetHints":{"allow":["GET"]}}],"collection":[{"href":"https:\/\/baldumarket.lt\/lt\/wp-json\/wp\/v2\/product"}],"about":[{"href":"https:\/\/baldumarket.lt\/lt\/wp-json\/wp\/v2\/types\/product"}],"replies":[{"embeddable":true,"href":"https:\/\/baldumarket.lt\/lt\/wp-json\/wp\/v2\/comments?post=194928"}],"wp:featuredmedia":[{"embeddable":true,"href":"https:\/\/baldumarket.lt\/lt\/wp-json\/wp\/v2\/media\/194929"}],"wp:attachment":[{"href":"https:\/\/baldumarket.lt\/lt\/wp-json\/wp\/v2\/media?parent=194928"}],"wp:term":[{"taxonomy":"product_brand","embeddable":true,"href":"https:\/\/baldumarket.lt\/lt\/wp-json\/wp\/v2\/product_brand?post=194928"},{"taxonomy":"product_cat","embeddable":true,"href":"https:\/\/baldumarket.lt\/lt\/wp-json\/wp\/v2\/product_cat?post=194928"},{"taxonomy":"product_tag","embeddable":true,"href":"https:\/\/baldumarket.lt\/lt\/wp-json\/wp\/v2\/product_tag?post=194928"}],"curies":[{"name":"wp","href":"https:\/\/api.w.org\/{rel}","templated":true}]}}