{"id":194920,"date":"2025-12-23T22:28:03","date_gmt":"2025-12-23T19:28:03","guid":{"rendered":"https:\/\/baldumarket.lt\/product\/mebloscianka-alva-antracyt\/"},"modified":"2026-03-23T16:12:14","modified_gmt":"2026-03-23T13:12:14","slug":"mebloscianka-alva-antracyt","status":"publish","type":"product","link":"https:\/\/baldumarket.lt\/lt\/product\/mebloscianka-alva-antracyt\/","title":{"rendered":"Alva sienin\u0117 spintel\u0117, antracito spalvos"},"content":{"rendered":"<p>\u201eAlva\u201c sienin\u0117 spintel\u0117 pasi\u017eymi minimalistiniu dizainu su naujausi\u0173 dizaino tendencij\u0173 prieskoniu, leid\u017eian\u010diu sukurti nuostabi\u0105 svetain\u0117s erdv\u0119.<br \/>\nPapildoma informacija:<br \/>\nKorpusas ir priekis: 16 mm laminuota plok\u0161t\u0117 Grandson \u0105\u017euolo ir antracito spalvos, atspari dr\u0117gmei ir \u012fbr\u0117\u017eimams<br \/>\nTelevizoriaus priekis tvirtinamas prie metalinio kreiptuvo, kad b\u016bt\u0173 lengva atidaryti<br \/>\nABS dengtas kra\u0161tas<br \/>\nKojel\u0117s: apdorotas plastikas<br \/>\nAtidarymo sistema be ranken\u0117li\u0173<br \/>\nKomod\u0105 galima komplektuoti su LFL LED ap\u0161vietimu \u2013 ap\u0161vietimo spalva: \u0161altai balta<br \/>\nNuotraukoje matom\u0105 komod\u0105 ir kavos staliuk\u0105 galima \u012fsigyti u\u017e papildom\u0105 mokest\u012f i\u0161 galim\u0173 variant\u0173.<br \/>\nKomodos matmenys:<br \/>\n\u2013 155\/93,5\/30\u201340 cm (plotis\/auk\u0161tis\/gylis)<br \/>\nKavos staliuko matmenys:<br \/>\n\u2013 120\/53\/60 cm (plotis\/auk\u0161tis\/gylis)<\/p>","protected":false},"excerpt":{"rendered":"<p>Plotis [cm] 260<br \/>\n\u016agis [cm] 171,5<br \/>\ngylis [cm] 30\u201340<\/p>","protected":false},"featured_media":194921,"comment_status":"open","ping_status":"open","template":"","meta":[],"product_brand":[],"product_cat":[9651,5570],"product_tag":[],"class_list":{"0":"post-194920","1":"product","2":"type-product","3":"status-publish","4":"has-post-thumbnail","6":"product_cat-furniture-system-alva-laski","7":"product_cat-laski-meble","9":"first","10":"instock","11":"purchasable","12":"product-type-simple"},"_links":{"self":[{"href":"https:\/\/baldumarket.lt\/lt\/wp-json\/wp\/v2\/product\/194920","targetHints":{"allow":["GET"]}}],"collection":[{"href":"https:\/\/baldumarket.lt\/lt\/wp-json\/wp\/v2\/product"}],"about":[{"href":"https:\/\/baldumarket.lt\/lt\/wp-json\/wp\/v2\/types\/product"}],"replies":[{"embeddable":true,"href":"https:\/\/baldumarket.lt\/lt\/wp-json\/wp\/v2\/comments?post=194920"}],"wp:featuredmedia":[{"embeddable":true,"href":"https:\/\/baldumarket.lt\/lt\/wp-json\/wp\/v2\/media\/194921"}],"wp:attachment":[{"href":"https:\/\/baldumarket.lt\/lt\/wp-json\/wp\/v2\/media?parent=194920"}],"wp:term":[{"taxonomy":"product_brand","embeddable":true,"href":"https:\/\/baldumarket.lt\/lt\/wp-json\/wp\/v2\/product_brand?post=194920"},{"taxonomy":"product_cat","embeddable":true,"href":"https:\/\/baldumarket.lt\/lt\/wp-json\/wp\/v2\/product_cat?post=194920"},{"taxonomy":"product_tag","embeddable":true,"href":"https:\/\/baldumarket.lt\/lt\/wp-json\/wp\/v2\/product_tag?post=194920"}],"curies":[{"name":"wp","href":"https:\/\/api.w.org\/{rel}","templated":true}]}}