{"id":194908,"date":"2025-12-23T22:19:25","date_gmt":"2025-12-23T19:19:25","guid":{"rendered":"https:\/\/baldumarket.lt\/product\/lozko-z-zaglowkiem-led-stoliki-nocne-xelo-160\/"},"modified":"2026-03-23T16:12:14","modified_gmt":"2026-03-23T13:12:14","slug":"lozko-z-zaglowkiem-led-stoliki-nocne-xelo-160","status":"publish","type":"product","link":"https:\/\/baldumarket.lt\/lt\/product\/lozko-z-zaglowkiem-led-stoliki-nocne-xelo-160\/","title":{"rendered":"Lova su galv\u016bgaliu + LED + naktiniai staliukai Xelo \u2013 160"},"content":{"rendered":"<p>\u201eXELO\u201c kolekcija \u2013 tai puik\u016bs baldai, norint sukurti tobul\u0105 erdv\u0119 miegui ir poilsiui. Raminanti balta spalv\u0173 gama kartu su nat\u016braliu \u0105\u017euolu sukurs magi\u0161k\u0105 atmosfer\u0105 bet kuriame miegamajame.<br \/>\nPapildoma informacija:<br \/>\nBaldai pagaminti i\u0161 16 mm storio laminuotos plok\u0161t\u0117s, kuri yra atspari dr\u0117gmei ir \u012fbr\u0117\u017eimams.<br \/>\nABS apdailos kra\u0161tai.<br \/>\n\u012e kain\u0105 \u012fskai\u010diuota lovos galv\u016bgalis, LED ap\u0161vietimas ir naktiniai staleliai.<br \/>\nSpalvos:<br \/>\n\u2013 Auksinis amat\u0173 \u0105\u017euolas + balta<br \/>\nR\u0117mas galimas u\u017e papildom\u0105 mokest\u012f.<br \/>\nLova be \u010diu\u017einio \u2013 galima \u012fsigyti atskirai i\u0161 m\u016bs\u0173 \u010diu\u017eini\u0173 pasi\u016blymo.<\/p>","protected":false},"excerpt":{"rendered":"<p>Plotis [cm] 256<br \/>\n\u016agis [cm] 92,3<br \/>\ngylis [cm] 208,2<\/p>","protected":false},"featured_media":194909,"comment_status":"open","ping_status":"open","template":"","meta":[],"product_brand":[],"product_cat":[9659,5570],"product_tag":[],"class_list":{"0":"post-194908","1":"product","2":"type-product","3":"status-publish","4":"has-post-thumbnail","6":"product_cat-furniture-system-xelo-laski","7":"product_cat-laski-meble","9":"first","10":"instock","11":"purchasable","12":"product-type-simple"},"_links":{"self":[{"href":"https:\/\/baldumarket.lt\/lt\/wp-json\/wp\/v2\/product\/194908","targetHints":{"allow":["GET"]}}],"collection":[{"href":"https:\/\/baldumarket.lt\/lt\/wp-json\/wp\/v2\/product"}],"about":[{"href":"https:\/\/baldumarket.lt\/lt\/wp-json\/wp\/v2\/types\/product"}],"replies":[{"embeddable":true,"href":"https:\/\/baldumarket.lt\/lt\/wp-json\/wp\/v2\/comments?post=194908"}],"wp:featuredmedia":[{"embeddable":true,"href":"https:\/\/baldumarket.lt\/lt\/wp-json\/wp\/v2\/media\/194909"}],"wp:attachment":[{"href":"https:\/\/baldumarket.lt\/lt\/wp-json\/wp\/v2\/media?parent=194908"}],"wp:term":[{"taxonomy":"product_brand","embeddable":true,"href":"https:\/\/baldumarket.lt\/lt\/wp-json\/wp\/v2\/product_brand?post=194908"},{"taxonomy":"product_cat","embeddable":true,"href":"https:\/\/baldumarket.lt\/lt\/wp-json\/wp\/v2\/product_cat?post=194908"},{"taxonomy":"product_tag","embeddable":true,"href":"https:\/\/baldumarket.lt\/lt\/wp-json\/wp\/v2\/product_tag?post=194908"}],"curies":[{"name":"wp","href":"https:\/\/api.w.org\/{rel}","templated":true}]}}