{"id":194900,"date":"2025-12-23T22:19:04","date_gmt":"2025-12-23T19:19:04","guid":{"rendered":"https:\/\/baldumarket.lt\/product\/lozko-z-tapicerowanym-zaglowkiem-z-pojemnikiem-160x200-cm-viki\/"},"modified":"2026-03-23T16:12:14","modified_gmt":"2026-03-23T13:12:14","slug":"lozko-z-tapicerowanym-zaglowkiem-z-pojemnikiem-160x200-cm-viki","status":"publish","type":"product","link":"https:\/\/baldumarket.lt\/lt\/product\/lozko-z-tapicerowanym-zaglowkiem-z-pojemnikiem-160x200-cm-viki\/","title":{"rendered":"Lova su mink\u0161tu gal\u016bgaliu ir daiktad\u0117\u017ee 160\u00d7200 cm Viki"},"content":{"rendered":"<p>\u201eViki\u201c kolekcija pasi\u017eymi unikaliu ir moderniu dizainu, tod\u0117l puikiai tinka bet kokiam interjerui, ne tik skandinavi\u0161kam.<br \/>\nSpecifikacijos:<br \/>\nKorpusas: E05 laminuota med\u017eio dro\u017eli\u0173 plok\u0161t\u0117, 16 mm storio + apvali MDF juostel\u0117<br \/>\nKorpuso spalva: Barista \u0105\u017euolas<br \/>\nPriekin\u0117 dalis: E05 laminuota med\u017eio dro\u017eli\u0173 plok\u0161t\u0117, 16 mm storio<br \/>\nPriekin\u0117s dalies spalva: Barista \u0105\u017euolas<br \/>\nHDF: balta<br \/>\nApvadas: ABS, atitinkantis lentos spalv\u0105<br \/>\nRankena: medin\u0117 su mokos spalvos aplikacija<br \/>\nKojel\u0117s: medin\u0117s<br \/>\nVyriai: lygiagret\u016bs\/dvigubi<br \/>\nStal\u010di\u0173 b\u0117geliai: su rutuliniais guoliais, pilno i\u0161traukimo<br \/>\nHDF stal\u010di\u0173 b\u0117geliai: balti<br \/>\nPapildoma informacija: lova su mink\u0161tu galv\u016bgaliu, patalyn\u0117s laikymo vieta<\/p>","protected":false},"excerpt":{"rendered":"<p>Plotis [cm] 165,5<br \/>\n\u016agis [cm] 120,5<br \/>\ngylis [cm] 214<\/p>","protected":false},"featured_media":194901,"comment_status":"open","ping_status":"open","template":"","meta":[],"product_brand":[],"product_cat":[9645,5570],"product_tag":[],"class_list":{"0":"post-194900","1":"product","2":"type-product","3":"status-publish","4":"has-post-thumbnail","6":"product_cat-furniture-system-viki-laski","7":"product_cat-laski-meble","9":"first","10":"instock","11":"purchasable","12":"product-type-simple"},"_links":{"self":[{"href":"https:\/\/baldumarket.lt\/lt\/wp-json\/wp\/v2\/product\/194900","targetHints":{"allow":["GET"]}}],"collection":[{"href":"https:\/\/baldumarket.lt\/lt\/wp-json\/wp\/v2\/product"}],"about":[{"href":"https:\/\/baldumarket.lt\/lt\/wp-json\/wp\/v2\/types\/product"}],"replies":[{"embeddable":true,"href":"https:\/\/baldumarket.lt\/lt\/wp-json\/wp\/v2\/comments?post=194900"}],"wp:featuredmedia":[{"embeddable":true,"href":"https:\/\/baldumarket.lt\/lt\/wp-json\/wp\/v2\/media\/194901"}],"wp:attachment":[{"href":"https:\/\/baldumarket.lt\/lt\/wp-json\/wp\/v2\/media?parent=194900"}],"wp:term":[{"taxonomy":"product_brand","embeddable":true,"href":"https:\/\/baldumarket.lt\/lt\/wp-json\/wp\/v2\/product_brand?post=194900"},{"taxonomy":"product_cat","embeddable":true,"href":"https:\/\/baldumarket.lt\/lt\/wp-json\/wp\/v2\/product_cat?post=194900"},{"taxonomy":"product_tag","embeddable":true,"href":"https:\/\/baldumarket.lt\/lt\/wp-json\/wp\/v2\/product_tag?post=194900"}],"curies":[{"name":"wp","href":"https:\/\/api.w.org\/{rel}","templated":true}]}}