{"id":194892,"date":"2025-12-23T22:18:47","date_gmt":"2025-12-23T19:18:47","guid":{"rendered":"https:\/\/baldumarket.lt\/product\/lozko-z-pojemnikiem-struktura-synchroniczna-milton\/"},"modified":"2026-03-23T16:12:22","modified_gmt":"2026-03-23T13:12:22","slug":"lozko-z-pojemnikiem-struktura-synchroniczna-milton","status":"publish","type":"product","link":"https:\/\/baldumarket.lt\/lt\/product\/lozko-z-pojemnikiem-struktura-synchroniczna-milton\/","title":{"rendered":"Miltono sinchronin\u0117s konstrukcijos lova su daiktad\u0117\u017ee"},"content":{"rendered":"<p>\u201eMilton\u201c kolekcija pasi\u017eymi unikaliu ir moderniu dizainu, tod\u0117l puikiai tinka bet kokiam interjerui, ne tik pal\u0117pei.<br \/>\nParametrai:<br \/>\nKorpusas: E05 laminuota med\u017eio dro\u017eli\u0173 plok\u0161t\u0117, 16 mm<br \/>\nKorpuso spalva: ka\u0161tonin\u0117 (sinchronin\u0117 strukt\u016bra)<br \/>\nPriekin\u0117 dalis: E05 laminuota med\u017eio dro\u017eli\u0173 plok\u0161t\u0117, 16 mm<br \/>\nPriekin\u0117s dalies spalva: ka\u0161tonin\u0117 (sinchronin\u0117 strukt\u016bra) + antracitas<br \/>\nHDF: ka\u0161tonas<br \/>\nBriauna: ABS, antracitas<br \/>\nRankena: metalin\u0117, matin\u0117s juodos spalvos<br \/>\nKojel\u0117s: metalin\u0117s, juodos<br \/>\nVyriai: \u012fleid\u017eiami\/dvigubi, su \u0161velniu u\u017edarymu<br \/>\nStal\u010di\u0173 b\u0117geliai: su rutuliniais guoliais, pilno i\u0161traukimo, su \u0161velniu u\u017edarymu<br \/>\nHDF stal\u010diai: ka\u0161tono spalvos<br \/>\nLED ap\u0161vietimas: naktiniai staleliai (\u012fskai\u010diuoti), drabu\u017ei\u0173 spinta (neb\u016btina)<br \/>\nPapildoma informacija: lovos laikymo vieta, apmu\u0161tas galv\u016bgalis<br \/>\nMiltono lova \u2013 su daiktad\u0117\u017ee, apmu\u0161tomis galv\u016bgalio pagalv\u0117mis.<br \/>\nLova be r\u0117mo (galima rinktis groteli\u0173 r\u0117m\u0105 arba dujin\u012f keltuv\u0105).<br \/>\nMiegamoji vieta \u2013 160\/200 cm \u010diu\u017einiui<br \/>\nLova be \u010diu\u017einio \u2013 galima \u012fsigyti atskirai i\u0161 m\u016bs\u0173 \u010diu\u017eini\u0173 pasi\u016blymo:<\/p>","protected":false},"excerpt":{"rendered":"<p>Plotis [cm] 166,6<br \/>\n\u016agis [cm] 102<br \/>\ngylis [cm] 210<\/p>","protected":false},"featured_media":194893,"comment_status":"open","ping_status":"open","template":"","meta":[],"product_brand":[],"product_cat":[9648,5570],"product_tag":[],"class_list":{"0":"post-194892","1":"product","2":"type-product","3":"status-publish","4":"has-post-thumbnail","6":"product_cat-furniture-system-milton-laski","7":"product_cat-laski-meble","9":"first","10":"instock","11":"purchasable","12":"product-type-simple"},"_links":{"self":[{"href":"https:\/\/baldumarket.lt\/lt\/wp-json\/wp\/v2\/product\/194892","targetHints":{"allow":["GET"]}}],"collection":[{"href":"https:\/\/baldumarket.lt\/lt\/wp-json\/wp\/v2\/product"}],"about":[{"href":"https:\/\/baldumarket.lt\/lt\/wp-json\/wp\/v2\/types\/product"}],"replies":[{"embeddable":true,"href":"https:\/\/baldumarket.lt\/lt\/wp-json\/wp\/v2\/comments?post=194892"}],"wp:featuredmedia":[{"embeddable":true,"href":"https:\/\/baldumarket.lt\/lt\/wp-json\/wp\/v2\/media\/194893"}],"wp:attachment":[{"href":"https:\/\/baldumarket.lt\/lt\/wp-json\/wp\/v2\/media?parent=194892"}],"wp:term":[{"taxonomy":"product_brand","embeddable":true,"href":"https:\/\/baldumarket.lt\/lt\/wp-json\/wp\/v2\/product_brand?post=194892"},{"taxonomy":"product_cat","embeddable":true,"href":"https:\/\/baldumarket.lt\/lt\/wp-json\/wp\/v2\/product_cat?post=194892"},{"taxonomy":"product_tag","embeddable":true,"href":"https:\/\/baldumarket.lt\/lt\/wp-json\/wp\/v2\/product_tag?post=194892"}],"curies":[{"name":"wp","href":"https:\/\/api.w.org\/{rel}","templated":true}]}}