{"id":194886,"date":"2025-12-23T22:18:30","date_gmt":"2025-12-23T19:18:30","guid":{"rendered":"https:\/\/baldumarket.lt\/product\/lozko-z-pojemnikiem-160-arco\/"},"modified":"2026-03-23T16:12:22","modified_gmt":"2026-03-23T13:12:22","slug":"lozko-z-pojemnikiem-160-arco","status":"publish","type":"product","link":"https:\/\/baldumarket.lt\/lt\/product\/lozko-z-pojemnikiem-160-arco\/","title":{"rendered":"Lova su daiktad\u0117\u017ee 160 Arco"},"content":{"rendered":"<p>Kiekvienas \u201eArco\u201c sistemos elementas yra kruop\u0161\u010diai sukurtas atsi\u017evelgiant \u012f estetik\u0105 ir funkcionalum\u0105. Sistema i\u0161siskiria unikalia forma ir kruop\u0161\u010diai parinktomis spalvomis.<br \/>\nPapildoma informacija:<br \/>\nBaldai pagaminti i\u0161 16 mm laminuotos plok\u0161t\u0117s.<br \/>\nKra\u0161tai apdirbti patvariu ABS luk\u0161tu, atspariu kasdieniam d\u0117v\u0117jimuisi.<br \/>\nSpalvos:<br \/>\nBalta + an\u016bko \u0105\u017euolas + blizgi balta<br \/>\nU\u017e papildom\u0105 mokest\u012f galima \u012fsigyti r\u0117m\u0105 ir du naktinius staliukus su ap\u0161vietimu, kurie yra viena i\u0161 galim\u0173 papildom\u0173 funkcij\u0173.<br \/>\nLova komplekte n\u0117ra \u010diu\u017einio \u2013 j\u012f galima \u012fsigyti atskirai i\u0161 m\u016bs\u0173 \u010diu\u017eini\u0173 asortimento.<\/p>","protected":false},"excerpt":{"rendered":"<p>Plotis [cm] 164,4<br \/>\n\u016agis [cm] 104,5<br \/>\ngylis [cm] 210,4<\/p>","protected":false},"featured_media":194887,"comment_status":"open","ping_status":"open","template":"","meta":[],"product_brand":[],"product_cat":[9649,5570],"product_tag":[],"class_list":{"0":"post-194886","1":"product","2":"type-product","3":"status-publish","4":"has-post-thumbnail","6":"product_cat-furniture-system-arco-laski","7":"product_cat-laski-meble","9":"first","10":"instock","11":"purchasable","12":"product-type-simple"},"_links":{"self":[{"href":"https:\/\/baldumarket.lt\/lt\/wp-json\/wp\/v2\/product\/194886","targetHints":{"allow":["GET"]}}],"collection":[{"href":"https:\/\/baldumarket.lt\/lt\/wp-json\/wp\/v2\/product"}],"about":[{"href":"https:\/\/baldumarket.lt\/lt\/wp-json\/wp\/v2\/types\/product"}],"replies":[{"embeddable":true,"href":"https:\/\/baldumarket.lt\/lt\/wp-json\/wp\/v2\/comments?post=194886"}],"wp:featuredmedia":[{"embeddable":true,"href":"https:\/\/baldumarket.lt\/lt\/wp-json\/wp\/v2\/media\/194887"}],"wp:attachment":[{"href":"https:\/\/baldumarket.lt\/lt\/wp-json\/wp\/v2\/media?parent=194886"}],"wp:term":[{"taxonomy":"product_brand","embeddable":true,"href":"https:\/\/baldumarket.lt\/lt\/wp-json\/wp\/v2\/product_brand?post=194886"},{"taxonomy":"product_cat","embeddable":true,"href":"https:\/\/baldumarket.lt\/lt\/wp-json\/wp\/v2\/product_cat?post=194886"},{"taxonomy":"product_tag","embeddable":true,"href":"https:\/\/baldumarket.lt\/lt\/wp-json\/wp\/v2\/product_tag?post=194886"}],"curies":[{"name":"wp","href":"https:\/\/api.w.org\/{rel}","templated":true}]}}