{"id":194880,"date":"2025-12-23T22:18:13","date_gmt":"2025-12-23T19:18:13","guid":{"rendered":"https:\/\/baldumarket.lt\/product\/lozko-trojwymiarowe-ze-stolikami-i-oswietleniem-3d\/"},"modified":"2026-03-23T16:12:22","modified_gmt":"2026-03-23T13:12:22","slug":"lozko-trojwymiarowe-ze-stolikami-i-oswietleniem-3d","status":"publish","type":"product","link":"https:\/\/baldumarket.lt\/lt\/product\/lozko-trojwymiarowe-ze-stolikami-i-oswietleniem-3d\/","title":{"rendered":"3D lova su staliukais ir 3D ap\u0161vietimu"},"content":{"rendered":"<p>Kiekviena 3D sistemos dalis buvo kruop\u0161\u010diai sukurta atsi\u017evelgiant \u012f estetik\u0105 ir funkcionalum\u0105. Sistema i\u0161siskiria unikalia forma ir kruop\u0161\u010diai parinktomis spalvomis.<br \/>\nPapildoma informacija:<br \/>\nPriekin\u0117 dalis \/ Korpusas: Laminuota med\u017eio dro\u017eli\u0173 plok\u0161t\u0117 E05 \u2013 22 mm (lova)<br \/>\nBriauna: ABS<br \/>\nAp\u0161vietimas: LED galv\u016bgalyje be papildomo mokes\u010dio<br \/>\nRankena: Atidarymo spustel\u0117jus sistema, sidabro spalvos metalas<br \/>\nLova su daiktad\u0117\u017ee<br \/>\nSpalva: balta + auksin\u0117 rankdarbi\u0173 \u0105\u017euolo<br \/>\n3D lova su staliukais ir 3D ap\u0161vietimu \u2013 lova be r\u0117mo (galima rinktis groteli\u0173 r\u0117m\u0105 su spyruokle arba dujiniu liftu).<br \/>\nMiegamoji dalis \u2013 tinka 160\/200 cm \u010diu\u017einiui<br \/>\nLova be \u010diu\u017einio \u2013 galima \u012fsigyti atskirai i\u0161 m\u016bs\u0173 \u010diu\u017eini\u0173 pasi\u016blymo<\/p>","protected":false},"excerpt":{"rendered":"<p>Plotis [cm] 261,2<br \/>\n\u016agis [cm] 101,6<br \/>\ngylis [cm] 218,2<\/p>","protected":false},"featured_media":194881,"comment_status":"open","ping_status":"open","template":"","meta":[],"product_brand":[],"product_cat":[9641,5570],"product_tag":[],"class_list":{"0":"post-194880","1":"product","2":"type-product","3":"status-publish","4":"has-post-thumbnail","6":"product_cat-furniture-system-muti-laski","7":"product_cat-laski-meble","9":"first","10":"instock","11":"purchasable","12":"product-type-simple"},"_links":{"self":[{"href":"https:\/\/baldumarket.lt\/lt\/wp-json\/wp\/v2\/product\/194880","targetHints":{"allow":["GET"]}}],"collection":[{"href":"https:\/\/baldumarket.lt\/lt\/wp-json\/wp\/v2\/product"}],"about":[{"href":"https:\/\/baldumarket.lt\/lt\/wp-json\/wp\/v2\/types\/product"}],"replies":[{"embeddable":true,"href":"https:\/\/baldumarket.lt\/lt\/wp-json\/wp\/v2\/comments?post=194880"}],"wp:featuredmedia":[{"embeddable":true,"href":"https:\/\/baldumarket.lt\/lt\/wp-json\/wp\/v2\/media\/194881"}],"wp:attachment":[{"href":"https:\/\/baldumarket.lt\/lt\/wp-json\/wp\/v2\/media?parent=194880"}],"wp:term":[{"taxonomy":"product_brand","embeddable":true,"href":"https:\/\/baldumarket.lt\/lt\/wp-json\/wp\/v2\/product_brand?post=194880"},{"taxonomy":"product_cat","embeddable":true,"href":"https:\/\/baldumarket.lt\/lt\/wp-json\/wp\/v2\/product_cat?post=194880"},{"taxonomy":"product_tag","embeddable":true,"href":"https:\/\/baldumarket.lt\/lt\/wp-json\/wp\/v2\/product_tag?post=194880"}],"curies":[{"name":"wp","href":"https:\/\/api.w.org\/{rel}","templated":true}]}}