{"id":194872,"date":"2025-12-23T22:17:58","date_gmt":"2025-12-23T19:17:58","guid":{"rendered":"https:\/\/baldumarket.lt\/product\/lozko-tapicerowane-zaglowie-lante-160-200-cm-bezowe-ze-stelazem\/"},"modified":"2026-03-23T16:12:22","modified_gmt":"2026-03-23T13:12:22","slug":"lozko-tapicerowane-zaglowie-lante-160-200-cm-bezowe-ze-stelazem","status":"publish","type":"product","link":"https:\/\/baldumarket.lt\/lt\/product\/lozko-tapicerowane-zaglowie-lante-160-200-cm-bezowe-ze-stelazem\/","title":{"rendered":"Lante 160\/200 cm sm\u0117lio spalvos mink\u0161ta lova su galv\u016bgaliu ir r\u0117mu"},"content":{"rendered":"<p>Lova \u201eLante\u201c suteiks j\u016bs\u0173 kambariui stiliaus. Funkcionalumo ir dizaino derinys.<br \/>\nLova turi apmu\u0161t\u0105 galv\u016bgal\u012f, r\u0117m\u0105 be vietos daiktams susid\u0117ti ir 160\/200 cm miegojimo plot\u0105.<br \/>\nMetalinis r\u0117mas su daiktad\u0117\u017ee (neb\u016btina).<br \/>\nLova be \u010diu\u017einio \u2013 galima \u012fsigyti atskirai i\u0161 m\u016bs\u0173 \u010diu\u017eini\u0173<br \/>\nSpecifikacijos:<br \/>\nKorpusas: 16 mm E05 laminuota med\u017eio dro\u017eli\u0173 plok\u0161t\u0117 + apvali MDF juostel\u0117<br \/>\nKorpuso spalva: sm\u0117lio spalvos<br \/>\nPriekin\u0117 dalis: 18 mm MDF plok\u0161t\u0117<br \/>\nPriekin\u0117 spalva: sm\u0117lio spalvos<br \/>\nHDF: balta \/ sm\u0117lio spalvos HDF su med\u017eio ra\u0161tu knyg\u0173 lentynoje<br \/>\nApvadas: ABS, atitinkantis lentos spalv\u0105<br \/>\nRankena: aukso spalvos metalas<br \/>\nKojel\u0117s: aukso spalvos metalas<br \/>\nVyriai: lygiagret\u016bs \/ dvigubi<br \/>\nStal\u010di\u0173 b\u0117geliai: su rutuliniais guoliais, pilno i\u0161traukimo<br \/>\nHDF stal\u010diai: balti<br \/>\nSpalva: sm\u0117lio spalvos + auksin\u0117s kojel\u0117s<\/p>","protected":false},"excerpt":{"rendered":"<p>Plotis [cm] 165,5<br \/>\n\u016agis [cm] 120,5<br \/>\ngylis [cm] 214<\/p>","protected":false},"featured_media":194873,"comment_status":"open","ping_status":"open","template":"","meta":[],"product_brand":[],"product_cat":[9658,5570],"product_tag":[],"class_list":{"0":"post-194872","1":"product","2":"type-product","3":"status-publish","4":"has-post-thumbnail","6":"product_cat-furniture-system-lante-laski","7":"product_cat-laski-meble","9":"first","10":"instock","11":"purchasable","12":"product-type-simple"},"_links":{"self":[{"href":"https:\/\/baldumarket.lt\/lt\/wp-json\/wp\/v2\/product\/194872","targetHints":{"allow":["GET"]}}],"collection":[{"href":"https:\/\/baldumarket.lt\/lt\/wp-json\/wp\/v2\/product"}],"about":[{"href":"https:\/\/baldumarket.lt\/lt\/wp-json\/wp\/v2\/types\/product"}],"replies":[{"embeddable":true,"href":"https:\/\/baldumarket.lt\/lt\/wp-json\/wp\/v2\/comments?post=194872"}],"wp:featuredmedia":[{"embeddable":true,"href":"https:\/\/baldumarket.lt\/lt\/wp-json\/wp\/v2\/media\/194873"}],"wp:attachment":[{"href":"https:\/\/baldumarket.lt\/lt\/wp-json\/wp\/v2\/media?parent=194872"}],"wp:term":[{"taxonomy":"product_brand","embeddable":true,"href":"https:\/\/baldumarket.lt\/lt\/wp-json\/wp\/v2\/product_brand?post=194872"},{"taxonomy":"product_cat","embeddable":true,"href":"https:\/\/baldumarket.lt\/lt\/wp-json\/wp\/v2\/product_cat?post=194872"},{"taxonomy":"product_tag","embeddable":true,"href":"https:\/\/baldumarket.lt\/lt\/wp-json\/wp\/v2\/product_tag?post=194872"}],"curies":[{"name":"wp","href":"https:\/\/api.w.org\/{rel}","templated":true}]}}