{"id":194856,"date":"2025-12-23T22:17:14","date_gmt":"2025-12-23T19:17:14","guid":{"rendered":"https:\/\/baldumarket.lt\/product\/lozko-loftowe-z-pojemnikiem-160-200-cm-baltic\/"},"modified":"2026-03-23T16:12:22","modified_gmt":"2026-03-23T13:12:22","slug":"lozko-loftowe-z-pojemnikiem-160-200-cm-baltic","status":"publish","type":"product","link":"https:\/\/baldumarket.lt\/lt\/product\/lozko-loftowe-z-pojemnikiem-160-200-cm-baltic\/","title":{"rendered":"Lova su daiktad\u0117\u017ee 160\/200 cm Baltic"},"content":{"rendered":"<p>\u201eBaltic\u201c kolekcija pasi\u017eymi unikaliu ir moderniu dizainu, tod\u0117l puikiai tinka bet kokiam interjerui, ne tik pal\u0117pei.<br \/>\nSpecifikacijos:<br \/>\nKorpusas: E05 laminuota med\u017eio dro\u017eli\u0173 plok\u0161t\u0117, 16 mm<br \/>\nKorpuso spalva: Baltijos \u0105\u017euolas<br \/>\nPriekin\u0117 dalis: E05 laminuota med\u017eio dro\u017eli\u0173 plok\u0161t\u0117, 16 mm + 18 mm MDF<br \/>\nPriekin\u0117s dalies spalva: Baltijos \u0105\u017euolas + juoda<br \/>\nHDF: auksinis \u0105\u017euolas<br \/>\nApvadas: ABS, derantis prie lentos<br \/>\nRankena: metalin\u0117, juoda<br \/>\nKojel\u0117s: metalin\u0117s, juodos<br \/>\nVyriai: su \u0161velniu u\u017edarymu, u\u017ededami\/dvigubi<br \/>\nStal\u010di\u0173 b\u0117geliai: su rutuliniais guoliais, pilno i\u0161traukimo, su \u0161velniu u\u017edarymu<br \/>\nHDF stal\u010diai: auksinis \u0105\u017euolas<br \/>\nLED ap\u0161vietimas: naktiniuose staliukuose (\u012f komplekt\u0105 \u012feina), spintoje (neb\u016btina)<br \/>\n\u201eBaltic\u201c lova \u2013 u\u017e bazin\u0119 kain\u0105 be r\u0117mo, galite \u012fsigyti medin\u012f arba metalin\u012f r\u0117m\u0105 (pasirinktinai), \u010diu\u017einio miegamoji dalis 160\/200 cm<br \/>\nLova be \u010diu\u017einio \u2013 j\u0105 galima \u012fsigyti i\u0161 m\u016bs\u0173 \u010diu\u017eini\u0173 asortimento.<br \/>\nApmu\u0161tas lovos galv\u016bgalis.<\/p>","protected":false},"excerpt":{"rendered":"<p>Plotis [cm] 166,6<br \/>\n\u016agis [cm] 102<br \/>\ngylis [cm] 210<\/p>","protected":false},"featured_media":194857,"comment_status":"open","ping_status":"open","template":"","meta":[],"product_brand":[],"product_cat":[9655,5570],"product_tag":[],"class_list":{"0":"post-194856","1":"product","2":"type-product","3":"status-publish","4":"has-post-thumbnail","6":"product_cat-furniture-system-baltic-laski","7":"product_cat-laski-meble","9":"first","10":"instock","11":"purchasable","12":"product-type-simple"},"_links":{"self":[{"href":"https:\/\/baldumarket.lt\/lt\/wp-json\/wp\/v2\/product\/194856","targetHints":{"allow":["GET"]}}],"collection":[{"href":"https:\/\/baldumarket.lt\/lt\/wp-json\/wp\/v2\/product"}],"about":[{"href":"https:\/\/baldumarket.lt\/lt\/wp-json\/wp\/v2\/types\/product"}],"replies":[{"embeddable":true,"href":"https:\/\/baldumarket.lt\/lt\/wp-json\/wp\/v2\/comments?post=194856"}],"wp:featuredmedia":[{"embeddable":true,"href":"https:\/\/baldumarket.lt\/lt\/wp-json\/wp\/v2\/media\/194857"}],"wp:attachment":[{"href":"https:\/\/baldumarket.lt\/lt\/wp-json\/wp\/v2\/media?parent=194856"}],"wp:term":[{"taxonomy":"product_brand","embeddable":true,"href":"https:\/\/baldumarket.lt\/lt\/wp-json\/wp\/v2\/product_brand?post=194856"},{"taxonomy":"product_cat","embeddable":true,"href":"https:\/\/baldumarket.lt\/lt\/wp-json\/wp\/v2\/product_cat?post=194856"},{"taxonomy":"product_tag","embeddable":true,"href":"https:\/\/baldumarket.lt\/lt\/wp-json\/wp\/v2\/product_tag?post=194856"}],"curies":[{"name":"wp","href":"https:\/\/api.w.org\/{rel}","templated":true}]}}