{"id":194846,"date":"2025-12-23T22:16:40","date_gmt":"2025-12-23T19:16:40","guid":{"rendered":"https:\/\/baldumarket.lt\/product\/lozko-160-arden\/"},"modified":"2026-03-23T16:12:22","modified_gmt":"2026-03-23T13:12:22","slug":"lozko-160-arden","status":"publish","type":"product","link":"https:\/\/baldumarket.lt\/lt\/product\/lozko-160-arden\/","title":{"rendered":"Lova 160 Arden"},"content":{"rendered":"<p>Industrinis stilius taip pat puikiai tiks miegamajame. \u201eArden\u201c baldai \u2013 tai \u012fdomios spalv\u0173 kombinacijos kolekcija. Funkcionali komoda, erdvi spinta ir patogi lova su atmosferiniu ap\u0161vietimu ir dekoratyviniu galv\u016bgaliu.<br \/>\nPapildoma informacija:<br \/>\nPriekin\u0117 dalis \/ korpusas: 16 mm laminuota med\u017eio dro\u017eli\u0173 plok\u0161t\u0117<br \/>\nABS apvadai<br \/>\nLakuota fanera \u0161onuose ir dugno sutvirtinimas<br \/>\nVyriai su skl\u0105s\u010diu<br \/>\nApmu\u0161tas galv\u016bgalis<br \/>\nLova parduodama be naktini\u0173 staliuk\u0173<br \/>\nU\u017e papildom\u0105 mokest\u012f galima \u012fsigyti \u0161i\u0105 parinkt\u012f:<br \/>\nLovos r\u0117mas<br \/>\nSpalva: \u201eSans Grande Oak\u201c + \u010diu\u017einys<br \/>\nLova be \u010diu\u017einio \u2013 galima \u012fsigyti i\u0161 m\u016bs\u0173 \u010diu\u017eini\u0173 asortimento<\/p>","protected":false},"excerpt":{"rendered":"<p>Plotis [cm] 164,4<br \/>\n\u016agis [cm] 102,5<br \/>\ngylis [cm] 208,2<\/p>","protected":false},"featured_media":194847,"comment_status":"open","ping_status":"open","template":"","meta":[],"product_brand":[],"product_cat":[9652,5570],"product_tag":[],"class_list":{"0":"post-194846","1":"product","2":"type-product","3":"status-publish","4":"has-post-thumbnail","6":"product_cat-furniture-system-arden-laski","7":"product_cat-laski-meble","9":"first","10":"instock","11":"purchasable","12":"product-type-simple"},"_links":{"self":[{"href":"https:\/\/baldumarket.lt\/lt\/wp-json\/wp\/v2\/product\/194846","targetHints":{"allow":["GET"]}}],"collection":[{"href":"https:\/\/baldumarket.lt\/lt\/wp-json\/wp\/v2\/product"}],"about":[{"href":"https:\/\/baldumarket.lt\/lt\/wp-json\/wp\/v2\/types\/product"}],"replies":[{"embeddable":true,"href":"https:\/\/baldumarket.lt\/lt\/wp-json\/wp\/v2\/comments?post=194846"}],"wp:featuredmedia":[{"embeddable":true,"href":"https:\/\/baldumarket.lt\/lt\/wp-json\/wp\/v2\/media\/194847"}],"wp:attachment":[{"href":"https:\/\/baldumarket.lt\/lt\/wp-json\/wp\/v2\/media?parent=194846"}],"wp:term":[{"taxonomy":"product_brand","embeddable":true,"href":"https:\/\/baldumarket.lt\/lt\/wp-json\/wp\/v2\/product_brand?post=194846"},{"taxonomy":"product_cat","embeddable":true,"href":"https:\/\/baldumarket.lt\/lt\/wp-json\/wp\/v2\/product_cat?post=194846"},{"taxonomy":"product_tag","embeddable":true,"href":"https:\/\/baldumarket.lt\/lt\/wp-json\/wp\/v2\/product_tag?post=194846"}],"curies":[{"name":"wp","href":"https:\/\/api.w.org\/{rel}","templated":true}]}}