{"id":194823,"date":"2025-12-23T22:15:38","date_gmt":"2025-12-23T19:15:38","guid":{"rendered":"https:\/\/baldumarket.lt\/product\/komoda-z-szufladami-ryflowane-wstawki-138-6s-baltic\/"},"modified":"2026-03-23T16:12:30","modified_gmt":"2026-03-23T13:12:30","slug":"komoda-z-szufladami-ryflowane-wstawki-138-6s-baltic","status":"publish","type":"product","link":"https:\/\/baldumarket.lt\/lt\/product\/komoda-z-szufladami-ryflowane-wstawki-138-6s-baltic\/","title":{"rendered":"Komoda su grioveliais \u012fd\u0117klais 138 6S Baltic"},"content":{"rendered":"<p>\u201eBaltic\u201c kolekcija pasi\u017eymi unikaliu ir moderniu dizainu, tod\u0117l puikiai tinka bet kokiam interjerui, ne tik pal\u0117pei.<br \/>\nSpecifikacijos:<br \/>\nKorpusas: E05 laminuota med\u017eio dro\u017eli\u0173 plok\u0161t\u0117, 16 mm<br \/>\nKorpuso spalva: Baltijos \u0105\u017euolas<br \/>\nPriekin\u0117 dalis: E05 laminuota med\u017eio dro\u017eli\u0173 plok\u0161t\u0117, 16 mm + 18 mm MDF<br \/>\nPriekin\u0117s dalies spalva: Baltijos \u0105\u017euolas + juoda<br \/>\nHDF: auksinis \u0105\u017euolas<br \/>\nApvadas: ABS, derantis prie lentos<br \/>\nRankena: juodas metalas<br \/>\nKojel\u0117s: juodas metalas<br \/>\nVyriai: \u0161velniai u\u017esidarantys, u\u017ededami\/dvigubi<br \/>\nStal\u010di\u0173 b\u0117geliai: su rutuliniais guoliais, pilno i\u0161traukimo, \u0161velnaus u\u017edarymo<br \/>\nHDF stal\u010diai: auksinis \u0105\u017euolas<br \/>\nLED ap\u0161vietimas: naktiniuose staliukuose (\u012f komplekt\u0105 \u012feina), spintoje (neb\u016btina)<br \/>\n\u201eBaltic loft\u201c komoda \u2013 turi \u0161e\u0161is stal\u010dius.<\/p>","protected":false},"excerpt":{"rendered":"<p>Plotis [cm] 137,3<br \/>\n\u016agis [cm] 81,4<br \/>\ngylis [cm] 39,5<\/p>","protected":false},"featured_media":194824,"comment_status":"open","ping_status":"open","template":"","meta":[],"product_brand":[],"product_cat":[9655,5570],"product_tag":[],"class_list":{"0":"post-194823","1":"product","2":"type-product","3":"status-publish","4":"has-post-thumbnail","6":"product_cat-furniture-system-baltic-laski","7":"product_cat-laski-meble","9":"first","10":"instock","11":"purchasable","12":"product-type-simple"},"_links":{"self":[{"href":"https:\/\/baldumarket.lt\/lt\/wp-json\/wp\/v2\/product\/194823","targetHints":{"allow":["GET"]}}],"collection":[{"href":"https:\/\/baldumarket.lt\/lt\/wp-json\/wp\/v2\/product"}],"about":[{"href":"https:\/\/baldumarket.lt\/lt\/wp-json\/wp\/v2\/types\/product"}],"replies":[{"embeddable":true,"href":"https:\/\/baldumarket.lt\/lt\/wp-json\/wp\/v2\/comments?post=194823"}],"wp:featuredmedia":[{"embeddable":true,"href":"https:\/\/baldumarket.lt\/lt\/wp-json\/wp\/v2\/media\/194824"}],"wp:attachment":[{"href":"https:\/\/baldumarket.lt\/lt\/wp-json\/wp\/v2\/media?parent=194823"}],"wp:term":[{"taxonomy":"product_brand","embeddable":true,"href":"https:\/\/baldumarket.lt\/lt\/wp-json\/wp\/v2\/product_brand?post=194823"},{"taxonomy":"product_cat","embeddable":true,"href":"https:\/\/baldumarket.lt\/lt\/wp-json\/wp\/v2\/product_cat?post=194823"},{"taxonomy":"product_tag","embeddable":true,"href":"https:\/\/baldumarket.lt\/lt\/wp-json\/wp\/v2\/product_tag?post=194823"}],"curies":[{"name":"wp","href":"https:\/\/api.w.org\/{rel}","templated":true}]}}