{"id":194791,"date":"2025-12-23T22:14:49","date_gmt":"2025-12-23T19:14:49","guid":{"rendered":"https:\/\/baldumarket.lt\/product\/komoda-z-szufladami-muti-ryflowane-fronty-147-2d3s-czarny-mat\/"},"modified":"2026-03-23T16:12:30","modified_gmt":"2026-03-23T13:12:30","slug":"komoda-z-szufladami-muti-ryflowane-fronty-147-2d3s-czarny-mat","status":"publish","type":"product","link":"https:\/\/baldumarket.lt\/lt\/product\/komoda-z-szufladami-muti-ryflowane-fronty-147-2d3s-czarny-mat\/","title":{"rendered":"Komoda su daugiasluoksniais fasadais MUTI 147 2D3S juoda matin\u0117 spalva"},"content":{"rendered":"<p>\u201eMuti\u201c kolekcija suteiks j\u016bs\u0173 kambariui stiliaus. Funkcionalumo ir dizaino derinys.<br \/>\nSpecifikacijos:<br \/>\nKorpusas: 18 mm grioveliais dengta MDF plok\u0161t\u0117 + 16 mm E05 laminuota med\u017eio dro\u017eli\u0173 plok\u0161t\u0117<br \/>\nKorpuso spalva: juoda<br \/>\nPriekin\u0117 dalis: 18 mm grioveliais i\u0161klota MDF plok\u0161t\u0117<br \/>\nPriekin\u0117 spalva: juoda<br \/>\nHDF: juoda<br \/>\nBriauna: ABS, atitinkanti lentos spalv\u0105<br \/>\nRankena: n\u0117ra, atidaroma spustel\u0117jus<br \/>\nKojel\u0117s: metalin\u0117s, juodos<br \/>\nVyriai: dvigubi<br \/>\nStal\u010di\u0173 b\u0117geliai: su rutuliniais guoliais, pilno i\u0161traukimo<br \/>\nHDF stal\u010di\u0173 b\u0117geliai: juodi<br \/>\nKomoda su keliais stal\u010diais \u2013 turi dvi spinteles su lentynomis u\u017e j\u0173 ir tris stal\u010dius.<\/p>","protected":false},"excerpt":{"rendered":"<p>Plotis [cm] 147<br \/>\n\u016agis [cm] 81,2<br \/>\ngylis [cm] 39,8<\/p>","protected":false},"featured_media":194792,"comment_status":"open","ping_status":"open","template":"","meta":[],"product_brand":[],"product_cat":[9641,5570],"product_tag":[],"class_list":{"0":"post-194791","1":"product","2":"type-product","3":"status-publish","4":"has-post-thumbnail","6":"product_cat-furniture-system-muti-laski","7":"product_cat-laski-meble","9":"first","10":"instock","11":"purchasable","12":"product-type-simple"},"_links":{"self":[{"href":"https:\/\/baldumarket.lt\/lt\/wp-json\/wp\/v2\/product\/194791","targetHints":{"allow":["GET"]}}],"collection":[{"href":"https:\/\/baldumarket.lt\/lt\/wp-json\/wp\/v2\/product"}],"about":[{"href":"https:\/\/baldumarket.lt\/lt\/wp-json\/wp\/v2\/types\/product"}],"replies":[{"embeddable":true,"href":"https:\/\/baldumarket.lt\/lt\/wp-json\/wp\/v2\/comments?post=194791"}],"wp:featuredmedia":[{"embeddable":true,"href":"https:\/\/baldumarket.lt\/lt\/wp-json\/wp\/v2\/media\/194792"}],"wp:attachment":[{"href":"https:\/\/baldumarket.lt\/lt\/wp-json\/wp\/v2\/media?parent=194791"}],"wp:term":[{"taxonomy":"product_brand","embeddable":true,"href":"https:\/\/baldumarket.lt\/lt\/wp-json\/wp\/v2\/product_brand?post=194791"},{"taxonomy":"product_cat","embeddable":true,"href":"https:\/\/baldumarket.lt\/lt\/wp-json\/wp\/v2\/product_cat?post=194791"},{"taxonomy":"product_tag","embeddable":true,"href":"https:\/\/baldumarket.lt\/lt\/wp-json\/wp\/v2\/product_tag?post=194791"}],"curies":[{"name":"wp","href":"https:\/\/api.w.org\/{rel}","templated":true}]}}