{"id":19473,"date":"2025-11-14T11:22:54","date_gmt":"2025-11-14T08:22:54","guid":{"rendered":"https:\/\/baldumarket.lt\/product\/lazaro-31puf\/"},"modified":"2026-03-24T17:05:21","modified_gmt":"2026-03-24T14:05:21","slug":"lazaro-31puf","status":"publish","type":"product","link":"https:\/\/baldumarket.lt\/lt\/product\/lazaro-31puf\/","title":{"rendered":"Lazaro 3+1+pufas"},"content":{"rendered":"<p>\u201eLazaro\u201c poilsio komplektas \u2013 tai stilingi baldai, kurie sustiprins skoningo interjero dizaino patirt\u012f, darydami \u012ftak\u0105 tiek estetiniam patrauklumui, tiek maksimaliam komfortui ir patogumui. \u0160is komplektas pavers laik\u0105 namuose tikru malonumu. M\u016bs\u0173 baldai tikrai pritrauks d\u0117mes\u012f stilingu dygsniavimu ant s\u0117dyn\u0117s ir si\u016bl\u0117mis \u0161onuose. I\u0161skirtin\u0117s m\u016bs\u0173 245 x 97 x 85 cm sofos savyb\u0117s: unikali s\u0117dyn\u0117, u\u017epildyta T25 ir HR put\u0173 deriniu, kont\u016bruota atlo\u0161as, plat\u016bs porankiai ir platus spalv\u0173 pasirinkimas. Taip pat verta pamin\u0117ti, kad sof\u0105 galima greitai ir lengvai paversti 195 x 125 cm miegojimo pavir\u0161iumi. J\u0105 papildo patalyn\u0117s skyrius, padedantis automatinio DL i\u0161skleidimo mechanizmu. Taip pat verti pamin\u0117ti fotel\u012f ir puf\u0105. Pirmojo matmenys: 108 x 89 x 85 cm, o antrojo: 102 x 64 x 40 cm, leid\u017eia juos pritaikyti \u012fvairaus dyd\u017eio kambariams. Taip pat verta pamin\u0117ti, kad m\u016bs\u0173 pufas yra daugiafunkcis, nes gali b\u016bti transformuojamas \u012f papildom\u0105 s\u0117dyn\u0119, patogi\u0105 pakoj\u0105 ar net stal\u0105. Patogios s\u0117dyn\u0117s pagamintos i\u0161 vingiuot\u0173 spyruokli\u0173 ir HR+T21 putplas\u010dio, u\u017etikrinan\u010dio auk\u0161\u010diausi\u0105 komfort\u0105 naudojantis m\u016bs\u0173 100% baldais. \u201eLazaro\u201c komplektas yra gero stiliaus ir skonio kvintesencija. Tikrai verta j\u012f tur\u0117ti savo namuose.,<\/p>","protected":false},"excerpt":{"rendered":"<p>\u201eLazaro\u201c poilsio komplektas \u2013 tai stilingi baldai, kurie pagerins skoningo interjero dizaino patirt\u012f, darydami \u012ftak\u0105 tiek estetiniam patrauklumui, tiek maksimaliam komfortui ir patogumui. \u0160is komplektas pavers laik\u0105 namuose tikru malonumu. M\u016bs\u0173 baldai tikrai pritrauks d\u0117mes\u012f stilingu dygsniavimu ant s\u0117dyn\u0117s ir si\u016bl\u0117mis \u0161onuose. [\u2026]<\/p>","protected":false},"featured_media":19474,"comment_status":"open","ping_status":"open","template":"","meta":[],"product_brand":[],"product_cat":[2012,9172,660],"product_tag":[],"class_list":{"0":"post-19473","1":"product","2":"type-product","3":"status-publish","4":"has-post-thumbnail","6":"product_cat-eltap","7":"product_cat-zestawy-mebli-eltap","8":"product_cat-lounge-sets","9":"pa_frame-material-wood","10":"pa_frame-material-type-pine","11":"pa_leg-color-wood","12":"pa_leg-material-wood","13":"pa_linen-box-undefined","14":"pa_main-color-dark-brown","15":"pa_main-color-beige","16":"pa_main-color-black","17":"pa_main-color-dark-blue","18":"pa_main-color-dark-gray","19":"pa_main-color-dark-green","20":"pa_main-color-dark-purple","21":"pa_main-color-gray","22":"pa_main-color-green","23":"pa_main-color-light-brown","24":"pa_main-color-pink","25":"pa_main-color-red","26":"pa_main-color-yellow","27":"pa_price-group-prestige","28":"pa_price-group-classic","29":"pa_price-group-premium","30":"pa_seat-depth-1051","31":"pa_seat-width-undefined","32":"pa_sleep-function-yes","33":"pa_sleeping-area-length-683","34":"pa_sleeping-area-width-682","35":"pa_style-modern","36":"pa_textile-dora-28","37":"pa_textile-dora-21","38":"pa_textile-dora-63","39":"pa_textile-dora-95","40":"pa_textile-dora-96","41":"pa_textile-grande-81","42":"pa_textile-kronos-19","43":"pa_textile-mat-velvet-63","44":"pa_textile-mat-velvet-68","45":"pa_textile-mat-velvet-99","46":"pa_textile-monolith-09","47":"pa_textile-monolith-29","48":"pa_textile-monolith-37","49":"pa_textile-monolith-48","50":"pa_textile-monolith-76","51":"pa_textile-monolith-77","52":"pa_textile-monolith-79","53":"pa_textile-monolith-84","54":"pa_textile-monolith-97","55":"pa_textile-nube-24","56":"pa_textile-nube-33","57":"pa_textile-nube-4","58":"pa_textile-nube-5","59":"pa_textile-paros-02","60":"pa_textile-primo-89","61":"pa_upholstery-material-polyester","63":"first","64":"instock","65":"purchasable","66":"product-type-variable","67":"wvs-archive-product-wrapper"},"_links":{"self":[{"href":"https:\/\/baldumarket.lt\/lt\/wp-json\/wp\/v2\/product\/19473","targetHints":{"allow":["GET"]}}],"collection":[{"href":"https:\/\/baldumarket.lt\/lt\/wp-json\/wp\/v2\/product"}],"about":[{"href":"https:\/\/baldumarket.lt\/lt\/wp-json\/wp\/v2\/types\/product"}],"replies":[{"embeddable":true,"href":"https:\/\/baldumarket.lt\/lt\/wp-json\/wp\/v2\/comments?post=19473"}],"wp:featuredmedia":[{"embeddable":true,"href":"https:\/\/baldumarket.lt\/lt\/wp-json\/wp\/v2\/media\/19474"}],"wp:attachment":[{"href":"https:\/\/baldumarket.lt\/lt\/wp-json\/wp\/v2\/media?parent=19473"}],"wp:term":[{"taxonomy":"product_brand","embeddable":true,"href":"https:\/\/baldumarket.lt\/lt\/wp-json\/wp\/v2\/product_brand?post=19473"},{"taxonomy":"product_cat","embeddable":true,"href":"https:\/\/baldumarket.lt\/lt\/wp-json\/wp\/v2\/product_cat?post=19473"},{"taxonomy":"product_tag","embeddable":true,"href":"https:\/\/baldumarket.lt\/lt\/wp-json\/wp\/v2\/product_tag?post=19473"}],"curies":[{"name":"wp","href":"https:\/\/api.w.org\/{rel}","templated":true}]}}