{"id":194705,"date":"2025-12-23T22:11:28","date_gmt":"2025-12-23T19:11:28","guid":{"rendered":"https:\/\/baldumarket.lt\/product\/komoda-z-szafkami-i-szufladami-ryflowane-fronty-187-2d3s-senso-bez\/"},"modified":"2026-03-23T16:12:45","modified_gmt":"2026-03-23T13:12:45","slug":"komoda-z-szafkami-i-szufladami-ryflowane-fronty-187-2d3s-senso-bez","status":"publish","type":"product","link":"https:\/\/baldumarket.lt\/lt\/product\/komoda-z-szafkami-i-szufladami-ryflowane-fronty-187-2d3s-senso-bez\/","title":{"rendered":"Komoda su spintel\u0117mis ir stal\u010diais, grioveliais i\u0161rai\u017eyti fasadai 187 2D3S Senso sm\u0117lio spalvos"},"content":{"rendered":"<p>\u201eSenso\u201c kolekcija buvo sukurta atsi\u017evelgiant \u012f dabartines tendencijas \u2013 auk\u0161tos, sm\u0117lio spalvos kojel\u0117s, geometrin\u0117 forma ir sm\u0117lio spalva pabr\u0117\u017eia elegancij\u0105 ir modern\u0173 stili\u0173.<br \/>\nSpecifikacijos:<br \/>\nKorpusas: E05 laminuota med\u017eio dro\u017eli\u0173 plok\u0161t\u0117, 16 mm<br \/>\nKorpuso spalva: sm\u0117lio spalvos<br \/>\nPriekin\u0117 dalis: E05 laminuota med\u017eio dro\u017eli\u0173 plok\u0161t\u0117, 16 mm + 18 mm MDF<br \/>\nPriekin\u0117 spalva: sm\u0117lio spalvos<br \/>\nHDF: balta<br \/>\nApvadas: ABS, atitinkantis lentos spalv\u0105<br \/>\nRankena: n\u0117ra, atidaroma spustel\u0117jus<br \/>\nKojel\u0117s: metalin\u0117s, sm\u0117lio spalvos<br \/>\nVyriai: \u012fleid\u017eiami \/ dvigubi<br \/>\nStal\u010di\u0173 b\u0117geliai: su rutuliniais guoliais, pilno i\u0161traukimo<br \/>\nHDF stal\u010di\u0173 b\u0117geliai: balti<br \/>\nKomoda su grioveliais fasaduose 187 2D3S Senso \u2013 su dviem spintel\u0117mis, lentynomis u\u017e fasad\u0173 ir trimis stal\u010diais.<\/p>","protected":false},"excerpt":{"rendered":"<p>Plotis [cm] 187,1<br \/>\n\u016agis [cm] 81,4<br \/>\ngylis [cm] 39,5<\/p>","protected":false},"featured_media":194706,"comment_status":"open","ping_status":"open","template":"","meta":[],"product_brand":[],"product_cat":[9653,5570],"product_tag":[],"class_list":{"0":"post-194705","1":"product","2":"type-product","3":"status-publish","4":"has-post-thumbnail","6":"product_cat-furniture-system-senso-laski","7":"product_cat-laski-meble","9":"first","10":"instock","11":"purchasable","12":"product-type-simple"},"_links":{"self":[{"href":"https:\/\/baldumarket.lt\/lt\/wp-json\/wp\/v2\/product\/194705","targetHints":{"allow":["GET"]}}],"collection":[{"href":"https:\/\/baldumarket.lt\/lt\/wp-json\/wp\/v2\/product"}],"about":[{"href":"https:\/\/baldumarket.lt\/lt\/wp-json\/wp\/v2\/types\/product"}],"replies":[{"embeddable":true,"href":"https:\/\/baldumarket.lt\/lt\/wp-json\/wp\/v2\/comments?post=194705"}],"wp:featuredmedia":[{"embeddable":true,"href":"https:\/\/baldumarket.lt\/lt\/wp-json\/wp\/v2\/media\/194706"}],"wp:attachment":[{"href":"https:\/\/baldumarket.lt\/lt\/wp-json\/wp\/v2\/media?parent=194705"}],"wp:term":[{"taxonomy":"product_brand","embeddable":true,"href":"https:\/\/baldumarket.lt\/lt\/wp-json\/wp\/v2\/product_brand?post=194705"},{"taxonomy":"product_cat","embeddable":true,"href":"https:\/\/baldumarket.lt\/lt\/wp-json\/wp\/v2\/product_cat?post=194705"},{"taxonomy":"product_tag","embeddable":true,"href":"https:\/\/baldumarket.lt\/lt\/wp-json\/wp\/v2\/product_tag?post=194705"}],"curies":[{"name":"wp","href":"https:\/\/api.w.org\/{rel}","templated":true}]}}